{"id":1007,"date":"2025-08-24T09:15:34","date_gmt":"2025-08-24T07:15:34","guid":{"rendered":"https:\/\/doukatech.fr\/?page_id=1007"},"modified":"2026-03-24T05:49:14","modified_gmt":"2026-03-24T04:49:14","slug":"troisieme","status":"publish","type":"page","link":"https:\/\/doukatech.fr\/?page_id=1007","title":{"rendered":"Troisi\u00e8me"},"content":{"rendered":"\n<div class=\"wp-block-uagb-container uagb-block-07dd24c9 alignfull uagb-is-root-container\"><div class=\"uagb-container-inner-blocks-wrap\">\n<div class=\"wp-block-uagb-container uagb-block-edca9f13\">\n<div class=\"wp-block-uagb-container uagb-block-5f190d06\">\n<p class=\"has-white-color has-text-color has-link-color wp-elements-c549697b58721b4378afd7dc227db963\">L&rsquo;ann\u00e9e de troisi\u00e8me sera d\u00e9coup\u00e9e en quatre probl\u00e9matiques (chapitres).<\/p>\n<\/div>\n\n\n\n<div class=\"wp-block-uagb-container uagb-block-d7fcf8c3\">\n<p class=\"has-white-color has-text-color has-link-color wp-elements-bea9271bdc08c72703f9671ce4cd9b77\">Une probl\u00e9matique est \u00e9tudi\u00e9e entre 3 et 4 s\u00e9ances avec une synth\u00e8se \u00e0 la fin. Une \u00e9valuation des comp\u00e9tences est organis\u00e9e \u00e0 l&rsquo;issue.<\/p>\n<\/div>\n<\/div>\n\n\n\n<h2 class=\"wp-block-heading has-text-align-center has-ast-global-color-5-color has-text-color has-link-color has-large-font-size wp-elements-bf97e0e85ea6a6be528cd12d1563691f\">Cliquer sur les probl\u00e9matiques pour plus d&rsquo;informations.<\/h2>\n\n\n\n<div class=\"wp-block-uagb-container uagb-block-41dc7066\"><div class=\"uagb-container__shape uagb-container__shape-top\"><svg xmlns=\"https:\/\/www.w3.org\/2000\/svg\" viewBox=\"0 0 1000 100\" preserveAspectRatio=\"none\"><path class=\"uagb-container__shape-fill\" d=\"M761.9,44.1L643.1,27.2L333.8,98L0,3.8V0l1000,0v3.9\"><\/path><\/svg><\/div>\n<div class=\"wp-block-group is-nowrap is-layout-flex wp-container-core-group-is-layout-6c531013 wp-block-group-is-layout-flex\">\n<h2 class=\"wp-block-heading has-text-align-center has-vivid-green-cyan-color has-text-color has-link-color has-large-font-size wp-elements-7beb4cb4a4e33bde5a17a083def97aac\"><a href=\"https:\/\/doukatech.fr\/?page_id=1133\">Aide pour ranger ton classeur<\/a><\/h2>\n\n\n\n<figure class=\"wp-block-image size-medium is-style-rounded\"><a href=\"https:\/\/doukatech.fr\/?page_id=1133\"><img loading=\"lazy\" decoding=\"async\" width=\"300\" height=\"225\" src=\"https:\/\/doukatech.fr\/wp-content\/uploads\/2026\/01\/Image2-300x225.png\" alt=\"\" class=\"wp-image-1122\" style=\"object-fit:cover\" srcset=\"https:\/\/doukatech.fr\/wp-content\/uploads\/2026\/01\/Image2-300x225.png 300w, https:\/\/doukatech.fr\/wp-content\/uploads\/2026\/01\/Image2.png 474w\" sizes=\"auto, (max-width: 300px) 100vw, 300px\" \/><\/a><\/figure>\n<\/div>\n<\/div>\n\n\n\n<div class=\"wp-block-uagb-container uagb-block-e2bf6765\"><div class=\"uagb-container__shape uagb-container__shape-top\"><svg xmlns=\"https:\/\/www.w3.org\/2000\/svg\" viewBox=\"0 0 1000 100\" preserveAspectRatio=\"none\"><path class=\"uagb-container__shape-fill\" d=\"M761.9,44.1L643.1,27.2L333.8,98L0,3.8V0l1000,0v3.9\"><\/path><\/svg><\/div>\n<div class=\"wp-block-group is-nowrap is-layout-flex wp-container-core-group-is-layout-6c531013 wp-block-group-is-layout-flex\">\n<h2 class=\"wp-block-heading has-text-align-center has-ast-global-color-7-color has-text-color has-link-color wp-elements-3dc30f7a52f6d3854a11834cb4d5c207\">PB1 <br><a href=\"https:\/\/doukatech.fr\/?page_id=1019\" data-type=\"page\" data-id=\"1019\">Le concours D\u00e9fitBilles<\/a><\/h2>\n\n\n\n<figure class=\"wp-block-image size-medium is-style-rounded\"><a href=\"https:\/\/doukatech.fr\/?page_id=1019\"><img loading=\"lazy\" decoding=\"async\" width=\"300\" height=\"300\" src=\"https:\/\/doukatech.fr\/wp-content\/uploads\/2025\/08\/3pb1b-Personnalise-Personnalise-300x300.png\" alt=\"\" class=\"wp-image-1009\" style=\"object-fit:cover\" srcset=\"https:\/\/doukatech.fr\/wp-content\/uploads\/2025\/08\/3pb1b-Personnalise-Personnalise-300x300.png 300w, https:\/\/doukatech.fr\/wp-content\/uploads\/2025\/08\/3pb1b-Personnalise-Personnalise-150x150.png 150w, https:\/\/doukatech.fr\/wp-content\/uploads\/2025\/08\/3pb1b-Personnalise-Personnalise.png 400w\" sizes=\"auto, (max-width: 300px) 100vw, 300px\" \/><\/a><\/figure>\n<\/div>\n<\/div>\n\n\n\n<div class=\"wp-block-uagb-container uagb-block-91ac3ae8\"><div class=\"uagb-container__shape uagb-container__shape-top\"><svg xmlns=\"https:\/\/www.w3.org\/2000\/svg\" viewBox=\"0 0 937.5 120\" preserveAspectRatio=\"none\"><path class=\"uagb-container__shape-fill\" d=\"M937,129.8V-0.1H0v129.9C0,62.6,209.6,8.2,468.4,8.2S936.9,62.6,937,129.8z\"><\/path><\/svg><\/div>\n<div class=\"wp-block-group is-nowrap is-layout-flex wp-container-core-group-is-layout-6c531013 wp-block-group-is-layout-flex\">\n<h2 class=\"wp-block-heading has-text-align-center has-ast-global-color-7-color has-text-color has-link-color wp-elements-6ddc4050e75670947492cd5d4a6ae612\">PB2<br><a href=\"https:\/\/doukatech.fr\/?page_id=1098\">R\u00e9vision pour le DNB Blanc<\/a><\/h2>\n\n\n\n<figure class=\"wp-block-image size-medium is-style-rounded\"><a href=\"https:\/\/doukatech.fr\/?page_id=1098\"><img loading=\"lazy\" decoding=\"async\" width=\"300\" height=\"300\" src=\"https:\/\/doukatech.fr\/wp-content\/uploads\/2025\/08\/3pb2-Personnalise-300x300.png\" alt=\"\" class=\"wp-image-1010\" style=\"object-fit:cover\" srcset=\"https:\/\/doukatech.fr\/wp-content\/uploads\/2025\/08\/3pb2-Personnalise-300x300.png 300w, https:\/\/doukatech.fr\/wp-content\/uploads\/2025\/08\/3pb2-Personnalise-150x150.png 150w, https:\/\/doukatech.fr\/wp-content\/uploads\/2025\/08\/3pb2-Personnalise.png 400w\" sizes=\"auto, (max-width: 300px) 100vw, 300px\" \/><\/a><\/figure>\n<\/div>\n<\/div>\n\n\n\n<div class=\"wp-block-uagb-container uagb-block-241f34b5\"><div class=\"uagb-container__shape uagb-container__shape-top\"><svg xmlns=\"https:\/\/www.w3.org\/2000\/svg\" viewBox=\"0 0 2600 131.1\" preserveAspectRatio=\"none\"><path class=\"uagb-container__shape-fill\" d=\"M0 0L2600 0 2600 69.1 0 0z\"><\/path><path class=\"uagb-container__shape-fill\" opacity=\"0.5\" d=\"M0 0L2600 0 2600 69.1 0 69.1z\"><\/path><path class=\"uagb-container__shape-fill\" opacity=\"0.25\" d=\"M2600 0L0 0 0 130.1 2600 69.1z\"><\/path><\/svg><\/div>\n<div class=\"wp-block-group is-nowrap is-layout-flex wp-container-core-group-is-layout-6c531013 wp-block-group-is-layout-flex\">\n<h2 class=\"wp-block-heading has-text-align-center has-ast-global-color-7-color has-text-color has-link-color wp-elements-78203496ac091ca071683dcdf81a071f\">PB3<br><a href=\"https:\/\/doukatech.fr\/?page_id=1108\">Le concours D\u00e9fitLaser<\/a><\/h2>\n\n\n\n<figure class=\"wp-block-image size-medium is-style-rounded\"><a href=\"https:\/\/doukatech.fr\/?page_id=1108\"><img loading=\"lazy\" decoding=\"async\" width=\"300\" height=\"300\" src=\"https:\/\/doukatech.fr\/wp-content\/uploads\/2025\/08\/3pb3-Personnalise-300x300.png\" alt=\"\" class=\"wp-image-1011\" srcset=\"https:\/\/doukatech.fr\/wp-content\/uploads\/2025\/08\/3pb3-Personnalise-300x300.png 300w, https:\/\/doukatech.fr\/wp-content\/uploads\/2025\/08\/3pb3-Personnalise-150x150.png 150w, https:\/\/doukatech.fr\/wp-content\/uploads\/2025\/08\/3pb3-Personnalise.png 400w\" sizes=\"auto, (max-width: 300px) 100vw, 300px\" \/><\/a><\/figure>\n<\/div>\n<\/div>\n\n\n\n<div class=\"wp-block-uagb-container uagb-block-e0db99c2\"><div class=\"uagb-container__shape uagb-container__shape-top\"><svg xmlns=\"https:\/\/www.w3.org\/2000\/svg\" viewBox=\"0 0 283.5 27.8\" preserveAspectRatio=\"none\"><path class=\"uagb-container__shape-fill\" d=\"M283.5,9.7c0,0-7.3,4.3-14,4.6c-6.8,0.3-12.6,0-20.9-1.5c-11.3-2-33.1-10.1-44.7-5.7\ts-12.1,4.6-18,7.4c-6.6,3.2-20,9.6-36.6,9.3C131.6,23.5,99.5,7.2,86.3,8c-1.4,0.1-6.6,0.8-10.5,2c-3.8,1.2-9.4,3.8-17,4.7\tc-3.2,0.4-8.3,1.1-14.2,0.9c-1.5-0.1-6.3-0.4-12-1.6c-5.7-1.2-11-3.1-15.8-3.7C6.5,9.2,0,10.8,0,10.8V0h283.5V9.7z M260.8,11.3\tc-0.7-1-2-0.4-4.3-0.4c-2.3,0-6.1-1.2-5.8-1.1c0.3,0.1,3.1,1.5,6,1.9C259.7,12.2,261.4,12.3,260.8,11.3z M242.4,8.6\tc0,0-2.4-0.2-5.6-0.9c-3.2-0.8-10.3-2.8-15.1-3.5c-8.2-1.1-15.8,0-15.1,0.1c0.8,0.1,9.6-0.6,17.6,1.1c3.3,0.7,9.3,2.2,12.4,2.7\tC239.9,8.7,242.4,8.6,242.4,8.6z M185.2,8.5c1.7-0.7-13.3,4.7-18.5,6.1c-2.1,0.6-6.2,1.6-10,2c-3.9,0.4-8.9,0.4-8.8,0.5\tc0,0.2,5.8,0.8,11.2,0c5.4-0.8,5.2-1.1,7.6-1.6C170.5,14.7,183.5,9.2,185.2,8.5z M199.1,6.9c0.2,0-0.8-0.4-4.8,1.1\tc-4,1.5-6.7,3.5-6.9,3.7c-0.2,0.1,3.5-1.8,6.6-3C197,7.5,199,6.9,199.1,6.9z M283,6c-0.1,0.1-1.9,1.1-4.8,2.5s-6.9,2.8-6.7,2.7\tc0.2,0,3.5-0.6,7.4-2.5C282.8,6.8,283.1,5.9,283,6z M31.3,11.6c0.1-0.2-1.9-0.2-4.5-1.2s-5.4-1.6-7.8-2C15,7.6,7.3,8.5,7.7,8.6\tC8,8.7,15.9,8.3,20.2,9.3c2.2,0.5,2.4,0.5,5.7,1.6S31.2,11.9,31.3,11.6z M73,9.2c0.4-0.1,3.5-1.6,8.4-2.6c4.9-1.1,8.9-0.5,8.9-0.8\tc0-0.3-1-0.9-6.2-0.3S72.6,9.3,73,9.2z M71.6,6.7C71.8,6.8,75,5.4,77.3,5c2.3-0.3,1.9-0.5,1.9-0.6c0-0.1-1.1-0.2-2.7,0.2\tC74.8,5.1,71.4,6.6,71.6,6.7z M93.6,4.4c0.1,0.2,3.5,0.8,5.6,1.8c2.1,1,1.8,0.6,1.9,0.5c0.1-0.1-0.8-0.8-2.4-1.3\tC97.1,4.8,93.5,4.2,93.6,4.4z M65.4,11.1c-0.1,0.3,0.3,0.5,1.9-0.2s2.6-1.3,2.2-1.2s-0.9,0.4-2.5,0.8C65.3,10.9,65.5,10.8,65.4,11.1\tz M34.5,12.4c-0.2,0,2.1,0.8,3.3,0.9c1.2,0.1,2,0.1,2-0.2c0-0.3-0.1-0.5-1.6-0.4C36.6,12.8,34.7,12.4,34.5,12.4z M152.2,21.1\tc-0.1,0.1-2.4-0.3-7.5-0.3c-5,0-13.6-2.4-17.2-3.5c-3.6-1.1,10,3.9,16.5,4.1C150.5,21.6,152.3,21,152.2,21.1z\"><\/path><path class=\"uagb-container__shape-fill\" d=\"M269.6,18c-0.1-0.1-4.6,0.3-7.2,0c-7.3-0.7-17-3.2-16.6-2.9c0.4,0.3,13.7,3.1,17,3.3\tC267.7,18.8,269.7,18,269.6,18z\"><\/path><path class=\"uagb-container__shape-fill\" d=\"M227.4,9.8c-0.2-0.1-4.5-1-9.5-1.2c-5-0.2-12.7,0.6-12.3,0.5c0.3-0.1,5.9-1.8,13.3-1.2\tS227.6,9.9,227.4,9.8z\"><\/path><path class=\"uagb-container__shape-fill\" d=\"M204.5,13.4c-0.1-0.1,2-1,3.2-1.1c1.2-0.1,2,0,2,0.3c0,0.3-0.1,0.5-1.6,0.4\tC206.4,12.9,204.6,13.5,204.5,13.4z\"><\/path><path class=\"uagb-container__shape-fill\" d=\"M201,10.6c0-0.1-4.4,1.2-6.3,2.2c-1.9,0.9-6.2,3.1-6.1,3.1c0.1,0.1,4.2-1.6,6.3-2.6\tS201,10.7,201,10.6z\"><\/path><path class=\"uagb-container__shape-fill\" d=\"M154.5,26.7c-0.1-0.1-4.6,0.3-7.2,0c-7.3-0.7-17-3.2-16.6-2.9c0.4,0.3,13.7,3.1,17,3.3\tC152.6,27.5,154.6,26.8,154.5,26.7z\"><\/path><path class=\"uagb-container__shape-fill\" d=\"M41.9,19.3c0,0,1.2-0.3,2.9-0.1c1.7,0.2,5.8,0.9,8.2,0.7c4.2-0.4,7.4-2.7,7-2.6\tc-0.4,0-4.3,2.2-8.6,1.9c-1.8-0.1-5.1-0.5-6.7-0.4S41.9,19.3,41.9,19.3z\"><\/path><path class=\"uagb-container__shape-fill\" d=\"M75.5,12.6c0.2,0.1,2-0.8,4.3-1.1c2.3-0.2,2.1-0.3,2.1-0.5c0-0.1-1.8-0.4-3.4,0\tC76.9,11.5,75.3,12.5,75.5,12.6z\"><\/path><path class=\"uagb-container__shape-fill\" d=\"M15.6,13.2c0-0.1,4.3,0,6.7,0.5c2.4,0.5,5,1.9,5,2c0,0.1-2.7-0.8-5.1-1.4\tC19.9,13.7,15.7,13.3,15.6,13.2z\"><\/path><\/svg><\/div>\n<div class=\"wp-block-group is-nowrap is-layout-flex wp-container-core-group-is-layout-6c531013 wp-block-group-is-layout-flex\">\n<h2 class=\"wp-block-heading has-text-align-center has-ast-global-color-7-color has-text-color has-link-color wp-elements-afbf52a59c6dafe7be67066055d714d5\">PB4<br>L&rsquo;Intelligence Artificielle<\/h2>\n\n\n\n<figure class=\"wp-block-image size-medium is-style-rounded\"><img loading=\"lazy\" decoding=\"async\" width=\"300\" height=\"300\" src=\"https:\/\/doukatech.fr\/wp-content\/uploads\/2025\/08\/3pb4-Personnalise-300x300.png\" alt=\"\" class=\"wp-image-1012\" srcset=\"https:\/\/doukatech.fr\/wp-content\/uploads\/2025\/08\/3pb4-Personnalise-300x300.png 300w, https:\/\/doukatech.fr\/wp-content\/uploads\/2025\/08\/3pb4-Personnalise-150x150.png 150w, https:\/\/doukatech.fr\/wp-content\/uploads\/2025\/08\/3pb4-Personnalise.png 400w\" sizes=\"auto, (max-width: 300px) 100vw, 300px\" \/><\/figure>\n<\/div>\n<\/div>\n\n\n\n<div class=\"wp-block-uagb-container uagb-block-704ce6a8\"><div class=\"uagb-container__shape uagb-container__shape-top\"><svg xmlns=\"https:\/\/www.w3.org\/2000\/svg\" viewBox=\"0 0 283.5 27.8\" preserveAspectRatio=\"none\"><path class=\"uagb-container__shape-fill\" d=\"M283.5,9.7c0,0-7.3,4.3-14,4.6c-6.8,0.3-12.6,0-20.9-1.5c-11.3-2-33.1-10.1-44.7-5.7\ts-12.1,4.6-18,7.4c-6.6,3.2-20,9.6-36.6,9.3C131.6,23.5,99.5,7.2,86.3,8c-1.4,0.1-6.6,0.8-10.5,2c-3.8,1.2-9.4,3.8-17,4.7\tc-3.2,0.4-8.3,1.1-14.2,0.9c-1.5-0.1-6.3-0.4-12-1.6c-5.7-1.2-11-3.1-15.8-3.7C6.5,9.2,0,10.8,0,10.8V0h283.5V9.7z M260.8,11.3\tc-0.7-1-2-0.4-4.3-0.4c-2.3,0-6.1-1.2-5.8-1.1c0.3,0.1,3.1,1.5,6,1.9C259.7,12.2,261.4,12.3,260.8,11.3z M242.4,8.6\tc0,0-2.4-0.2-5.6-0.9c-3.2-0.8-10.3-2.8-15.1-3.5c-8.2-1.1-15.8,0-15.1,0.1c0.8,0.1,9.6-0.6,17.6,1.1c3.3,0.7,9.3,2.2,12.4,2.7\tC239.9,8.7,242.4,8.6,242.4,8.6z M185.2,8.5c1.7-0.7-13.3,4.7-18.5,6.1c-2.1,0.6-6.2,1.6-10,2c-3.9,0.4-8.9,0.4-8.8,0.5\tc0,0.2,5.8,0.8,11.2,0c5.4-0.8,5.2-1.1,7.6-1.6C170.5,14.7,183.5,9.2,185.2,8.5z M199.1,6.9c0.2,0-0.8-0.4-4.8,1.1\tc-4,1.5-6.7,3.5-6.9,3.7c-0.2,0.1,3.5-1.8,6.6-3C197,7.5,199,6.9,199.1,6.9z M283,6c-0.1,0.1-1.9,1.1-4.8,2.5s-6.9,2.8-6.7,2.7\tc0.2,0,3.5-0.6,7.4-2.5C282.8,6.8,283.1,5.9,283,6z M31.3,11.6c0.1-0.2-1.9-0.2-4.5-1.2s-5.4-1.6-7.8-2C15,7.6,7.3,8.5,7.7,8.6\tC8,8.7,15.9,8.3,20.2,9.3c2.2,0.5,2.4,0.5,5.7,1.6S31.2,11.9,31.3,11.6z M73,9.2c0.4-0.1,3.5-1.6,8.4-2.6c4.9-1.1,8.9-0.5,8.9-0.8\tc0-0.3-1-0.9-6.2-0.3S72.6,9.3,73,9.2z M71.6,6.7C71.8,6.8,75,5.4,77.3,5c2.3-0.3,1.9-0.5,1.9-0.6c0-0.1-1.1-0.2-2.7,0.2\tC74.8,5.1,71.4,6.6,71.6,6.7z M93.6,4.4c0.1,0.2,3.5,0.8,5.6,1.8c2.1,1,1.8,0.6,1.9,0.5c0.1-0.1-0.8-0.8-2.4-1.3\tC97.1,4.8,93.5,4.2,93.6,4.4z M65.4,11.1c-0.1,0.3,0.3,0.5,1.9-0.2s2.6-1.3,2.2-1.2s-0.9,0.4-2.5,0.8C65.3,10.9,65.5,10.8,65.4,11.1\tz M34.5,12.4c-0.2,0,2.1,0.8,3.3,0.9c1.2,0.1,2,0.1,2-0.2c0-0.3-0.1-0.5-1.6-0.4C36.6,12.8,34.7,12.4,34.5,12.4z M152.2,21.1\tc-0.1,0.1-2.4-0.3-7.5-0.3c-5,0-13.6-2.4-17.2-3.5c-3.6-1.1,10,3.9,16.5,4.1C150.5,21.6,152.3,21,152.2,21.1z\"><\/path><path class=\"uagb-container__shape-fill\" d=\"M269.6,18c-0.1-0.1-4.6,0.3-7.2,0c-7.3-0.7-17-3.2-16.6-2.9c0.4,0.3,13.7,3.1,17,3.3\tC267.7,18.8,269.7,18,269.6,18z\"><\/path><path class=\"uagb-container__shape-fill\" d=\"M227.4,9.8c-0.2-0.1-4.5-1-9.5-1.2c-5-0.2-12.7,0.6-12.3,0.5c0.3-0.1,5.9-1.8,13.3-1.2\tS227.6,9.9,227.4,9.8z\"><\/path><path class=\"uagb-container__shape-fill\" d=\"M204.5,13.4c-0.1-0.1,2-1,3.2-1.1c1.2-0.1,2,0,2,0.3c0,0.3-0.1,0.5-1.6,0.4\tC206.4,12.9,204.6,13.5,204.5,13.4z\"><\/path><path class=\"uagb-container__shape-fill\" d=\"M201,10.6c0-0.1-4.4,1.2-6.3,2.2c-1.9,0.9-6.2,3.1-6.1,3.1c0.1,0.1,4.2-1.6,6.3-2.6\tS201,10.7,201,10.6z\"><\/path><path class=\"uagb-container__shape-fill\" d=\"M154.5,26.7c-0.1-0.1-4.6,0.3-7.2,0c-7.3-0.7-17-3.2-16.6-2.9c0.4,0.3,13.7,3.1,17,3.3\tC152.6,27.5,154.6,26.8,154.5,26.7z\"><\/path><path class=\"uagb-container__shape-fill\" d=\"M41.9,19.3c0,0,1.2-0.3,2.9-0.1c1.7,0.2,5.8,0.9,8.2,0.7c4.2-0.4,7.4-2.7,7-2.6\tc-0.4,0-4.3,2.2-8.6,1.9c-1.8-0.1-5.1-0.5-6.7-0.4S41.9,19.3,41.9,19.3z\"><\/path><path class=\"uagb-container__shape-fill\" d=\"M75.5,12.6c0.2,0.1,2-0.8,4.3-1.1c2.3-0.2,2.1-0.3,2.1-0.5c0-0.1-1.8-0.4-3.4,0\tC76.9,11.5,75.3,12.5,75.5,12.6z\"><\/path><path class=\"uagb-container__shape-fill\" d=\"M15.6,13.2c0-0.1,4.3,0,6.7,0.5c2.4,0.5,5,1.9,5,2c0,0.1-2.7-0.8-5.1-1.4\tC19.9,13.7,15.7,13.3,15.6,13.2z\"><\/path><\/svg><\/div>\n<div class=\"wp-block-group is-nowrap is-layout-flex wp-container-core-group-is-layout-6c531013 wp-block-group-is-layout-flex\">\n<h2 class=\"wp-block-heading has-text-align-center has-ast-global-color-7-color has-text-color has-link-color wp-elements-001582532fc3bbcd64fb22b50cbc54fe\">Annexes<br><a href=\"https:\/\/doukatech.fr\/?page_id=692\" data-type=\"page\" data-id=\"692\">R\u00e9visions DNB de Juin<\/a><\/h2>\n\n\n\n<figure class=\"wp-block-image size-medium is-style-rounded\"><a href=\"https:\/\/doukatech.fr\/?page_id=692\"><img loading=\"lazy\" decoding=\"async\" width=\"300\" height=\"300\" src=\"https:\/\/doukatech.fr\/wp-content\/uploads\/2025\/08\/3annexe-Personnalise-300x300.png\" alt=\"\" class=\"wp-image-1015\" srcset=\"https:\/\/doukatech.fr\/wp-content\/uploads\/2025\/08\/3annexe-Personnalise-300x300.png 300w, https:\/\/doukatech.fr\/wp-content\/uploads\/2025\/08\/3annexe-Personnalise-150x150.png 150w, https:\/\/doukatech.fr\/wp-content\/uploads\/2025\/08\/3annexe-Personnalise.png 400w\" sizes=\"auto, (max-width: 300px) 100vw, 300px\" \/><\/a><\/figure>\n<\/div>\n<\/div>\n<\/div><\/div>\n\n\n\n<p><\/p>\n","protected":false},"excerpt":{"rendered":"<p>L&rsquo;ann\u00e9e de troisi\u00e8me sera d\u00e9coup\u00e9e en quatre probl\u00e9matiques (chapitres). Une probl\u00e9matique est \u00e9tudi\u00e9e entre 3 et 4 s\u00e9ances avec une synth\u00e8se \u00e0 la fin. Une \u00e9valuation des comp\u00e9tences est organis\u00e9e \u00e0 l&rsquo;issue. Cliquer sur les probl\u00e9matiques pour plus d&rsquo;informations. Aide pour ranger ton classeur PB1 Le concours D\u00e9fitBilles PB2R\u00e9vision pour le DNB Blanc PB3Le concours [&hellip;]<\/p>\n","protected":false},"author":1,"featured_media":0,"parent":115,"menu_order":2,"comment_status":"closed","ping_status":"closed","template":"","meta":{"_uag_custom_page_level_css":"","site-sidebar-layout":"default","site-content-layout":"","ast-site-content-layout":"","site-content-style":"default","site-sidebar-style":"default","ast-global-header-display":"","ast-banner-title-visibility":"","ast-main-header-display":"","ast-hfb-above-header-display":"","ast-hfb-below-header-display":"","ast-hfb-mobile-header-display":"","site-post-title":"","ast-breadcrumbs-content":"","ast-featured-img":"","footer-sml-layout":"","theme-transparent-header-meta":"","adv-header-id-meta":"","stick-header-meta":"","header-above-stick-meta":"","header-main-stick-meta":"","header-below-stick-meta":"","astra-migrate-meta-layouts":"default","ast-page-background-enabled":"default","ast-page-background-meta":{"desktop":{"background-color":"var(--ast-global-color-4)","background-image":"","background-repeat":"repeat","background-position":"center center","background-size":"auto","background-attachment":"scroll","background-type":"","background-media":"","overlay-type":"","overlay-color":"","overlay-opacity":"","overlay-gradient":""},"tablet":{"background-color":"","background-image":"","background-repeat":"repeat","background-position":"center center","background-size":"auto","background-attachment":"scroll","background-type":"","background-media":"","overlay-type":"","overlay-color":"","overlay-opacity":"","overlay-gradient":""},"mobile":{"background-color":"","background-image":"","background-repeat":"repeat","background-position":"center center","background-size":"auto","background-attachment":"scroll","background-type":"","background-media":"","overlay-type":"","overlay-color":"","overlay-opacity":"","overlay-gradient":""}},"ast-content-background-meta":{"desktop":{"background-color":"var(--ast-global-color-5)","background-image":"","background-repeat":"repeat","background-position":"center center","background-size":"auto","background-attachment":"scroll","background-type":"","background-media":"","overlay-type":"","overlay-color":"","overlay-opacity":"","overlay-gradient":""},"tablet":{"background-color":"var(--ast-global-color-5)","background-image":"","background-repeat":"repeat","background-position":"center center","background-size":"auto","background-attachment":"scroll","background-type":"","background-media":"","overlay-type":"","overlay-color":"","overlay-opacity":"","overlay-gradient":""},"mobile":{"background-color":"var(--ast-global-color-5)","background-image":"","background-repeat":"repeat","background-position":"center center","background-size":"auto","background-attachment":"scroll","background-type":"","background-media":"","overlay-type":"","overlay-color":"","overlay-opacity":"","overlay-gradient":""}},"footnotes":""},"class_list":["post-1007","page","type-page","status-publish","hentry"],"uagb_featured_image_src":{"full":false,"thumbnail":false,"medium":false,"medium_large":false,"large":false,"1536x1536":false,"2048x2048":false},"uagb_author_info":{"display_name":"Drapeau","author_link":"https:\/\/doukatech.fr\/?author=1"},"uagb_comment_info":0,"uagb_excerpt":"L&rsquo;ann\u00e9e de troisi\u00e8me sera d\u00e9coup\u00e9e en quatre probl\u00e9matiques (chapitres). Une probl\u00e9matique est \u00e9tudi\u00e9e entre 3 et 4 s\u00e9ances avec une synth\u00e8se \u00e0 la fin. Une \u00e9valuation des comp\u00e9tences est organis\u00e9e \u00e0 l&rsquo;issue. Cliquer sur les probl\u00e9matiques pour plus d&rsquo;informations. Aide pour ranger ton classeur PB1 Le concours D\u00e9fitBilles PB2R\u00e9vision pour le DNB Blanc PB3Le concours\u2026","_links":{"self":[{"href":"https:\/\/doukatech.fr\/index.php?rest_route=\/wp\/v2\/pages\/1007","targetHints":{"allow":["GET"]}}],"collection":[{"href":"https:\/\/doukatech.fr\/index.php?rest_route=\/wp\/v2\/pages"}],"about":[{"href":"https:\/\/doukatech.fr\/index.php?rest_route=\/wp\/v2\/types\/page"}],"author":[{"embeddable":true,"href":"https:\/\/doukatech.fr\/index.php?rest_route=\/wp\/v2\/users\/1"}],"replies":[{"embeddable":true,"href":"https:\/\/doukatech.fr\/index.php?rest_route=%2Fwp%2Fv2%2Fcomments&post=1007"}],"version-history":[{"count":11,"href":"https:\/\/doukatech.fr\/index.php?rest_route=\/wp\/v2\/pages\/1007\/revisions"}],"predecessor-version":[{"id":1177,"href":"https:\/\/doukatech.fr\/index.php?rest_route=\/wp\/v2\/pages\/1007\/revisions\/1177"}],"up":[{"embeddable":true,"href":"https:\/\/doukatech.fr\/index.php?rest_route=\/wp\/v2\/pages\/115"}],"wp:attachment":[{"href":"https:\/\/doukatech.fr\/index.php?rest_route=%2Fwp%2Fv2%2Fmedia&parent=1007"}],"curies":[{"name":"wp","href":"https:\/\/api.w.org\/{rel}","templated":true}]}}