{"id":1098,"date":"2025-12-07T15:28:27","date_gmt":"2025-12-07T14:28:27","guid":{"rendered":"https:\/\/doukatech.fr\/?page_id=1098"},"modified":"2025-12-07T15:28:27","modified_gmt":"2025-12-07T14:28:27","slug":"pb2-se-preparer-au-dnb-blanc","status":"publish","type":"page","link":"https:\/\/doukatech.fr\/?page_id=1098","title":{"rendered":"Pb2 &#8211; Se pr\u00e9parer au DNB blanc"},"content":{"rendered":"\n<div class=\"wp-block-uagb-container uagb-block-07dd24c9 alignfull uagb-is-root-container\"><div class=\"uagb-container-inner-blocks-wrap\">\n<div class=\"wp-block-uagb-container uagb-block-91ac3ae8\">\n<h2 class=\"wp-block-heading has-ast-global-color-7-color has-text-color has-link-color wp-elements-b483cf081dba8cc059f7d23848def856\">Pb2 &#8211; Se pr\u00e9parer au DNB blanc<\/h2>\n\n\n\n<h2 class=\"wp-block-heading has-ast-global-color-4-color has-text-color has-link-color has-large-font-size wp-elements-8fca65f30ff74a759e2b07901b37d6c1\" style=\"padding-right:0;padding-left:0\">S\u00e9ance 1 : Le mur v\u00e9g\u00e9tal<\/h2>\n\n\n\n<h2 class=\"wp-block-heading has-ast-global-color-3-color has-text-color has-link-color has-medium-font-size wp-elements-afe1b8f1b6b1ba611d733a960160273b\" style=\"margin-top:0px;margin-bottom:0px;padding-top:0px;padding-right:0rem;padding-bottom:0px;padding-left:0rem;font-style:italic;font-weight:200\">Les \u00e9l\u00e8ves d\u00e9couvrent un DNB officiel et travaillent dessus.<\/h2>\n\n\n\n<div class=\"wp-block-group is-nowrap is-layout-flex wp-container-core-group-is-layout-6c531013 wp-block-group-is-layout-flex\">\n<div class=\"wp-block-uagb-container uagb-block-29011c34\">\n<h2 class=\"wp-block-heading has-text-align-center has-white-color has-text-color has-link-color has-medium-font-size wp-elements-950284e79c1207e57baa9c8ee4099eb0\">Feuille ressource<\/h2>\n\n\n\n<div class=\"wp-block-columns is-layout-flex wp-container-core-columns-is-layout-28f84493 wp-block-columns-is-layout-flex\">\n<div class=\"wp-block-column is-layout-flow wp-block-column-is-layout-flow\" style=\"flex-basis:100%\">\n<div data-wp-interactive=\"core\/file\" class=\"wp-block-file\"><object data-wp-bind--hidden=\"!state.hasPdfPreview\" hidden class=\"wp-block-file__embed\" data=\"https:\/\/doukatech.fr\/wp-content\/uploads\/2025\/12\/3Pb2-S1-Ressource-Mur-vegetal.pdf\" type=\"application\/pdf\" style=\"width:100%;height:200px\" aria-label=\"Contenu embarqu\u00e9 3Pb2-S1 - Ressource - Mur v\u00e9g\u00e9tal.\"><\/object><a id=\"wp-block-file--media-435877d8-b68b-43c4-b24a-a0b418497757\" href=\"https:\/\/doukatech.fr\/wp-content\/uploads\/2025\/12\/3Pb2-S1-Ressource-Mur-vegetal.pdf\">3Pb2-S1 &#8211; Ressource &#8211; Mur v\u00e9g\u00e9tal<\/a><\/div>\n<\/div>\n<\/div>\n<\/div>\n\n\n\n<div class=\"wp-block-uagb-container uagb-block-d8666a6c\">\n<h2 class=\"wp-block-heading has-text-align-center has-white-color has-text-color has-link-color has-medium-font-size wp-elements-041033184e311f4cb4542dd48725deb9\">Feuille r\u00e9ponses<\/h2>\n\n\n\n<div class=\"wp-block-columns is-layout-flex wp-container-core-columns-is-layout-28f84493 wp-block-columns-is-layout-flex\">\n<div class=\"wp-block-column is-layout-flow wp-block-column-is-layout-flow\" style=\"flex-basis:100%\">\n<div data-wp-interactive=\"core\/file\" class=\"wp-block-file\"><object data-wp-bind--hidden=\"!state.hasPdfPreview\" hidden class=\"wp-block-file__embed\" data=\"https:\/\/doukatech.fr\/wp-content\/uploads\/2025\/12\/3Pb2-S1-Activite-Mur-vegetal.pdf\" type=\"application\/pdf\" style=\"width:100%;height:200px\" aria-label=\"Contenu embarqu\u00e9 3Pb2-S1 - Activit\u00e9 - Mur v\u00e9g\u00e9tal.\"><\/object><a id=\"wp-block-file--media-700bd9f9-8be1-4acb-80d3-94bd55b60a56\" href=\"https:\/\/doukatech.fr\/wp-content\/uploads\/2025\/12\/3Pb2-S1-Activite-Mur-vegetal.pdf\">3Pb2-S1 &#8211; Activit\u00e9 &#8211; Mur v\u00e9g\u00e9tal<\/a><\/div>\n<\/div>\n<\/div>\n<\/div>\n<\/div>\n\n\n\n<h2 class=\"wp-block-heading has-ast-global-color-4-color has-text-color has-link-color has-large-font-size wp-elements-0e660bf287c56ac58d32a9e431d7c1bf\" style=\"padding-right:0;padding-left:0\">S\u00e9ance 2 : Le tapis de course<\/h2>\n\n\n\n<h2 class=\"wp-block-heading has-ast-global-color-3-color has-text-color has-link-color has-medium-font-size wp-elements-afe1b8f1b6b1ba611d733a960160273b\" style=\"margin-top:0px;margin-bottom:0px;padding-top:0px;padding-right:0rem;padding-bottom:0px;padding-left:0rem;font-style:italic;font-weight:200\">Les \u00e9l\u00e8ves d\u00e9couvrent un DNB officiel et travaillent dessus.<\/h2>\n\n\n\n<div class=\"wp-block-uagb-container uagb-block-dc897cf2 alignfull uagb-is-root-container\"><div class=\"uagb-container-inner-blocks-wrap\">\n<div class=\"wp-block-uagb-container uagb-block-05e6e846\">\n<h2 class=\"wp-block-heading has-text-align-center has-white-color has-text-color has-link-color has-medium-font-size wp-elements-a8dc1100f1a9352a797067ede658f67e\">Feuille ressources<\/h2>\n\n\n\n<div class=\"wp-block-columns is-layout-flex wp-container-core-columns-is-layout-28f84493 wp-block-columns-is-layout-flex\">\n<div class=\"wp-block-column is-layout-flow wp-block-column-is-layout-flow\" style=\"flex-basis:100%\">\n<div data-wp-interactive=\"core\/file\" class=\"wp-block-file\"><object data-wp-bind--hidden=\"!state.hasPdfPreview\" hidden class=\"wp-block-file__embed\" data=\"https:\/\/doukatech.fr\/wp-content\/uploads\/2025\/12\/3Pb2-S2-Ressource-Le-tapis-de-course.pdf\" type=\"application\/pdf\" style=\"width:100%;height:200px\" aria-label=\"Contenu embarqu\u00e9 3Pb2-S2 - Ressource - Le tapis de course.\"><\/object><a id=\"wp-block-file--media-0f80085a-2cda-46e6-b3d6-2ae4e4585da5\" href=\"https:\/\/doukatech.fr\/wp-content\/uploads\/2025\/12\/3Pb2-S2-Ressource-Le-tapis-de-course.pdf\">3Pb2-S2 &#8211; Ressource &#8211; Le tapis de course<\/a><\/div>\n<\/div>\n<\/div>\n<\/div>\n\n\n\n<div class=\"wp-block-uagb-container uagb-block-efca55dc\">\n<h2 class=\"wp-block-heading has-text-align-center has-white-color has-text-color has-link-color has-medium-font-size wp-elements-041033184e311f4cb4542dd48725deb9\">Feuille r\u00e9ponses<\/h2>\n\n\n\n<div class=\"wp-block-columns is-layout-flex wp-container-core-columns-is-layout-28f84493 wp-block-columns-is-layout-flex\">\n<div class=\"wp-block-column is-layout-flow wp-block-column-is-layout-flow\" style=\"flex-basis:100%\">\n<div data-wp-interactive=\"core\/file\" class=\"wp-block-file\"><object data-wp-bind--hidden=\"!state.hasPdfPreview\" hidden class=\"wp-block-file__embed\" data=\"https:\/\/doukatech.fr\/wp-content\/uploads\/2025\/12\/3Pb2-S2-Activite-Le-tapis-de-course.pdf\" type=\"application\/pdf\" style=\"width:100%;height:200px\" aria-label=\"Contenu embarqu\u00e9 3Pb2-S2 - Activit\u00e9 - Le tapis de course.\"><\/object><a id=\"wp-block-file--media-43e7c680-8cd7-4746-803c-88fabf627f39\" href=\"https:\/\/doukatech.fr\/wp-content\/uploads\/2025\/12\/3Pb2-S2-Activite-Le-tapis-de-course.pdf\">3Pb2-S2 &#8211; Activit\u00e9 &#8211; Le tapis de course<\/a><\/div>\n<\/div>\n<\/div>\n<\/div>\n\n\n\n<div class=\"wp-block-uagb-container uagb-block-55014764\">\n<h2 class=\"wp-block-heading has-text-align-center has-luminous-vivid-amber-color has-text-color has-link-color has-medium-font-size wp-elements-b42f67f8bc99281048e06027d40f0a94\"><\/h2>\n<\/div>\n<\/div><\/div>\n\n\n\n<h2 class=\"wp-block-heading has-ast-global-color-4-color has-text-color has-link-color has-large-font-size wp-elements-31acc50f4249a6b41eba053899a6bc35\" style=\"padding-right:0;padding-left:0\">S\u00e9ance 3 : La vigie<\/h2>\n\n\n\n<h2 class=\"wp-block-heading has-ast-global-color-3-color has-text-color has-link-color has-medium-font-size wp-elements-afe1b8f1b6b1ba611d733a960160273b\" style=\"margin-top:0px;margin-bottom:0px;padding-top:0px;padding-right:0rem;padding-bottom:0px;padding-left:0rem;font-style:italic;font-weight:200\">Les \u00e9l\u00e8ves d\u00e9couvrent un DNB officiel et travaillent dessus.<\/h2>\n\n\n\n<div class=\"wp-block-uagb-container uagb-block-c60d0ef2 alignfull uagb-is-root-container\"><div class=\"uagb-container-inner-blocks-wrap\">\n<div class=\"wp-block-uagb-container uagb-block-d51fe93b\">\n<h2 class=\"wp-block-heading has-text-align-center has-white-color has-text-color has-link-color has-medium-font-size wp-elements-a8dc1100f1a9352a797067ede658f67e\">Feuille ressources<\/h2>\n\n\n\n<div class=\"wp-block-columns is-layout-flex wp-container-core-columns-is-layout-28f84493 wp-block-columns-is-layout-flex\">\n<div class=\"wp-block-column is-layout-flow wp-block-column-is-layout-flow\" style=\"flex-basis:100%\">\n<div data-wp-interactive=\"core\/file\" class=\"wp-block-file\"><object data-wp-bind--hidden=\"!state.hasPdfPreview\" hidden class=\"wp-block-file__embed\" data=\"https:\/\/doukatech.fr\/wp-content\/uploads\/2025\/12\/3Pb2-S3-Ressource-La-vigie-modif.pdf\" type=\"application\/pdf\" style=\"width:100%;height:200px\" aria-label=\"Contenu embarqu\u00e9 3Pb2-S3 - Ressource - La vigie modif.\"><\/object><a id=\"wp-block-file--media-b72abee0-60d2-44f2-9ad5-7f38a7d0b50d\" href=\"https:\/\/doukatech.fr\/wp-content\/uploads\/2025\/12\/3Pb2-S3-Ressource-La-vigie-modif.pdf\">3Pb2-S3 &#8211; Ressource &#8211; La vigie modif<\/a><\/div>\n<\/div>\n<\/div>\n<\/div>\n\n\n\n<div class=\"wp-block-uagb-container uagb-block-40b17afb\">\n<h2 class=\"wp-block-heading has-text-align-center has-white-color has-text-color has-link-color has-medium-font-size wp-elements-041033184e311f4cb4542dd48725deb9\">Feuille r\u00e9ponses<\/h2>\n\n\n\n<div class=\"wp-block-columns is-layout-flex wp-container-core-columns-is-layout-28f84493 wp-block-columns-is-layout-flex\">\n<div class=\"wp-block-column is-layout-flow wp-block-column-is-layout-flow\" style=\"flex-basis:100%\">\n<div data-wp-interactive=\"core\/file\" class=\"wp-block-file\"><object data-wp-bind--hidden=\"!state.hasPdfPreview\" hidden class=\"wp-block-file__embed\" data=\"https:\/\/doukatech.fr\/wp-content\/uploads\/2025\/12\/3Pb2-S3-Activite-La-vigie-modif.pdf\" type=\"application\/pdf\" style=\"width:100%;height:200px\" aria-label=\"Contenu embarqu\u00e9 3Pb2-S3 - Activit\u00e9 - La vigie modif.\"><\/object><a id=\"wp-block-file--media-e6aa6fea-2a02-469f-91ec-31ee83e60ca6\" href=\"https:\/\/doukatech.fr\/wp-content\/uploads\/2025\/12\/3Pb2-S3-Activite-La-vigie-modif.pdf\">3Pb2-S3 &#8211; Activit\u00e9 &#8211; La vigie modif<\/a><\/div>\n<\/div>\n<\/div>\n<\/div>\n\n\n\n<div class=\"wp-block-uagb-container uagb-block-bdc3777a\">\n<h2 class=\"wp-block-heading has-text-align-center has-luminous-vivid-amber-color has-text-color has-link-color has-medium-font-size wp-elements-b42f67f8bc99281048e06027d40f0a94\"><\/h2>\n<\/div>\n<\/div><\/div>\n<\/div>\n<\/div><\/div>\n\n\n\n<p><\/p>\n","protected":false},"excerpt":{"rendered":"<p>Pb2 &#8211; Se pr\u00e9parer au DNB blanc S\u00e9ance 1 : Le mur v\u00e9g\u00e9tal Les \u00e9l\u00e8ves d\u00e9couvrent un DNB officiel et travaillent dessus. Feuille ressource Feuille r\u00e9ponses S\u00e9ance 2 : Le tapis de course Les \u00e9l\u00e8ves d\u00e9couvrent un DNB officiel et travaillent dessus. Feuille ressources Feuille r\u00e9ponses S\u00e9ance 3 : La vigie Les \u00e9l\u00e8ves d\u00e9couvrent un [&hellip;]<\/p>\n","protected":false},"author":1,"featured_media":0,"parent":1007,"menu_order":1,"comment_status":"closed","ping_status":"closed","template":"","meta":{"_uag_custom_page_level_css":"","site-sidebar-layout":"default","site-content-layout":"","ast-site-content-layout":"","site-content-style":"default","site-sidebar-style":"default","ast-global-header-display":"","ast-banner-title-visibility":"","ast-main-header-display":"","ast-hfb-above-header-display":"","ast-hfb-below-header-display":"","ast-hfb-mobile-header-display":"","site-post-title":"","ast-breadcrumbs-content":"","ast-featured-img":"","footer-sml-layout":"","theme-transparent-header-meta":"","adv-header-id-meta":"","stick-header-meta":"","header-above-stick-meta":"","header-main-stick-meta":"","header-below-stick-meta":"","astra-migrate-meta-layouts":"default","ast-page-background-enabled":"default","ast-page-background-meta":{"desktop":{"background-color":"var(--ast-global-color-4)","background-image":"","background-repeat":"repeat","background-position":"center center","background-size":"auto","background-attachment":"scroll","background-type":"","background-media":"","overlay-type":"","overlay-color":"","overlay-opacity":"","overlay-gradient":""},"tablet":{"background-color":"","background-image":"","background-repeat":"repeat","background-position":"center center","background-size":"auto","background-attachment":"scroll","background-type":"","background-media":"","overlay-type":"","overlay-color":"","overlay-opacity":"","overlay-gradient":""},"mobile":{"background-color":"","background-image":"","background-repeat":"repeat","background-position":"center center","background-size":"auto","background-attachment":"scroll","background-type":"","background-media":"","overlay-type":"","overlay-color":"","overlay-opacity":"","overlay-gradient":""}},"ast-content-background-meta":{"desktop":{"background-color":"var(--ast-global-color-5)","background-image":"","background-repeat":"repeat","background-position":"center center","background-size":"auto","background-attachment":"scroll","background-type":"","background-media":"","overlay-type":"","overlay-color":"","overlay-opacity":"","overlay-gradient":""},"tablet":{"background-color":"var(--ast-global-color-5)","background-image":"","background-repeat":"repeat","background-position":"center center","background-size":"auto","background-attachment":"scroll","background-type":"","background-media":"","overlay-type":"","overlay-color":"","overlay-opacity":"","overlay-gradient":""},"mobile":{"background-color":"var(--ast-global-color-5)","background-image":"","background-repeat":"repeat","background-position":"center center","background-size":"auto","background-attachment":"scroll","background-type":"","background-media":"","overlay-type":"","overlay-color":"","overlay-opacity":"","overlay-gradient":""}},"footnotes":""},"class_list":["post-1098","page","type-page","status-publish","hentry"],"uagb_featured_image_src":{"full":false,"thumbnail":false,"medium":false,"medium_large":false,"large":false,"1536x1536":false,"2048x2048":false},"uagb_author_info":{"display_name":"Drapeau","author_link":"https:\/\/doukatech.fr\/?author=1"},"uagb_comment_info":0,"uagb_excerpt":"Pb2 &#8211; Se pr\u00e9parer au DNB blanc S\u00e9ance 1 : Le mur v\u00e9g\u00e9tal Les \u00e9l\u00e8ves d\u00e9couvrent un DNB officiel et travaillent dessus. Feuille ressource Feuille r\u00e9ponses S\u00e9ance 2 : Le tapis de course Les \u00e9l\u00e8ves d\u00e9couvrent un DNB officiel et travaillent dessus. Feuille ressources Feuille r\u00e9ponses S\u00e9ance 3 : La vigie Les \u00e9l\u00e8ves d\u00e9couvrent un\u2026","_links":{"self":[{"href":"https:\/\/doukatech.fr\/index.php?rest_route=\/wp\/v2\/pages\/1098","targetHints":{"allow":["GET"]}}],"collection":[{"href":"https:\/\/doukatech.fr\/index.php?rest_route=\/wp\/v2\/pages"}],"about":[{"href":"https:\/\/doukatech.fr\/index.php?rest_route=\/wp\/v2\/types\/page"}],"author":[{"embeddable":true,"href":"https:\/\/doukatech.fr\/index.php?rest_route=\/wp\/v2\/users\/1"}],"replies":[{"embeddable":true,"href":"https:\/\/doukatech.fr\/index.php?rest_route=%2Fwp%2Fv2%2Fcomments&post=1098"}],"version-history":[{"count":2,"href":"https:\/\/doukatech.fr\/index.php?rest_route=\/wp\/v2\/pages\/1098\/revisions"}],"predecessor-version":[{"id":1106,"href":"https:\/\/doukatech.fr\/index.php?rest_route=\/wp\/v2\/pages\/1098\/revisions\/1106"}],"up":[{"embeddable":true,"href":"https:\/\/doukatech.fr\/index.php?rest_route=\/wp\/v2\/pages\/1007"}],"wp:attachment":[{"href":"https:\/\/doukatech.fr\/index.php?rest_route=%2Fwp%2Fv2%2Fmedia&parent=1098"}],"curies":[{"name":"wp","href":"https:\/\/api.w.org\/{rel}","templated":true}]}}