{"id":115,"date":"2023-11-15T12:27:10","date_gmt":"2023-11-15T11:27:10","guid":{"rendered":"https:\/\/doukatech.fr\/?page_id=115"},"modified":"2025-08-24T09:16:22","modified_gmt":"2025-08-24T07:16:22","slug":"niveaux","status":"publish","type":"page","link":"https:\/\/doukatech.fr\/?page_id=115","title":{"rendered":"Niveaux"},"content":{"rendered":"\n<div class=\"wp-block-group alignfull has-background is-layout-constrained wp-block-group-is-layout-constrained\" style=\"background-color:#171717;padding-top:0;padding-bottom:0\">\n<div class=\"wp-block-columns alignwide are-vertically-aligned-bottom is-layout-flex wp-container-core-columns-is-layout-28f84493 wp-block-columns-is-layout-flex\">\n<div class=\"wp-block-column is-vertically-aligned-bottom is-layout-flow wp-block-column-is-layout-flow\">\n<h1 class=\"wp-block-heading alignwide has-text-color\" style=\"color:#ffffff;margin-top:var(--wp--preset--spacing--80);margin-bottom:var(--wp--preset--spacing--80)\"><strong>L<\/strong>es niveaux d&rsquo;enseignement.<\/h1>\n\n\n\n<p class=\"has-text-color\" style=\"color:#d7d7d7\">Une discipline g\u00e9n\u00e9raliste, enseign\u00e9e du cycle 2 au cycle 4*. Au lyc\u00e9e, cette discipline change de nom en fonction des parcours des \u00e9l\u00e8ves.<\/p>\n\n\n\n<p>Depuis 2003, la technologie a disparu de la sixi\u00e8me pour r\u00e9aliser des \u00e9conomies sur le budget de l&rsquo;\u00e9ducation nationale ! Les \u00e9l\u00e8ves de sixi\u00e8me ont perdu 1 heure de cours, ils ont maintenant 25 heures hebdomadaire au lieu de 26 heures.<\/p>\n<\/div>\n<\/div>\n\n\n\n<h3 class=\"wp-block-heading has-text-color\" style=\"color:#ffffff\">Les niveaux <em>(cliquer pour d\u00e9couvrir)<\/em><\/h3>\n\n\n\n<div class=\"wp-block-columns are-vertically-aligned-center is-layout-flex wp-container-core-columns-is-layout-28f84493 wp-block-columns-is-layout-flex\">\n<div class=\"wp-block-column is-vertically-aligned-center is-layout-flow wp-block-column-is-layout-flow\">\n<figure class=\"wp-block-image size-full\"><a href=\"https:\/\/doukatech.fr\/?page_id=172\"><img loading=\"lazy\" decoding=\"async\" width=\"640\" height=\"640\" src=\"https:\/\/doukatech.fr\/wp-content\/uploads\/2024\/09\/6b.jpg\" alt=\"\" class=\"wp-image-822\" srcset=\"https:\/\/doukatech.fr\/wp-content\/uploads\/2024\/09\/6b.jpg 640w, https:\/\/doukatech.fr\/wp-content\/uploads\/2024\/09\/6b-300x300.jpg 300w, https:\/\/doukatech.fr\/wp-content\/uploads\/2024\/09\/6b-150x150.jpg 150w\" sizes=\"auto, (max-width: 640px) 100vw, 640px\" \/><\/a><\/figure>\n<\/div>\n\n\n\n<div class=\"wp-block-column is-vertically-aligned-center is-layout-flow wp-block-column-is-layout-flow\">\n<figure class=\"wp-block-image size-full\"><a href=\"https:\/\/doukatech.fr\/?page_id=162\"><img loading=\"lazy\" decoding=\"async\" width=\"640\" height=\"640\" src=\"https:\/\/doukatech.fr\/wp-content\/uploads\/2024\/09\/5b.jpg\" alt=\"\" class=\"wp-image-823\" srcset=\"https:\/\/doukatech.fr\/wp-content\/uploads\/2024\/09\/5b.jpg 640w, https:\/\/doukatech.fr\/wp-content\/uploads\/2024\/09\/5b-300x300.jpg 300w, https:\/\/doukatech.fr\/wp-content\/uploads\/2024\/09\/5b-150x150.jpg 150w\" sizes=\"auto, (max-width: 640px) 100vw, 640px\" \/><\/a><\/figure>\n<\/div>\n\n\n\n<div class=\"wp-block-column is-vertically-aligned-center is-layout-flow wp-block-column-is-layout-flow\">\n<figure class=\"wp-block-image size-full\"><a href=\"https:\/\/doukatech.fr\/?page_id=759\"><img loading=\"lazy\" decoding=\"async\" width=\"640\" height=\"640\" src=\"https:\/\/doukatech.fr\/wp-content\/uploads\/2024\/09\/4b.jpg\" alt=\"\" class=\"wp-image-824\" srcset=\"https:\/\/doukatech.fr\/wp-content\/uploads\/2024\/09\/4b.jpg 640w, https:\/\/doukatech.fr\/wp-content\/uploads\/2024\/09\/4b-300x300.jpg 300w, https:\/\/doukatech.fr\/wp-content\/uploads\/2024\/09\/4b-150x150.jpg 150w\" sizes=\"auto, (max-width: 640px) 100vw, 640px\" \/><\/a><\/figure>\n<\/div>\n\n\n\n<div class=\"wp-block-column is-vertically-aligned-center is-layout-flow wp-block-column-is-layout-flow\">\n<figure class=\"wp-block-image size-full\"><a href=\"https:\/\/doukatech.fr\/?page_id=1007\"><img loading=\"lazy\" decoding=\"async\" width=\"640\" height=\"640\" src=\"https:\/\/doukatech.fr\/wp-content\/uploads\/2024\/09\/3b.jpg\" alt=\"\" class=\"wp-image-826\" srcset=\"https:\/\/doukatech.fr\/wp-content\/uploads\/2024\/09\/3b.jpg 640w, https:\/\/doukatech.fr\/wp-content\/uploads\/2024\/09\/3b-300x300.jpg 300w, https:\/\/doukatech.fr\/wp-content\/uploads\/2024\/09\/3b-150x150.jpg 150w\" sizes=\"auto, (max-width: 640px) 100vw, 640px\" \/><\/a><\/figure>\n<\/div>\n<\/div>\n<\/div>\n\n\n\n<p><\/p>\n","protected":false},"excerpt":{"rendered":"<p>Les niveaux d&rsquo;enseignement. Une discipline g\u00e9n\u00e9raliste, enseign\u00e9e du cycle 2 au cycle 4*. Au lyc\u00e9e, cette discipline change de nom en fonction des parcours des \u00e9l\u00e8ves. Depuis 2003, la technologie a disparu de la sixi\u00e8me pour r\u00e9aliser des \u00e9conomies sur le budget de l&rsquo;\u00e9ducation nationale ! Les \u00e9l\u00e8ves de sixi\u00e8me ont perdu 1 heure de [&hellip;]<\/p>\n","protected":false},"author":1,"featured_media":0,"parent":9,"menu_order":0,"comment_status":"closed","ping_status":"closed","template":"","meta":{"_uag_custom_page_level_css":"","site-sidebar-layout":"default","site-content-layout":"","ast-site-content-layout":"","site-content-style":"default","site-sidebar-style":"default","ast-global-header-display":"","ast-banner-title-visibility":"","ast-main-header-display":"","ast-hfb-above-header-display":"","ast-hfb-below-header-display":"","ast-hfb-mobile-header-display":"","site-post-title":"disabled","ast-breadcrumbs-content":"","ast-featured-img":"","footer-sml-layout":"","theme-transparent-header-meta":"","adv-header-id-meta":"","stick-header-meta":"","header-above-stick-meta":"","header-main-stick-meta":"","header-below-stick-meta":"","astra-migrate-meta-layouts":"","ast-page-background-enabled":"default","ast-page-background-meta":{"desktop":{"background-color":"var(--ast-global-color-4)","background-image":"","background-repeat":"repeat","background-position":"center center","background-size":"auto","background-attachment":"scroll","background-type":"","background-media":"","overlay-type":"","overlay-color":"","overlay-opacity":"","overlay-gradient":""},"tablet":{"background-color":"","background-image":"","background-repeat":"repeat","background-position":"center center","background-size":"auto","background-attachment":"scroll","background-type":"","background-media":"","overlay-type":"","overlay-color":"","overlay-opacity":"","overlay-gradient":""},"mobile":{"background-color":"","background-image":"","background-repeat":"repeat","background-position":"center center","background-size":"auto","background-attachment":"scroll","background-type":"","background-media":"","overlay-type":"","overlay-color":"","overlay-opacity":"","overlay-gradient":""}},"ast-content-background-meta":{"desktop":{"background-color":"var(--ast-global-color-5)","background-image":"","background-repeat":"repeat","background-position":"center center","background-size":"auto","background-attachment":"scroll","background-type":"","background-media":"","overlay-type":"","overlay-color":"","overlay-opacity":"","overlay-gradient":""},"tablet":{"background-color":"var(--ast-global-color-5)","background-image":"","background-repeat":"repeat","background-position":"center center","background-size":"auto","background-attachment":"scroll","background-type":"","background-media":"","overlay-type":"","overlay-color":"","overlay-opacity":"","overlay-gradient":""},"mobile":{"background-color":"var(--ast-global-color-5)","background-image":"","background-repeat":"repeat","background-position":"center center","background-size":"auto","background-attachment":"scroll","background-type":"","background-media":"","overlay-type":"","overlay-color":"","overlay-opacity":"","overlay-gradient":""}},"footnotes":""},"class_list":["post-115","page","type-page","status-publish","hentry"],"uagb_featured_image_src":{"full":false,"thumbnail":false,"medium":false,"medium_large":false,"large":false,"1536x1536":false,"2048x2048":false},"uagb_author_info":{"display_name":"Drapeau","author_link":"https:\/\/doukatech.fr\/?author=1"},"uagb_comment_info":0,"uagb_excerpt":"Les niveaux d&rsquo;enseignement. Une discipline g\u00e9n\u00e9raliste, enseign\u00e9e du cycle 2 au cycle 4*. Au lyc\u00e9e, cette discipline change de nom en fonction des parcours des \u00e9l\u00e8ves. Depuis 2003, la technologie a disparu de la sixi\u00e8me pour r\u00e9aliser des \u00e9conomies sur le budget de l&rsquo;\u00e9ducation nationale ! Les \u00e9l\u00e8ves de sixi\u00e8me ont perdu 1 heure de\u2026","_links":{"self":[{"href":"https:\/\/doukatech.fr\/index.php?rest_route=\/wp\/v2\/pages\/115","targetHints":{"allow":["GET"]}}],"collection":[{"href":"https:\/\/doukatech.fr\/index.php?rest_route=\/wp\/v2\/pages"}],"about":[{"href":"https:\/\/doukatech.fr\/index.php?rest_route=\/wp\/v2\/types\/page"}],"author":[{"embeddable":true,"href":"https:\/\/doukatech.fr\/index.php?rest_route=\/wp\/v2\/users\/1"}],"replies":[{"embeddable":true,"href":"https:\/\/doukatech.fr\/index.php?rest_route=%2Fwp%2Fv2%2Fcomments&post=115"}],"version-history":[{"count":36,"href":"https:\/\/doukatech.fr\/index.php?rest_route=\/wp\/v2\/pages\/115\/revisions"}],"predecessor-version":[{"id":1017,"href":"https:\/\/doukatech.fr\/index.php?rest_route=\/wp\/v2\/pages\/115\/revisions\/1017"}],"up":[{"embeddable":true,"href":"https:\/\/doukatech.fr\/index.php?rest_route=\/wp\/v2\/pages\/9"}],"wp:attachment":[{"href":"https:\/\/doukatech.fr\/index.php?rest_route=%2Fwp%2Fv2%2Fmedia&parent=115"}],"curies":[{"name":"wp","href":"https:\/\/api.w.org\/{rel}","templated":true}]}}