{"id":162,"date":"2023-11-15T15:40:43","date_gmt":"2023-11-15T14:40:43","guid":{"rendered":"https:\/\/doukatech.fr\/?page_id=162"},"modified":"2026-01-31T12:21:43","modified_gmt":"2026-01-31T11:21:43","slug":"cinquieme","status":"publish","type":"page","link":"https:\/\/doukatech.fr\/?page_id=162","title":{"rendered":"Cinqui\u00e8me"},"content":{"rendered":"\n<div class=\"wp-block-uagb-container uagb-block-07dd24c9 alignfull uagb-is-root-container\"><div class=\"uagb-container-inner-blocks-wrap\">\n<div class=\"wp-block-uagb-container uagb-block-edca9f13\">\n<div class=\"wp-block-uagb-container uagb-block-5f190d06\">\n<p class=\"has-white-color has-text-color has-link-color wp-elements-2e0b57a2757d2cc929b7e8ac4b982e6a\">L&rsquo;ann\u00e9e de cinqui\u00e8me sera d\u00e9coup\u00e9e en quatre probl\u00e9matiques (chapitres). <\/p>\n<\/div>\n\n\n\n<div class=\"wp-block-uagb-container uagb-block-d7fcf8c3\">\n<p class=\"has-white-color has-text-color has-link-color wp-elements-bea9271bdc08c72703f9671ce4cd9b77\">Une probl\u00e9matique est \u00e9tudi\u00e9e entre 3 et 4 s\u00e9ances avec une synth\u00e8se \u00e0 la fin. Une \u00e9valuation des comp\u00e9tences est organis\u00e9e \u00e0 l&rsquo;issue.<\/p>\n<\/div>\n<\/div>\n\n\n\n<h2 class=\"wp-block-heading has-text-align-center has-ast-global-color-5-color has-text-color has-link-color has-large-font-size wp-elements-bf97e0e85ea6a6be528cd12d1563691f\">Cliquer sur les probl\u00e9matiques pour plus d&rsquo;informations.<\/h2>\n\n\n\n<div class=\"wp-block-uagb-container uagb-block-41dc7066\"><div class=\"uagb-container__shape uagb-container__shape-top\"><svg xmlns=\"https:\/\/www.w3.org\/2000\/svg\" viewBox=\"0 0 937.5 120\" preserveAspectRatio=\"none\"><path class=\"uagb-container__shape-fill\" d=\"M937,129.8V-0.1H0v129.9C0,62.6,209.6,8.2,468.4,8.2S936.9,62.6,937,129.8z\"><\/path><\/svg><\/div>\n<div class=\"wp-block-group is-nowrap is-layout-flex wp-container-core-group-is-layout-6c531013 wp-block-group-is-layout-flex\">\n<h3 class=\"wp-block-heading has-text-align-center has-vivid-green-cyan-color has-text-color has-link-color has-large-font-size wp-elements-b106c304e6494be2042603b1b9b2f916\"><a href=\"https:\/\/doukatech.fr\/?page_id=1127\">Aide pour ranger son classeur<\/a><\/h3>\n\n\n\n<figure class=\"wp-block-image size-medium\" style=\"margin-top:0;margin-right:0;margin-bottom:0;margin-left:0\"><a href=\"https:\/\/doukatech.fr\/?page_id=1127\"><img loading=\"lazy\" decoding=\"async\" width=\"300\" height=\"225\" src=\"https:\/\/doukatech.fr\/wp-content\/uploads\/2026\/01\/Image2-300x225.png\" alt=\"\" class=\"wp-image-1122\" style=\"object-fit:cover\" srcset=\"https:\/\/doukatech.fr\/wp-content\/uploads\/2026\/01\/Image2-300x225.png 300w, https:\/\/doukatech.fr\/wp-content\/uploads\/2026\/01\/Image2.png 474w\" sizes=\"auto, (max-width: 300px) 100vw, 300px\" \/><\/a><\/figure>\n<\/div>\n<\/div>\n\n\n\n<div class=\"wp-block-uagb-container uagb-block-371e9aab\"><div class=\"uagb-container__shape uagb-container__shape-top\"><svg xmlns=\"https:\/\/www.w3.org\/2000\/svg\" viewBox=\"0 0 937.5 120\" preserveAspectRatio=\"none\"><path class=\"uagb-container__shape-fill\" d=\"M937,129.8V-0.1H0v129.9C0,62.6,209.6,8.2,468.4,8.2S936.9,62.6,937,129.8z\"><\/path><\/svg><\/div>\n<div class=\"wp-block-group is-nowrap is-layout-flex wp-container-core-group-is-layout-6c531013 wp-block-group-is-layout-flex\">\n<h2 class=\"wp-block-heading has-text-align-center has-ast-global-color-7-color has-text-color has-link-color wp-elements-3e015509c2d98d9f3ef2b71e0afeddfe\">PB1<br><a href=\"https:\/\/doukatech.fr\/?page_id=662\" data-type=\"page\" data-id=\"662\">Des humains et des objets<\/a><\/h2>\n\n\n\n<figure class=\"wp-block-image size-medium\"><a href=\"https:\/\/doukatech.fr\/?page_id=662\"><img loading=\"lazy\" decoding=\"async\" width=\"300\" height=\"300\" src=\"https:\/\/doukatech.fr\/wp-content\/uploads\/2024\/11\/Designer-5-300x300.jpeg\" alt=\"\" class=\"wp-image-859\" srcset=\"https:\/\/doukatech.fr\/wp-content\/uploads\/2024\/11\/Designer-5-300x300.jpeg 300w, https:\/\/doukatech.fr\/wp-content\/uploads\/2024\/11\/Designer-5-150x150.jpeg 150w, https:\/\/doukatech.fr\/wp-content\/uploads\/2024\/11\/Designer-5-768x768.jpeg 768w, https:\/\/doukatech.fr\/wp-content\/uploads\/2024\/11\/Designer-5.jpeg 1024w\" sizes=\"auto, (max-width: 300px) 100vw, 300px\" \/><\/a><\/figure>\n<\/div>\n<\/div>\n\n\n\n<div class=\"wp-block-uagb-container uagb-block-91ac3ae8\"><div class=\"uagb-container__shape uagb-container__shape-top\"><svg xmlns=\"https:\/\/www.w3.org\/2000\/svg\" viewBox=\"0 0 1000 100\" preserveAspectRatio=\"none\"><path class=\"uagb-container__shape-fill\" d=\"M0,6V0h1000v100L0,6z\"><\/path><\/svg><\/div>\n<div class=\"wp-block-group is-nowrap is-layout-flex wp-container-core-group-is-layout-6c531013 wp-block-group-is-layout-flex\">\n<h2 class=\"wp-block-heading has-text-align-center has-ast-global-color-7-color has-text-color has-link-color wp-elements-bedcdf9e14ed00fd5926cf7ab95c02c6\">PB2<br> <a href=\"https:\/\/doukatech.fr\/?page_id=660\" data-type=\"page\" data-id=\"660\">Ma vie num\u00e9rique<\/a><\/h2>\n\n\n\n<figure class=\"wp-block-image size-medium\"><a href=\"https:\/\/doukatech.fr\/?page_id=660\"><img loading=\"lazy\" decoding=\"async\" width=\"300\" height=\"300\" src=\"https:\/\/doukatech.fr\/wp-content\/uploads\/2024\/11\/Designer-6-300x300.jpeg\" alt=\"\" class=\"wp-image-861\" srcset=\"https:\/\/doukatech.fr\/wp-content\/uploads\/2024\/11\/Designer-6-300x300.jpeg 300w, https:\/\/doukatech.fr\/wp-content\/uploads\/2024\/11\/Designer-6-150x150.jpeg 150w, https:\/\/doukatech.fr\/wp-content\/uploads\/2024\/11\/Designer-6-768x768.jpeg 768w, https:\/\/doukatech.fr\/wp-content\/uploads\/2024\/11\/Designer-6.jpeg 1024w\" sizes=\"auto, (max-width: 300px) 100vw, 300px\" \/><\/a><\/figure>\n<\/div>\n<\/div>\n\n\n\n<div class=\"wp-block-uagb-container uagb-block-241f34b5\"><div class=\"uagb-container__shape uagb-container__shape-top\"><svg xmlns=\"https:\/\/www.w3.org\/2000\/svg\" viewBox=\"0 0 1000 100\" preserveAspectRatio=\"none\"><path class=\"uagb-container__shape-fill\" d=\"M421.9,6.5c22.6-2.5,51.5,0.4,75.5,5.3c23.6,4.9,70.9,23.5,100.5,35.7c75.8,32.2,133.7,44.5,192.6,49.7  c23.6,2.1,48.7,3.5,103.4-2.5c54.7-6,106.2-25.6,106.2-25.6V0H0v30.3c0,0,72,32.6,158.4,30.5c39.2-0.7,92.8-6.7,134-22.4  c21.2-8.1,52.2-18.2,79.7-24.2C399.3,7.9,411.6,7.5,421.9,6.5z\"><\/path><\/svg><\/div>\n<div class=\"wp-block-group is-nowrap is-layout-flex wp-container-core-group-is-layout-6c531013 wp-block-group-is-layout-flex\">\n<h2 class=\"wp-block-heading has-text-align-center has-ast-global-color-7-color has-text-color has-link-color wp-elements-68323650e6ae42b5c2fb758c5256462c\">PB3<br> <a href=\"https:\/\/doukatech.fr\/?page_id=651\" data-type=\"link\" data-id=\"https:\/\/doukatech.fr\/?page_id=409\">Analyser et comprendre les objets et syst\u00e8mes techniques<\/a><\/h2>\n\n\n\n<figure class=\"wp-block-image size-medium\"><a href=\"https:\/\/doukatech.fr\/?page_id=651\"><img loading=\"lazy\" decoding=\"async\" width=\"300\" height=\"300\" src=\"https:\/\/doukatech.fr\/wp-content\/uploads\/2024\/11\/Designer-8-300x300.jpeg\" alt=\"\" class=\"wp-image-863\" srcset=\"https:\/\/doukatech.fr\/wp-content\/uploads\/2024\/11\/Designer-8-300x300.jpeg 300w, https:\/\/doukatech.fr\/wp-content\/uploads\/2024\/11\/Designer-8-150x150.jpeg 150w, https:\/\/doukatech.fr\/wp-content\/uploads\/2024\/11\/Designer-8-768x768.jpeg 768w, https:\/\/doukatech.fr\/wp-content\/uploads\/2024\/11\/Designer-8.jpeg 1024w\" sizes=\"auto, (max-width: 300px) 100vw, 300px\" \/><\/a><\/figure>\n<\/div>\n<\/div>\n\n\n\n<div class=\"wp-block-uagb-container uagb-block-5321a237\"><div class=\"uagb-container__shape uagb-container__shape-top\"><svg xmlns=\"https:\/\/www.w3.org\/2000\/svg\" viewBox=\"0 0 283.5 27.8\" preserveAspectRatio=\"xMidYMax slice\"><path class=\"uagb-container__shape-fill\" d=\"M0 0v6.7c1.9-.8 4.7-1.4 8.5-1 9.5 1.1 11.1 6 11.1 6s2.1-.7 4.3-.2c2.1.5 2.8 2.6 2.8 2.6s.2-.5 1.4-.7c1.2-.2 1.7.2 1.7.2s0-2.1 1.9-2.8c1.9-.7 3.6.7 3.6.7s.7-2.9 3.1-4.1 4.7 0 4.7 0 1.2-.5 2.4 0 1.7 1.4 1.7 1.4h1.4c.7 0 1.2.7 1.2.7s.8-1.8 4-2.2c3.5-.4 5.3 2.4 6.2 4.4.4-.4 1-.7 1.8-.9 2.8-.7 4 .7 4 .7s1.7-5 11.1-6c9.5-1.1 12.3 3.9 12.3 3.9s1.2-4.8 5.7-5.7c4.5-.9 6.8 1.8 6.8 1.8s.6-.6 1.5-.9c.9-.2 1.9-.2 1.9-.2s5.2-6.4 12.6-3.3c7.3 3.1 4.7 9 4.7 9s1.9-.9 4 0 2.8 2.4 2.8 2.4 1.9-1.2 4.5-1.2 4.3 1.2 4.3 1.2.2-1 1.4-1.7 2.1-.7 2.1-.7-.5-3.1 2.1-5.5 5.7-1.4 5.7-1.4 1.5-2.3 4.2-1.1c2.7 1.2 1.7 5.2 1.7 5.2s.3-.1 1.3.5c.5.4.8.8.9 1.1.5-1.4 2.4-5.8 8.4-4 7.1 2.1 3.5 8.9 3.5 8.9s.8-.4 2 0 1.1 1.1 1.1 1.1 1.1-1.1 2.3-1.1 2.1.5 2.1.5 1.9-3.6 6.2-1.2 1.9 6.4 1.9 6.4 2.6-2.4 7.4 0c3.4 1.7 3.9 4.9 3.9 4.9s3.3-6.9 10.4-7.9 11.5 2.6 11.5 2.6.8 0 1.2.2c.4.2.9.9.9.9s4.4-3.1 8.3.2c1.9 1.7 1.5 5 1.5 5s.3-1.1 1.6-1.4c1.3-.3 2.3.2 2.3.2s-.1-1.2.5-1.9 1.9-.9 1.9-.9-4.7-9.3 4.4-13.4c5.6-2.5 9.2.9 9.2.9s5-6.2 15.9-6.2 16.1 8.1 16.1 8.1.7-.2 1.6-.4V0H0z\"><\/path><\/svg><\/div>\n<div class=\"wp-block-group is-nowrap is-layout-flex wp-container-core-group-is-layout-6c531013 wp-block-group-is-layout-flex\">\n<h2 class=\"wp-block-heading has-text-align-center has-ast-global-color-7-color has-text-color has-link-color wp-elements-11d0756515898eaf658440ed2067c3b4\">PB4<br><a href=\"https:\/\/doukatech.fr\/?page_id=646\" data-type=\"link\" data-id=\"https:\/\/doukatech.fr\/?page_id=409\">Un robot pour Mars<\/a><\/h2>\n\n\n\n<figure class=\"wp-block-image size-medium\"><a href=\"https:\/\/doukatech.fr\/?page_id=646\"><img loading=\"lazy\" decoding=\"async\" width=\"300\" height=\"300\" src=\"https:\/\/doukatech.fr\/wp-content\/uploads\/2024\/11\/Designer-7-300x300.jpeg\" alt=\"\" class=\"wp-image-862\" srcset=\"https:\/\/doukatech.fr\/wp-content\/uploads\/2024\/11\/Designer-7-300x300.jpeg 300w, https:\/\/doukatech.fr\/wp-content\/uploads\/2024\/11\/Designer-7-150x150.jpeg 150w, https:\/\/doukatech.fr\/wp-content\/uploads\/2024\/11\/Designer-7-768x768.jpeg 768w, https:\/\/doukatech.fr\/wp-content\/uploads\/2024\/11\/Designer-7.jpeg 1024w\" sizes=\"auto, (max-width: 300px) 100vw, 300px\" \/><\/a><\/figure>\n<\/div>\n<\/div>\n<\/div><\/div>\n\n\n\n<p><\/p>\n","protected":false},"excerpt":{"rendered":"<p>L&rsquo;ann\u00e9e de cinqui\u00e8me sera d\u00e9coup\u00e9e en quatre probl\u00e9matiques (chapitres). Une probl\u00e9matique est \u00e9tudi\u00e9e entre 3 et 4 s\u00e9ances avec une synth\u00e8se \u00e0 la fin. Une \u00e9valuation des comp\u00e9tences est organis\u00e9e \u00e0 l&rsquo;issue. Cliquer sur les probl\u00e9matiques pour plus d&rsquo;informations. Aide pour ranger son classeur PB1Des humains et des objets PB2 Ma vie num\u00e9rique PB3 Analyser [&hellip;]<\/p>\n","protected":false},"author":1,"featured_media":0,"parent":115,"menu_order":0,"comment_status":"closed","ping_status":"closed","template":"","meta":{"_uag_custom_page_level_css":"","site-sidebar-layout":"default","site-content-layout":"","ast-site-content-layout":"","site-content-style":"default","site-sidebar-style":"default","ast-global-header-display":"","ast-banner-title-visibility":"","ast-main-header-display":"","ast-hfb-above-header-display":"","ast-hfb-below-header-display":"","ast-hfb-mobile-header-display":"","site-post-title":"","ast-breadcrumbs-content":"","ast-featured-img":"","footer-sml-layout":"","theme-transparent-header-meta":"","adv-header-id-meta":"","stick-header-meta":"","header-above-stick-meta":"","header-main-stick-meta":"","header-below-stick-meta":"","astra-migrate-meta-layouts":"default","ast-page-background-enabled":"default","ast-page-background-meta":{"desktop":{"background-color":"var(--ast-global-color-4)","background-image":"","background-repeat":"repeat","background-position":"center center","background-size":"auto","background-attachment":"scroll","background-type":"","background-media":"","overlay-type":"","overlay-color":"","overlay-opacity":"","overlay-gradient":""},"tablet":{"background-color":"","background-image":"","background-repeat":"repeat","background-position":"center center","background-size":"auto","background-attachment":"scroll","background-type":"","background-media":"","overlay-type":"","overlay-color":"","overlay-opacity":"","overlay-gradient":""},"mobile":{"background-color":"","background-image":"","background-repeat":"repeat","background-position":"center center","background-size":"auto","background-attachment":"scroll","background-type":"","background-media":"","overlay-type":"","overlay-color":"","overlay-opacity":"","overlay-gradient":""}},"ast-content-background-meta":{"desktop":{"background-color":"var(--ast-global-color-5)","background-image":"","background-repeat":"repeat","background-position":"center center","background-size":"auto","background-attachment":"scroll","background-type":"","background-media":"","overlay-type":"","overlay-color":"","overlay-opacity":"","overlay-gradient":""},"tablet":{"background-color":"var(--ast-global-color-5)","background-image":"","background-repeat":"repeat","background-position":"center center","background-size":"auto","background-attachment":"scroll","background-type":"","background-media":"","overlay-type":"","overlay-color":"","overlay-opacity":"","overlay-gradient":""},"mobile":{"background-color":"var(--ast-global-color-5)","background-image":"","background-repeat":"repeat","background-position":"center center","background-size":"auto","background-attachment":"scroll","background-type":"","background-media":"","overlay-type":"","overlay-color":"","overlay-opacity":"","overlay-gradient":""}},"footnotes":""},"class_list":["post-162","page","type-page","status-publish","hentry"],"uagb_featured_image_src":{"full":false,"thumbnail":false,"medium":false,"medium_large":false,"large":false,"1536x1536":false,"2048x2048":false},"uagb_author_info":{"display_name":"Drapeau","author_link":"https:\/\/doukatech.fr\/?author=1"},"uagb_comment_info":0,"uagb_excerpt":"L&rsquo;ann\u00e9e de cinqui\u00e8me sera d\u00e9coup\u00e9e en quatre probl\u00e9matiques (chapitres). Une probl\u00e9matique est \u00e9tudi\u00e9e entre 3 et 4 s\u00e9ances avec une synth\u00e8se \u00e0 la fin. Une \u00e9valuation des comp\u00e9tences est organis\u00e9e \u00e0 l&rsquo;issue. Cliquer sur les probl\u00e9matiques pour plus d&rsquo;informations. Aide pour ranger son classeur PB1Des humains et des objets PB2 Ma vie num\u00e9rique PB3 Analyser\u2026","_links":{"self":[{"href":"https:\/\/doukatech.fr\/index.php?rest_route=\/wp\/v2\/pages\/162","targetHints":{"allow":["GET"]}}],"collection":[{"href":"https:\/\/doukatech.fr\/index.php?rest_route=\/wp\/v2\/pages"}],"about":[{"href":"https:\/\/doukatech.fr\/index.php?rest_route=\/wp\/v2\/types\/page"}],"author":[{"embeddable":true,"href":"https:\/\/doukatech.fr\/index.php?rest_route=\/wp\/v2\/users\/1"}],"replies":[{"embeddable":true,"href":"https:\/\/doukatech.fr\/index.php?rest_route=%2Fwp%2Fv2%2Fcomments&post=162"}],"version-history":[{"count":63,"href":"https:\/\/doukatech.fr\/index.php?rest_route=\/wp\/v2\/pages\/162\/revisions"}],"predecessor-version":[{"id":1144,"href":"https:\/\/doukatech.fr\/index.php?rest_route=\/wp\/v2\/pages\/162\/revisions\/1144"}],"up":[{"embeddable":true,"href":"https:\/\/doukatech.fr\/index.php?rest_route=\/wp\/v2\/pages\/115"}],"wp:attachment":[{"href":"https:\/\/doukatech.fr\/index.php?rest_route=%2Fwp%2Fv2%2Fmedia&parent=162"}],"curies":[{"name":"wp","href":"https:\/\/api.w.org\/{rel}","templated":true}]}}