{"id":172,"date":"2023-11-15T15:44:58","date_gmt":"2023-11-15T14:44:58","guid":{"rendered":"https:\/\/doukatech.fr\/?page_id=172"},"modified":"2026-03-21T17:00:15","modified_gmt":"2026-03-21T16:00:15","slug":"cycle-3","status":"publish","type":"page","link":"https:\/\/doukatech.fr\/?page_id=172","title":{"rendered":"Cycle 3"},"content":{"rendered":"\n<h2 class=\"wp-block-heading has-text-align-center has-ast-global-color-5-color has-text-color has-link-color wp-elements-c4e7ca7e3521f6a52fff68222dcc439e\">Voici 3 sites pour aider les \u00e9l\u00e8ves \u00e0 se familiariser avec les types de questions aux \u00e9valuations nationales de fran\u00e7ais.<\/h2>\n\n\n\n<div class=\"wp-block-uagb-buttons uagb-buttons__outer-wrap uagb-btn__default-btn uagb-btn-tablet__default-btn uagb-btn-mobile__default-btn uagb-block-f67bd63c\"><div class=\"uagb-buttons__wrap uagb-buttons-layout-wrap \">\n<div class=\"wp-block-uagb-buttons-child uagb-buttons__outer-wrap uagb-block-27d10208 wp-block-button\" id=\"https:\/\/doukatech.fr\/internet\/evals_nationales\/entrainements.html\"><div class=\"uagb-button__wrapper\"><a class=\"uagb-buttons-repeater wp-block-button__link\" aria-label=\"\" href=\"https:\/\/doukatech.fr\/internet\/evals_nationales\/entrainements.html\" rel=\"follow noopener\" target=\"_self\" role=\"button\"><div class=\"uagb-button__link\">Entrainements Eval. Nationales 6\u00e8me Version 1<\/div><\/a><\/div><\/div>\n<\/div><\/div>\n\n\n\n<h5 class=\"wp-block-heading has-text-align-center has-ast-global-color-5-color has-text-color has-link-color wp-elements-109f28851f280ad862849f40ac518884\">Pour passer \u00e0 l&rsquo;onglet \u00ab\u00a0QCM\u00a0\u00bb, il faut valider toutes les questions de l&rsquo;onglet \u00ab\u00a0Souris &amp; Clavier\u00a0\u00bb<\/h5>\n\n\n\n<h4 class=\"wp-block-heading has-text-align-center has-ast-global-color-3-color has-text-color has-link-color wp-elements-9481307050542b5000d5f96b1472bb95\">Auteur Yannick Drapeau<\/h4>\n\n\n\n<div class=\"wp-block-uagb-buttons uagb-buttons__outer-wrap uagb-btn__default-btn uagb-btn-tablet__default-btn uagb-btn-mobile__default-btn uagb-block-24369689\"><div class=\"uagb-buttons__wrap uagb-buttons-layout-wrap \">\n<div class=\"wp-block-uagb-buttons-child uagb-buttons__outer-wrap uagb-block-350e514e wp-block-button\"><div class=\"uagb-button__wrapper\"><a class=\"uagb-buttons-repeater wp-block-button__link\" aria-label=\"\" href=\"https:\/\/doukatech.fr\/internet\/exo_eval_6_1\/eval6eme-main\/index.html\" rel=\"follow noopener\" target=\"_self\" role=\"button\"><div class=\"uagb-button__link\">Entrainements Eval. Nationales 6\u00e8me Version 2<\/div><\/a><\/div><\/div>\n<\/div><\/div>\n\n\n\n<h5 class=\"wp-block-heading has-text-align-center has-ast-global-color-5-color has-text-color has-link-color wp-elements-db48416433bb9b94317955354139116b\">Exercices d&rsquo;entrainements sur la partie fran\u00e7ais. Sans obligation de r\u00e9ponse aux questions.<\/h5>\n\n\n\n<h4 class=\"wp-block-heading has-text-align-center has-ast-global-color-3-color has-text-color has-link-color wp-elements-35df4f3b55bcb8f83d9b0c9166ef8e51\">Auteur <code>Jerome Chretinat<\/code><\/h4>\n\n\n\n<div class=\"wp-block-uagb-buttons uagb-buttons__outer-wrap uagb-btn__default-btn uagb-btn-tablet__default-btn uagb-btn-mobile__default-btn uagb-block-5a74da33\"><div class=\"uagb-buttons__wrap uagb-buttons-layout-wrap \">\n<div class=\"wp-block-uagb-buttons-child uagb-buttons__outer-wrap uagb-block-c958ba52 wp-block-button\"><div class=\"uagb-button__wrapper\"><a class=\"uagb-buttons-repeater wp-block-button__link\" aria-label=\"\" href=\"https:\/\/doukatech.fr\/internet\/exo_eval_6_1\/eval6eme-main\/2\/index.html\" rel=\"follow noopener\" target=\"_self\" role=\"button\"><div class=\"uagb-button__link\">Entrainements Eval. Nationales 6\u00e8me Version 3<\/div><\/a><\/div><\/div>\n<\/div><\/div>\n\n\n\n<h5 class=\"wp-block-heading has-text-align-center has-ast-global-color-5-color has-text-color has-link-color wp-elements-a88dd74093140abc32801c7fb51ed5a1\">Exercices d&rsquo;entrainements sur la partie fran\u00e7ais. AVEC obligation de r\u00e9ponse aux questions.<\/h5>\n\n\n\n<h4 class=\"wp-block-heading has-text-align-center has-ast-global-color-3-color has-text-color has-link-color wp-elements-35df4f3b55bcb8f83d9b0c9166ef8e51\">Auteur <code>Jerome Chretinat<\/code><\/h4>\n\n\n\n<p><\/p>\n","protected":false},"excerpt":{"rendered":"<p>Voici 3 sites pour aider les \u00e9l\u00e8ves \u00e0 se familiariser avec les types de questions aux \u00e9valuations nationales de fran\u00e7ais. Pour passer \u00e0 l&rsquo;onglet \u00ab\u00a0QCM\u00a0\u00bb, il faut valider toutes les questions de l&rsquo;onglet \u00ab\u00a0Souris &amp; Clavier\u00a0\u00bb Auteur Yannick Drapeau Exercices d&rsquo;entrainements sur la partie fran\u00e7ais. Sans obligation de r\u00e9ponse aux questions. Auteur Jerome Chretinat Exercices [&hellip;]<\/p>\n","protected":false},"author":1,"featured_media":0,"parent":115,"menu_order":0,"comment_status":"closed","ping_status":"closed","template":"","meta":{"_uag_custom_page_level_css":"","site-sidebar-layout":"default","site-content-layout":"","ast-site-content-layout":"","site-content-style":"default","site-sidebar-style":"default","ast-global-header-display":"","ast-banner-title-visibility":"","ast-main-header-display":"","ast-hfb-above-header-display":"","ast-hfb-below-header-display":"","ast-hfb-mobile-header-display":"","site-post-title":"","ast-breadcrumbs-content":"","ast-featured-img":"","footer-sml-layout":"","theme-transparent-header-meta":"","adv-header-id-meta":"","stick-header-meta":"","header-above-stick-meta":"","header-main-stick-meta":"","header-below-stick-meta":"","astra-migrate-meta-layouts":"default","ast-page-background-enabled":"default","ast-page-background-meta":{"desktop":{"background-color":"var(--ast-global-color-4)","background-image":"","background-repeat":"repeat","background-position":"center center","background-size":"auto","background-attachment":"scroll","background-type":"","background-media":"","overlay-type":"","overlay-color":"","overlay-opacity":"","overlay-gradient":""},"tablet":{"background-color":"","background-image":"","background-repeat":"repeat","background-position":"center center","background-size":"auto","background-attachment":"scroll","background-type":"","background-media":"","overlay-type":"","overlay-color":"","overlay-opacity":"","overlay-gradient":""},"mobile":{"background-color":"","background-image":"","background-repeat":"repeat","background-position":"center center","background-size":"auto","background-attachment":"scroll","background-type":"","background-media":"","overlay-type":"","overlay-color":"","overlay-opacity":"","overlay-gradient":""}},"ast-content-background-meta":{"desktop":{"background-color":"var(--ast-global-color-5)","background-image":"","background-repeat":"repeat","background-position":"center center","background-size":"auto","background-attachment":"scroll","background-type":"","background-media":"","overlay-type":"","overlay-color":"","overlay-opacity":"","overlay-gradient":""},"tablet":{"background-color":"var(--ast-global-color-5)","background-image":"","background-repeat":"repeat","background-position":"center center","background-size":"auto","background-attachment":"scroll","background-type":"","background-media":"","overlay-type":"","overlay-color":"","overlay-opacity":"","overlay-gradient":""},"mobile":{"background-color":"var(--ast-global-color-5)","background-image":"","background-repeat":"repeat","background-position":"center center","background-size":"auto","background-attachment":"scroll","background-type":"","background-media":"","overlay-type":"","overlay-color":"","overlay-opacity":"","overlay-gradient":""}},"footnotes":""},"class_list":["post-172","page","type-page","status-publish","hentry"],"uagb_featured_image_src":{"full":false,"thumbnail":false,"medium":false,"medium_large":false,"large":false,"1536x1536":false,"2048x2048":false},"uagb_author_info":{"display_name":"Drapeau","author_link":"https:\/\/doukatech.fr\/?author=1"},"uagb_comment_info":0,"uagb_excerpt":"Voici 3 sites pour aider les \u00e9l\u00e8ves \u00e0 se familiariser avec les types de questions aux \u00e9valuations nationales de fran\u00e7ais. Pour passer \u00e0 l&rsquo;onglet \u00ab\u00a0QCM\u00a0\u00bb, il faut valider toutes les questions de l&rsquo;onglet \u00ab\u00a0Souris &amp; Clavier\u00a0\u00bb Auteur Yannick Drapeau Exercices d&rsquo;entrainements sur la partie fran\u00e7ais. Sans obligation de r\u00e9ponse aux questions. Auteur Jerome Chretinat Exercices\u2026","_links":{"self":[{"href":"https:\/\/doukatech.fr\/index.php?rest_route=\/wp\/v2\/pages\/172","targetHints":{"allow":["GET"]}}],"collection":[{"href":"https:\/\/doukatech.fr\/index.php?rest_route=\/wp\/v2\/pages"}],"about":[{"href":"https:\/\/doukatech.fr\/index.php?rest_route=\/wp\/v2\/types\/page"}],"author":[{"embeddable":true,"href":"https:\/\/doukatech.fr\/index.php?rest_route=\/wp\/v2\/users\/1"}],"replies":[{"embeddable":true,"href":"https:\/\/doukatech.fr\/index.php?rest_route=%2Fwp%2Fv2%2Fcomments&post=172"}],"version-history":[{"count":10,"href":"https:\/\/doukatech.fr\/index.php?rest_route=\/wp\/v2\/pages\/172\/revisions"}],"predecessor-version":[{"id":1163,"href":"https:\/\/doukatech.fr\/index.php?rest_route=\/wp\/v2\/pages\/172\/revisions\/1163"}],"up":[{"embeddable":true,"href":"https:\/\/doukatech.fr\/index.php?rest_route=\/wp\/v2\/pages\/115"}],"wp:attachment":[{"href":"https:\/\/doukatech.fr\/index.php?rest_route=%2Fwp%2Fv2%2Fmedia&parent=172"}],"curies":[{"name":"wp","href":"https:\/\/api.w.org\/{rel}","templated":true}]}}