{"id":363,"date":"2024-01-31T16:04:00","date_gmt":"2024-01-31T15:04:00","guid":{"rendered":"https:\/\/doukatech.fr\/?page_id=363"},"modified":"2024-03-18T09:37:05","modified_gmt":"2024-03-18T08:37:05","slug":"ressources","status":"publish","type":"page","link":"https:\/\/doukatech.fr\/?page_id=363","title":{"rendered":"Ressources"},"content":{"rendered":"\n<div class=\"wp-block-uagb-container uagb-block-1e4e06e9 alignfull uagb-is-root-container\"><div class=\"uagb-container-inner-blocks-wrap\">\n<h2 class=\"wp-block-heading has-text-align-center has-ast-global-color-6-color has-text-color has-link-color has-large-font-size wp-elements-932ba27e3c591cec254ae4ae8db9df04\">DoukaTech c&rsquo;est aussi trois types de ressources :<\/h2>\n<\/div><\/div>\n\n\n\n<div class=\"wp-block-uagb-container uagb-block-aadbdc6a alignfull uagb-is-root-container\"><div class=\"uagb-container-inner-blocks-wrap\">\n<div class=\"wp-block-uagb-container uagb-block-a1466099\">\n<div class=\"wp-block-uagb-image uagb-block-f7338ac6 wp-block-uagb-image--layout-default wp-block-uagb-image--effect-static wp-block-uagb-image--align-none\"><figure class=\"wp-block-uagb-image__figure\"><a class=\"\" href=\"https:\/\/doukatech.fr\/?page_id=367\" target=\"\" rel=\"noopener\"><img decoding=\"async\" srcset=\"https:\/\/doukatech.fr\/wp-content\/uploads\/2024\/03\/internet-1.jpg ,https:\/\/doukatech.fr\/wp-content\/uploads\/2024\/03\/internet-1.jpg 780w, https:\/\/doukatech.fr\/wp-content\/uploads\/2024\/03\/internet-1.jpg 360w\" sizes=\"auto, (max-width: 480px) 150px\" src=\"https:\/\/doukatech.fr\/wp-content\/uploads\/2024\/03\/internet-1.jpg\" alt=\"\" class=\"uag-image-548\" width=\"640\" height=\"360\" title=\"internet-1\" loading=\"lazy\" role=\"img\"\/><\/a><\/figure><\/div>\n\n\n\n<div class=\"wp-block-uagb-advanced-heading uagb-block-2ef9224b\"><h3 class=\"uagb-heading-text\">Des ressources interactives<\/h3><\/div>\n\n\n\n<p class=\"has-text-align-center has-ast-global-color-7-color has-text-color has-link-color wp-elements-d66dd3b695e372d11c0daf794baa1427\">Pour les \u00e9l\u00e8ves<\/p>\n<\/div>\n\n\n\n<div class=\"wp-block-uagb-container uagb-block-2440fda7\">\n<div class=\"wp-block-uagb-image uagb-block-3d3276cd wp-block-uagb-image--layout-default wp-block-uagb-image--effect-static wp-block-uagb-image--align-none\"><figure class=\"wp-block-uagb-image__figure\"><img decoding=\"async\" srcset=\"https:\/\/doukatech.fr\/wp-content\/uploads\/2024\/03\/peda.jpg ,https:\/\/doukatech.fr\/wp-content\/uploads\/2024\/03\/peda.jpg 780w, https:\/\/doukatech.fr\/wp-content\/uploads\/2024\/03\/peda.jpg 360w\" sizes=\"auto, (max-width: 480px) 150px\" src=\"https:\/\/doukatech.fr\/wp-content\/uploads\/2024\/03\/peda.jpg\" alt=\"\" class=\"uag-image-552\" width=\"1363\" height=\"694\" title=\"peda\" loading=\"lazy\" role=\"img\"\/><\/figure><\/div>\n\n\n\n<div class=\"wp-block-uagb-advanced-heading uagb-block-2f7c056a\"><h3 class=\"uagb-heading-text\">Des documents p\u00e9dagogiques<\/h3><\/div>\n\n\n\n<p class=\"has-text-align-center has-ast-global-color-7-color has-text-color has-link-color wp-elements-b0ab44056c91ef06a3e536d3c05cc6cb\">Pour les professeurs<\/p>\n<\/div>\n\n\n\n<div class=\"wp-block-uagb-container uagb-block-b7211d0f\">\n<div class=\"wp-block-uagb-image uagb-block-20973dde wp-block-uagb-image--layout-default wp-block-uagb-image--effect-static wp-block-uagb-image--align-none\"><figure class=\"wp-block-uagb-image__figure\"><a class=\"\" href=\"https:\/\/doukatech.fr\/?page_id=539\" target=\"_blank\" rel=\"noreferrer noopener\"><img decoding=\"async\" srcset=\"https:\/\/doukatech.fr\/wp-content\/uploads\/2024\/03\/la-fabrique-a-robots.jpg ,https:\/\/doukatech.fr\/wp-content\/uploads\/2024\/03\/la-fabrique-a-robots.jpg 780w, https:\/\/doukatech.fr\/wp-content\/uploads\/2024\/03\/la-fabrique-a-robots.jpg 360w\" sizes=\"auto, (max-width: 480px) 150px\" src=\"https:\/\/doukatech.fr\/wp-content\/uploads\/2024\/03\/la-fabrique-a-robots.jpg\" alt=\"\" class=\"uag-image-550\" width=\"1363\" height=\"694\" title=\"la-fabrique-a-robots\" loading=\"lazy\" role=\"img\"\/><\/a><\/figure><\/div>\n\n\n\n<div class=\"wp-block-uagb-advanced-heading uagb-block-1a8c44c6\"><h3 class=\"uagb-heading-text\">Une fabrique \u00e0 robots<\/h3><\/div>\n\n\n\n<p class=\"has-text-align-center has-ast-global-color-7-color has-text-color has-link-color wp-elements-14fb64058973064b04f2c0b91c64ac7f\">Pour les professeurs et curieux<\/p>\n<\/div>\n<\/div><\/div>\n","protected":false},"excerpt":{"rendered":"<p>DoukaTech c&rsquo;est aussi trois types de ressources : Des ressources interactives Pour les \u00e9l\u00e8ves Des documents p\u00e9dagogiques Pour les professeurs Une fabrique \u00e0 robots Pour les professeurs et curieux<\/p>\n","protected":false},"author":1,"featured_media":0,"parent":0,"menu_order":0,"comment_status":"closed","ping_status":"closed","template":"","meta":{"_uag_custom_page_level_css":"","site-sidebar-layout":"default","site-content-layout":"","ast-site-content-layout":"","site-content-style":"default","site-sidebar-style":"default","ast-global-header-display":"","ast-banner-title-visibility":"","ast-main-header-display":"","ast-hfb-above-header-display":"","ast-hfb-below-header-display":"","ast-hfb-mobile-header-display":"","site-post-title":"","ast-breadcrumbs-content":"","ast-featured-img":"","footer-sml-layout":"","theme-transparent-header-meta":"","adv-header-id-meta":"","stick-header-meta":"","header-above-stick-meta":"","header-main-stick-meta":"","header-below-stick-meta":"","astra-migrate-meta-layouts":"default","ast-page-background-enabled":"default","ast-page-background-meta":{"desktop":{"background-color":"var(--ast-global-color-4)","background-image":"","background-repeat":"repeat","background-position":"center center","background-size":"auto","background-attachment":"scroll","background-type":"","background-media":"","overlay-type":"","overlay-color":"","overlay-opacity":"","overlay-gradient":""},"tablet":{"background-color":"","background-image":"","background-repeat":"repeat","background-position":"center center","background-size":"auto","background-attachment":"scroll","background-type":"","background-media":"","overlay-type":"","overlay-color":"","overlay-opacity":"","overlay-gradient":""},"mobile":{"background-color":"","background-image":"","background-repeat":"repeat","background-position":"center center","background-size":"auto","background-attachment":"scroll","background-type":"","background-media":"","overlay-type":"","overlay-color":"","overlay-opacity":"","overlay-gradient":""}},"ast-content-background-meta":{"desktop":{"background-color":"var(--ast-global-color-5)","background-image":"","background-repeat":"repeat","background-position":"center center","background-size":"auto","background-attachment":"scroll","background-type":"","background-media":"","overlay-type":"","overlay-color":"","overlay-opacity":"","overlay-gradient":""},"tablet":{"background-color":"var(--ast-global-color-5)","background-image":"","background-repeat":"repeat","background-position":"center center","background-size":"auto","background-attachment":"scroll","background-type":"","background-media":"","overlay-type":"","overlay-color":"","overlay-opacity":"","overlay-gradient":""},"mobile":{"background-color":"var(--ast-global-color-5)","background-image":"","background-repeat":"repeat","background-position":"center center","background-size":"auto","background-attachment":"scroll","background-type":"","background-media":"","overlay-type":"","overlay-color":"","overlay-opacity":"","overlay-gradient":""}},"footnotes":""},"class_list":["post-363","page","type-page","status-publish","hentry"],"uagb_featured_image_src":{"full":false,"thumbnail":false,"medium":false,"medium_large":false,"large":false,"1536x1536":false,"2048x2048":false},"uagb_author_info":{"display_name":"Drapeau","author_link":"https:\/\/doukatech.fr\/?author=1"},"uagb_comment_info":0,"uagb_excerpt":"DoukaTech c&rsquo;est aussi trois types de ressources : Des ressources interactives Pour les \u00e9l\u00e8ves Des documents p\u00e9dagogiques Pour les professeurs Une fabrique \u00e0 robots Pour les professeurs et curieux","_links":{"self":[{"href":"https:\/\/doukatech.fr\/index.php?rest_route=\/wp\/v2\/pages\/363","targetHints":{"allow":["GET"]}}],"collection":[{"href":"https:\/\/doukatech.fr\/index.php?rest_route=\/wp\/v2\/pages"}],"about":[{"href":"https:\/\/doukatech.fr\/index.php?rest_route=\/wp\/v2\/types\/page"}],"author":[{"embeddable":true,"href":"https:\/\/doukatech.fr\/index.php?rest_route=\/wp\/v2\/users\/1"}],"replies":[{"embeddable":true,"href":"https:\/\/doukatech.fr\/index.php?rest_route=%2Fwp%2Fv2%2Fcomments&post=363"}],"version-history":[{"count":17,"href":"https:\/\/doukatech.fr\/index.php?rest_route=\/wp\/v2\/pages\/363\/revisions"}],"predecessor-version":[{"id":571,"href":"https:\/\/doukatech.fr\/index.php?rest_route=\/wp\/v2\/pages\/363\/revisions\/571"}],"wp:attachment":[{"href":"https:\/\/doukatech.fr\/index.php?rest_route=%2Fwp%2Fv2%2Fmedia&parent=363"}],"curies":[{"name":"wp","href":"https:\/\/api.w.org\/{rel}","templated":true}]}}