{"id":651,"date":"2024-05-19T09:59:05","date_gmt":"2024-05-19T07:59:05","guid":{"rendered":"https:\/\/doukatech.fr\/?page_id=651"},"modified":"2026-03-16T15:13:21","modified_gmt":"2026-03-16T14:13:21","slug":"pb3-analyser-et-comprendre-les-objets","status":"publish","type":"page","link":"https:\/\/doukatech.fr\/?page_id=651","title":{"rendered":"Pb3 &#8211; Analyser et Comprendre les objets"},"content":{"rendered":"\n<div class=\"wp-block-uagb-container uagb-block-07dd24c9 alignfull uagb-is-root-container\"><div class=\"uagb-container-inner-blocks-wrap\">\n<div class=\"wp-block-uagb-container uagb-block-241f34b5\">\n<h2 class=\"wp-block-heading has-ast-global-color-7-color has-text-color has-link-color wp-elements-7bb0c6006daa4fa2117a89660bd44001\"><a href=\"https:\/\/doukatech.fr\/?page_id=409\" data-type=\"link\" data-id=\"https:\/\/doukatech.fr\/?page_id=409\">Pb3 &#8211; Analyser et comprendre les objets et syst\u00e8mes techniques<\/a><\/h2>\n\n\n\n<h2 class=\"wp-block-heading has-ast-global-color-4-color has-text-color has-link-color has-large-font-size wp-elements-711ef983e5a437fac12a2f1f4d293b93\" style=\"padding-right:var(--wp--preset--spacing--80);padding-left:var(--wp--preset--spacing--80)\">S\u00e9ance 1 : La circulation des \u00e9nergies dans un OST<\/h2>\n\n\n\n<h2 class=\"wp-block-heading has-ast-global-color-3-color has-text-color has-link-color has-medium-font-size wp-elements-bbd81ee42e7e9bca0d421e187f6e9de0\" style=\"margin-top:0px;margin-bottom:0px;padding-top:0px;padding-right:10rem;padding-bottom:0px;padding-left:10rem;font-style:italic;font-weight:200\">D\u00e9couverte de la cha\u00eene d&rsquo;\u00e9nergie<\/h2>\n\n\n\n<div class=\"wp-block-uagb-container uagb-block-ae7d8070 alignfull uagb-is-root-container\"><div class=\"uagb-container-inner-blocks-wrap\">\n<div class=\"wp-block-uagb-container uagb-block-cc421fe7\">\n<h2 class=\"wp-block-heading has-text-align-center has-white-color has-text-color has-link-color has-medium-font-size wp-elements-5a079119af1a1de42574e27f3b114b57\">Feuille d&rsquo;activit\u00e9<\/h2>\n\n\n\n<div class=\"wp-block-columns is-layout-flex wp-container-core-columns-is-layout-28f84493 wp-block-columns-is-layout-flex\">\n<div class=\"wp-block-column is-layout-flow wp-block-column-is-layout-flow\" style=\"flex-basis:100%\">\n<div data-wp-interactive=\"core\/file\" class=\"wp-block-file\"><object data-wp-bind--hidden=\"!state.hasPdfPreview\" hidden class=\"wp-block-file__embed\" data=\"https:\/\/doukatech.fr\/wp-content\/uploads\/2024\/05\/Pb3-Seance1-Des-objets-techniques.pdf\" type=\"application\/pdf\" style=\"width:100%;height:200px\" aria-label=\"Contenu embarqu\u00e9 Pb3-Seance1-Des-objets-techniques.\"><\/object><a id=\"wp-block-file--media-5f0d7087-20b4-4e74-86a0-ff37a02db763\" href=\"https:\/\/doukatech.fr\/wp-content\/uploads\/2024\/05\/Pb3-Seance1-Des-objets-techniques.pdf\">Pb3-Seance1-Des-objets-techniques<\/a><\/div>\n<\/div>\n<\/div>\n<\/div>\n\n\n\n<div class=\"wp-block-uagb-container uagb-block-437a70fd\">\n<h2 class=\"wp-block-heading has-text-align-center has-luminous-vivid-amber-color has-text-color has-link-color has-medium-font-size wp-elements-4cebfb5c155d3aec54b6fb922c18b488\">Energie et cha\u00eene d&rsquo;\u00e9nergie<\/h2>\n\n\n\n<figure class=\"wp-block-image size-full is-resized\"><a href=\"https:\/\/doukatech.fr\/internet\/la_chaine_energie_5\/la_chaine_energie_5.html\" target=\"_blank\" rel=\"noreferrer noopener\"><img loading=\"lazy\" decoding=\"async\" width=\"640\" height=\"360\" src=\"https:\/\/doukatech.fr\/wp-content\/uploads\/2024\/03\/la_chaine_energie.jpg\" alt=\"\" class=\"wp-image-487\" style=\"width:auto;height:200px\" srcset=\"https:\/\/doukatech.fr\/wp-content\/uploads\/2024\/03\/la_chaine_energie.jpg 640w, https:\/\/doukatech.fr\/wp-content\/uploads\/2024\/03\/la_chaine_energie-300x169.jpg 300w\" sizes=\"auto, (max-width: 640px) 100vw, 640px\" \/><\/a><\/figure>\n<\/div>\n\n\n\n<div class=\"wp-block-uagb-container uagb-block-3f3ef4e2\"><\/div>\n<\/div><\/div>\n\n\n\n<h2 class=\"wp-block-heading has-ast-global-color-4-color has-text-color has-link-color has-large-font-size wp-elements-97b39f8e46787c33575c1ca83a805246\" style=\"padding-right:var(--wp--preset--spacing--80);padding-left:var(--wp--preset--spacing--80)\">S\u00e9ance 2 : La circulation des informations dans un OST<\/h2>\n\n\n\n<h2 class=\"wp-block-heading has-ast-global-color-3-color has-text-color has-link-color has-medium-font-size wp-elements-085ecc6ceee3df63693b3e3c82fda464\" style=\"margin-top:0px;margin-bottom:0px;padding-top:0px;padding-right:10rem;padding-bottom:0px;padding-left:10rem;font-style:italic;font-weight:200\">D\u00e9couverte de la cha\u00eene d&rsquo;information<\/h2>\n\n\n\n<div class=\"wp-block-uagb-container uagb-block-3302416b alignfull uagb-is-root-container\"><div class=\"uagb-container-inner-blocks-wrap\">\n<div class=\"wp-block-uagb-container uagb-block-c1553eb3\">\n<h2 class=\"wp-block-heading has-text-align-center has-white-color has-text-color has-link-color has-medium-font-size wp-elements-5a079119af1a1de42574e27f3b114b57\">Feuille d&rsquo;activit\u00e9<\/h2>\n\n\n\n<div class=\"wp-block-columns is-layout-flex wp-container-core-columns-is-layout-28f84493 wp-block-columns-is-layout-flex\">\n<div class=\"wp-block-column is-layout-flow wp-block-column-is-layout-flow\" style=\"flex-basis:100%\">\n<div data-wp-interactive=\"core\/file\" class=\"wp-block-file\"><object data-wp-bind--hidden=\"!state.hasPdfPreview\" hidden class=\"wp-block-file__embed\" data=\"https:\/\/doukatech.fr\/wp-content\/uploads\/2024\/05\/Pb3-Seance2-Des-objets-systemes-techniques.pdf\" type=\"application\/pdf\" style=\"width:100%;height:200px\" aria-label=\"Contenu embarqu\u00e9 Pb3-Seance2-Des-objets-systemes-techniques.\"><\/object><a id=\"wp-block-file--media-e33cf7b2-01e9-452e-9a87-478d3358fc43\" href=\"https:\/\/doukatech.fr\/wp-content\/uploads\/2024\/05\/Pb3-Seance2-Des-objets-systemes-techniques.pdf\">Pb3-Seance2-Des-objets-systemes-techniques<\/a><\/div>\n<\/div>\n<\/div>\n<\/div>\n\n\n\n<div class=\"wp-block-uagb-container uagb-block-8836685d\">\n<h2 class=\"wp-block-heading has-text-align-center has-luminous-vivid-amber-color has-text-color has-link-color has-medium-font-size wp-elements-63a6d33170ff8aae95e39ce108fe009f\">La cha\u00eene d&rsquo;information<\/h2>\n\n\n\n<figure class=\"wp-block-image size-full is-resized\"><a href=\"https:\/\/doukatech.fr\/internet\/la_chaine_information\/la_chaine_information.html\" target=\"_blank\" rel=\"noreferrer noopener\"><img loading=\"lazy\" decoding=\"async\" width=\"640\" height=\"360\" src=\"https:\/\/doukatech.fr\/wp-content\/uploads\/2024\/03\/la_chaine_information.jpg\" alt=\"\" class=\"wp-image-488\" style=\"width:auto;height:200px\" srcset=\"https:\/\/doukatech.fr\/wp-content\/uploads\/2024\/03\/la_chaine_information.jpg 640w, https:\/\/doukatech.fr\/wp-content\/uploads\/2024\/03\/la_chaine_information-300x169.jpg 300w\" sizes=\"auto, (max-width: 640px) 100vw, 640px\" \/><\/a><\/figure>\n<\/div>\n\n\n\n<div class=\"wp-block-uagb-container uagb-block-dc5ed1dd\"><\/div>\n<\/div><\/div>\n\n\n\n<h2 class=\"wp-block-heading has-ast-global-color-4-color has-text-color has-link-color has-large-font-size wp-elements-41ecdc25b2fce9c68298a27faad853ce\" style=\"padding-right:var(--wp--preset--spacing--80);padding-left:var(--wp--preset--spacing--80)\">S\u00e9ance 3 : Les mat\u00e9riaux et la fabrication d&rsquo;un OST<\/h2>\n\n\n\n<h2 class=\"wp-block-heading has-ast-global-color-3-color has-text-color has-link-color has-medium-font-size wp-elements-a5ae2f724b7b42fc06c28df9b31ac22f\" style=\"margin-top:0px;margin-bottom:0px;padding-top:0px;padding-right:10rem;padding-bottom:0px;padding-left:10rem;font-style:italic;font-weight:200\">D\u00e9couverte des mat\u00e9riaux et des machines du laboratoire de technologie<\/h2>\n\n\n\n<div class=\"wp-block-uagb-container uagb-block-3e10d432 alignfull uagb-is-root-container\"><div class=\"uagb-container-inner-blocks-wrap\">\n<div class=\"wp-block-uagb-container uagb-block-23b086c7\">\n<h2 class=\"wp-block-heading has-text-align-center has-white-color has-text-color has-link-color has-medium-font-size wp-elements-5a079119af1a1de42574e27f3b114b57\">Feuille d&rsquo;activit\u00e9<\/h2>\n\n\n\n<div class=\"wp-block-columns is-layout-flex wp-container-core-columns-is-layout-28f84493 wp-block-columns-is-layout-flex\">\n<div class=\"wp-block-column is-layout-flow wp-block-column-is-layout-flow\" style=\"flex-basis:100%\">\n<div data-wp-interactive=\"core\/file\" class=\"wp-block-file\"><object data-wp-bind--hidden=\"!state.hasPdfPreview\" hidden class=\"wp-block-file__embed\" data=\"https:\/\/doukatech.fr\/wp-content\/uploads\/2025\/05\/Pb3-Seance3-Des-systemes-techniques-et-materiaux.pdf\" type=\"application\/pdf\" style=\"width:100%;height:200px\" aria-label=\"Contenu embarqu\u00e9 Pb3-S\u00e9ance3 - Des syst\u00e8mes techniques et mat\u00e9riaux.\"><\/object><a id=\"wp-block-file--media-3d4a6fc6-e546-49f6-bc59-281d1372faf6\" href=\"https:\/\/doukatech.fr\/wp-content\/uploads\/2025\/05\/Pb3-Seance3-Des-systemes-techniques-et-materiaux.pdf\">Pb3-S\u00e9ance3 &#8211; Des syst\u00e8mes techniques et mat\u00e9riaux<\/a><\/div>\n<\/div>\n<\/div>\n<\/div>\n\n\n\n<div class=\"wp-block-uagb-container uagb-block-06b7e731\">\n<h2 class=\"wp-block-heading has-text-align-center has-luminous-vivid-amber-color has-text-color has-link-color has-medium-font-size wp-elements-63a6d33170ff8aae95e39ce108fe009f\">La cha\u00eene d&rsquo;information<\/h2>\n\n\n\n<figure class=\"wp-block-image size-full is-resized\"><a href=\"https:\/\/doukatech.fr\/internet\/la_chaine_information\/la_chaine_information.html\" target=\"_blank\" rel=\"noreferrer noopener\"><img loading=\"lazy\" decoding=\"async\" width=\"640\" height=\"360\" src=\"https:\/\/doukatech.fr\/wp-content\/uploads\/2024\/03\/la_chaine_information.jpg\" alt=\"\" class=\"wp-image-488\" style=\"width:auto;height:200px\" srcset=\"https:\/\/doukatech.fr\/wp-content\/uploads\/2024\/03\/la_chaine_information.jpg 640w, https:\/\/doukatech.fr\/wp-content\/uploads\/2024\/03\/la_chaine_information-300x169.jpg 300w\" sizes=\"auto, (max-width: 640px) 100vw, 640px\" \/><\/a><\/figure>\n<\/div>\n\n\n\n<div class=\"wp-block-uagb-container uagb-block-f8906b57\">\n<h2 class=\"wp-block-heading has-text-align-center has-luminous-vivid-amber-color has-text-color has-link-color has-medium-font-size wp-elements-f99ab3aa7d2379cac31c738d3f03fb6f\">La cha\u00eene d&rsquo;\u00e9nergie<\/h2>\n\n\n\n<figure class=\"wp-block-image size-full is-resized\"><a href=\"https:\/\/doukatech.fr\/internet\/la_chaine_energie_5\/la_chaine_energie_5.html\" target=\"_blank\" rel=\" noreferrer noopener\"><img loading=\"lazy\" decoding=\"async\" width=\"640\" height=\"360\" src=\"https:\/\/doukatech.fr\/wp-content\/uploads\/2024\/03\/la_chaine_energie.jpg\" alt=\"\" class=\"wp-image-487\" style=\"width:auto;height:200px\" srcset=\"https:\/\/doukatech.fr\/wp-content\/uploads\/2024\/03\/la_chaine_energie.jpg 640w, https:\/\/doukatech.fr\/wp-content\/uploads\/2024\/03\/la_chaine_energie-300x169.jpg 300w\" sizes=\"auto, (max-width: 640px) 100vw, 640px\" \/><\/a><\/figure>\n<\/div>\n<\/div><\/div>\n\n\n\n<div class=\"wp-block-uagb-container uagb-block-1b725b96 alignfull uagb-is-root-container\"><div class=\"uagb-container-inner-blocks-wrap\">\n<div class=\"wp-block-uagb-container uagb-block-c096ea2f\">\n<h2 class=\"wp-block-heading has-text-align-center has-luminous-vivid-amber-color has-text-color has-link-color has-medium-font-size wp-elements-8e4d17b6057e941bebc07d569b38523f\">D\u00e9couvrir les mat\u00e9riaux<\/h2>\n\n\n\n<figure class=\"wp-block-image size-full is-resized\"><a href=\"https:\/\/doukatech.fr\/internet\/les_materiaux\/les_materiaux.html\" target=\"_blank\" rel=\"noreferrer noopener\"><img loading=\"lazy\" decoding=\"async\" width=\"640\" height=\"360\" src=\"https:\/\/doukatech.fr\/wp-content\/uploads\/2024\/03\/les_materiaux.jpg\" alt=\"\" class=\"wp-image-482\" style=\"width:auto;height:200px\" srcset=\"https:\/\/doukatech.fr\/wp-content\/uploads\/2024\/03\/les_materiaux.jpg 640w, https:\/\/doukatech.fr\/wp-content\/uploads\/2024\/03\/les_materiaux-300x169.jpg 300w\" sizes=\"auto, (max-width: 640px) 100vw, 640px\" \/><\/a><\/figure>\n<\/div>\n\n\n\n<div class=\"wp-block-uagb-container uagb-block-de990e80\">\n<h2 class=\"wp-block-heading has-text-align-center has-luminous-vivid-amber-color has-text-color has-link-color has-medium-font-size wp-elements-24c07d3b3f7cbcb41ec669e9da15b021\">Identifier un mat\u00e9riaux<\/h2>\n\n\n\n<figure class=\"wp-block-image size-full is-resized\"><a href=\"https:\/\/doukatech.fr\/internet\/identifier_materiaux\/identifier_materiaux.html\" target=\"_blank\" rel=\"noreferrer noopener\"><img loading=\"lazy\" decoding=\"async\" width=\"640\" height=\"360\" src=\"https:\/\/doukatech.fr\/wp-content\/uploads\/2024\/03\/identifier_materiaux.jpg\" alt=\"\" class=\"wp-image-483\" style=\"width:auto;height:200px\" srcset=\"https:\/\/doukatech.fr\/wp-content\/uploads\/2024\/03\/identifier_materiaux.jpg 640w, https:\/\/doukatech.fr\/wp-content\/uploads\/2024\/03\/identifier_materiaux-300x169.jpg 300w\" sizes=\"auto, (max-width: 640px) 100vw, 640px\" \/><\/a><\/figure>\n<\/div>\n\n\n\n<div class=\"wp-block-uagb-container uagb-block-8356acbb\">\n<h2 class=\"wp-block-heading has-text-align-center has-luminous-vivid-amber-color has-text-color has-link-color has-medium-font-size wp-elements-68a1b3646e73d6f4cccae89bb6c17764\">Les machines de l&rsquo;atelier<\/h2>\n\n\n\n<figure class=\"wp-block-image size-full is-resized\"><a href=\"https:\/\/doukatech.fr\/internet\/les_machines\/les_machines.html\" target=\"_blank\" rel=\"noreferrer noopener\"><img loading=\"lazy\" decoding=\"async\" width=\"640\" height=\"360\" src=\"https:\/\/doukatech.fr\/wp-content\/uploads\/2024\/03\/les_machines.jpg\" alt=\"\" class=\"wp-image-484\" style=\"width:auto;height:200px\" srcset=\"https:\/\/doukatech.fr\/wp-content\/uploads\/2024\/03\/les_machines.jpg 640w, https:\/\/doukatech.fr\/wp-content\/uploads\/2024\/03\/les_machines-300x169.jpg 300w\" sizes=\"auto, (max-width: 640px) 100vw, 640px\" \/><\/a><\/figure>\n<\/div>\n<\/div><\/div>\n\n\n\n<h2 class=\"wp-block-heading has-pale-cyan-blue-color has-text-color has-link-color has-large-font-size wp-elements-43fa2b658c88207984b0daa855e20023\" style=\"padding-right:var(--wp--preset--spacing--80);padding-left:var(--wp--preset--spacing--80)\">Synth\u00e8se de la probl\u00e9matique 3<\/h2>\n\n\n\n<div class=\"wp-block-group is-nowrap is-layout-flex wp-container-core-group-is-layout-6c531013 wp-block-group-is-layout-flex\">\n<div class=\"wp-block-uagb-container uagb-block-a0c2995b\">\n<h2 class=\"wp-block-heading has-text-align-center has-white-color has-text-color has-link-color has-medium-font-size wp-elements-e8bddbd1397174e4d0fbd495e66d4323\">Feuille de synth\u00e8se<\/h2>\n\n\n\n<div class=\"wp-block-columns is-layout-flex wp-container-core-columns-is-layout-28f84493 wp-block-columns-is-layout-flex\">\n<div class=\"wp-block-column is-layout-flow wp-block-column-is-layout-flow\" style=\"flex-basis:100%\">\n<div data-wp-interactive=\"core\/file\" class=\"wp-block-file\"><object data-wp-bind--hidden=\"!state.hasPdfPreview\" hidden class=\"wp-block-file__embed\" data=\"https:\/\/doukatech.fr\/wp-content\/uploads\/2024\/05\/Pb3-synthese.pdf\" type=\"application\/pdf\" style=\"width:100%;height:200px\" aria-label=\"Contenu embarqu\u00e9 Pb3-synthese.\"><\/object><a id=\"wp-block-file--media-12f86dd5-aa4f-4cee-848d-349b75ec710f\" href=\"https:\/\/doukatech.fr\/wp-content\/uploads\/2024\/05\/Pb3-synthese.pdf\">Pb3-synthese<\/a><\/div>\n<\/div>\n<\/div>\n<\/div>\n\n\n\n<div class=\"wp-block-uagb-container uagb-block-814d2dfc\"><\/div>\n\n\n\n<div class=\"wp-block-uagb-container uagb-block-6bdd2c10\"><\/div>\n<\/div>\n<\/div>\n<\/div><\/div>\n","protected":false},"excerpt":{"rendered":"<p>Pb3 &#8211; Analyser et comprendre les objets et syst\u00e8mes techniques S\u00e9ance 1 : La circulation des \u00e9nergies dans un OST D\u00e9couverte de la cha\u00eene d&rsquo;\u00e9nergie Feuille d&rsquo;activit\u00e9 Energie et cha\u00eene d&rsquo;\u00e9nergie S\u00e9ance 2 : La circulation des informations dans un OST D\u00e9couverte de la cha\u00eene d&rsquo;information Feuille d&rsquo;activit\u00e9 La cha\u00eene d&rsquo;information S\u00e9ance 3 : Les [&hellip;]<\/p>\n","protected":false},"author":1,"featured_media":0,"parent":162,"menu_order":3,"comment_status":"closed","ping_status":"closed","template":"","meta":{"_uag_custom_page_level_css":"","site-sidebar-layout":"default","site-content-layout":"","ast-site-content-layout":"","site-content-style":"default","site-sidebar-style":"default","ast-global-header-display":"","ast-banner-title-visibility":"","ast-main-header-display":"","ast-hfb-above-header-display":"","ast-hfb-below-header-display":"","ast-hfb-mobile-header-display":"","site-post-title":"","ast-breadcrumbs-content":"","ast-featured-img":"","footer-sml-layout":"","theme-transparent-header-meta":"","adv-header-id-meta":"","stick-header-meta":"","header-above-stick-meta":"","header-main-stick-meta":"","header-below-stick-meta":"","astra-migrate-meta-layouts":"default","ast-page-background-enabled":"default","ast-page-background-meta":{"desktop":{"background-color":"var(--ast-global-color-4)","background-image":"","background-repeat":"repeat","background-position":"center center","background-size":"auto","background-attachment":"scroll","background-type":"","background-media":"","overlay-type":"","overlay-color":"","overlay-opacity":"","overlay-gradient":""},"tablet":{"background-color":"","background-image":"","background-repeat":"repeat","background-position":"center center","background-size":"auto","background-attachment":"scroll","background-type":"","background-media":"","overlay-type":"","overlay-color":"","overlay-opacity":"","overlay-gradient":""},"mobile":{"background-color":"","background-image":"","background-repeat":"repeat","background-position":"center center","background-size":"auto","background-attachment":"scroll","background-type":"","background-media":"","overlay-type":"","overlay-color":"","overlay-opacity":"","overlay-gradient":""}},"ast-content-background-meta":{"desktop":{"background-color":"var(--ast-global-color-5)","background-image":"","background-repeat":"repeat","background-position":"center center","background-size":"auto","background-attachment":"scroll","background-type":"","background-media":"","overlay-type":"","overlay-color":"","overlay-opacity":"","overlay-gradient":""},"tablet":{"background-color":"var(--ast-global-color-5)","background-image":"","background-repeat":"repeat","background-position":"center center","background-size":"auto","background-attachment":"scroll","background-type":"","background-media":"","overlay-type":"","overlay-color":"","overlay-opacity":"","overlay-gradient":""},"mobile":{"background-color":"var(--ast-global-color-5)","background-image":"","background-repeat":"repeat","background-position":"center center","background-size":"auto","background-attachment":"scroll","background-type":"","background-media":"","overlay-type":"","overlay-color":"","overlay-opacity":"","overlay-gradient":""}},"footnotes":""},"class_list":["post-651","page","type-page","status-publish","hentry"],"uagb_featured_image_src":{"full":false,"thumbnail":false,"medium":false,"medium_large":false,"large":false,"1536x1536":false,"2048x2048":false},"uagb_author_info":{"display_name":"Drapeau","author_link":"https:\/\/doukatech.fr\/?author=1"},"uagb_comment_info":0,"uagb_excerpt":"Pb3 &#8211; Analyser et comprendre les objets et syst\u00e8mes techniques S\u00e9ance 1 : La circulation des \u00e9nergies dans un OST D\u00e9couverte de la cha\u00eene d&rsquo;\u00e9nergie Feuille d&rsquo;activit\u00e9 Energie et cha\u00eene d&rsquo;\u00e9nergie S\u00e9ance 2 : La circulation des informations dans un OST D\u00e9couverte de la cha\u00eene d&rsquo;information Feuille d&rsquo;activit\u00e9 La cha\u00eene d&rsquo;information S\u00e9ance 3 : Les\u2026","_links":{"self":[{"href":"https:\/\/doukatech.fr\/index.php?rest_route=\/wp\/v2\/pages\/651","targetHints":{"allow":["GET"]}}],"collection":[{"href":"https:\/\/doukatech.fr\/index.php?rest_route=\/wp\/v2\/pages"}],"about":[{"href":"https:\/\/doukatech.fr\/index.php?rest_route=\/wp\/v2\/types\/page"}],"author":[{"embeddable":true,"href":"https:\/\/doukatech.fr\/index.php?rest_route=\/wp\/v2\/users\/1"}],"replies":[{"embeddable":true,"href":"https:\/\/doukatech.fr\/index.php?rest_route=%2Fwp%2Fv2%2Fcomments&post=651"}],"version-history":[{"count":8,"href":"https:\/\/doukatech.fr\/index.php?rest_route=\/wp\/v2\/pages\/651\/revisions"}],"predecessor-version":[{"id":1155,"href":"https:\/\/doukatech.fr\/index.php?rest_route=\/wp\/v2\/pages\/651\/revisions\/1155"}],"up":[{"embeddable":true,"href":"https:\/\/doukatech.fr\/index.php?rest_route=\/wp\/v2\/pages\/162"}],"wp:attachment":[{"href":"https:\/\/doukatech.fr\/index.php?rest_route=%2Fwp%2Fv2%2Fmedia&parent=651"}],"curies":[{"name":"wp","href":"https:\/\/api.w.org\/{rel}","templated":true}]}}