{"id":662,"date":"2024-05-19T10:15:11","date_gmt":"2024-05-19T08:15:11","guid":{"rendered":"https:\/\/doukatech.fr\/?page_id=662"},"modified":"2025-11-17T16:58:39","modified_gmt":"2025-11-17T15:58:39","slug":"pb1-humains-et-objets","status":"publish","type":"page","link":"https:\/\/doukatech.fr\/?page_id=662","title":{"rendered":"Pb1 &#8211; Des humains et des objets"},"content":{"rendered":"\n<div class=\"wp-block-uagb-container uagb-block-07dd24c9 alignfull uagb-is-root-container\"><div class=\"uagb-container-inner-blocks-wrap\">\n<div class=\"wp-block-uagb-container uagb-block-41dc7066\">\n<h2 class=\"wp-block-heading has-ast-global-color-7-color has-text-color has-link-color wp-elements-722b9a52cfbe83d40ae4b7e40ccd3eea\">Pb1 &#8211; Des humains et des objets<\/h2>\n\n\n\n<h2 class=\"wp-block-heading has-ast-global-color-4-color has-text-color has-link-color has-large-font-size wp-elements-1639044f6cad803cb44a7e8786d0a41b\" style=\"padding-right:0;padding-left:0\">S\u00e9ance 1 : C&rsquo;est quoi un objet technique<\/h2>\n\n\n\n<h2 class=\"wp-block-heading has-ast-global-color-3-color has-text-color has-link-color has-medium-font-size wp-elements-d97378e0a0d04786b68c222d82ad2b1e\" style=\"margin-top:0px;margin-bottom:0px;padding-top:0px;padding-right:0rem;padding-bottom:0px;padding-left:0rem;font-style:italic;font-weight:200\">D\u00e9couverte de l&rsquo;utilit\u00e9 des objets techniques. Notamment, de la fonction d&rsquo;usage et des autres fonctions et du besoin.<\/h2>\n\n\n\n<div class=\"wp-block-uagb-container uagb-block-b575f785\">\n<div class=\"wp-block-uagb-container uagb-block-463117df alignfull uagb-is-root-container\"><div class=\"uagb-container-inner-blocks-wrap\">\n<div class=\"wp-block-uagb-container uagb-block-24bea1d9\">\n<h2 class=\"wp-block-heading has-text-align-center has-white-color has-text-color has-link-color has-medium-font-size wp-elements-5a079119af1a1de42574e27f3b114b57\">Feuille d&rsquo;activit\u00e9<\/h2>\n\n\n\n<div class=\"wp-block-columns is-layout-flex wp-container-core-columns-is-layout-28f84493 wp-block-columns-is-layout-flex\">\n<div class=\"wp-block-column is-layout-flow wp-block-column-is-layout-flow\" style=\"flex-basis:100%\">\n<div data-wp-interactive=\"core\/file\" class=\"wp-block-file\"><object data-wp-bind--hidden=\"!state.hasPdfPreview\" hidden class=\"wp-block-file__embed\" data=\"https:\/\/doukatech.fr\/wp-content\/uploads\/2025\/11\/Pb1S1-Activite-Cest-quoi-un-OST.pdf\" type=\"application\/pdf\" style=\"width:100%;height:200px\" aria-label=\"Contenu embarqu\u00e9 Pb1S1 - Activit\u00e9 - C&apos;est quoi un OST.\"><\/object><a id=\"wp-block-file--media-589c6102-8b44-4d47-a810-65235f5b0eb2\" href=\"https:\/\/doukatech.fr\/wp-content\/uploads\/2025\/11\/Pb1S1-Activite-Cest-quoi-un-OST.pdf\">Pb1S1 &#8211; Activit\u00e9 &#8211; C&rsquo;est quoi un OST<\/a><\/div>\n<\/div>\n<\/div>\n<\/div>\n\n\n\n<div class=\"wp-block-uagb-container uagb-block-9875c8e0\">\n<div class=\"wp-block-columns is-layout-flex wp-container-core-columns-is-layout-28f84493 wp-block-columns-is-layout-flex\">\n<div class=\"wp-block-column is-layout-flow wp-block-column-is-layout-flow\" style=\"flex-basis:100%\"><\/div>\n<\/div>\n<\/div>\n\n\n\n<div class=\"wp-block-uagb-container uagb-block-aed44424\"><\/div>\n<\/div><\/div>\n<\/div>\n\n\n\n<h2 class=\"wp-block-heading has-ast-global-color-4-color has-text-color has-link-color has-large-font-size wp-elements-ef5d17c90c19e1be1b5b44d77bf2e33a\" style=\"padding-right:0;padding-left:0\">S\u00e9ance 2 : Les objets ont une histoire<\/h2>\n\n\n\n<h2 class=\"wp-block-heading has-ast-global-color-3-color has-text-color has-link-color has-medium-font-size wp-elements-1529cc48bb59e7b214921a913c842292\" style=\"margin-top:0px;margin-bottom:0px;padding-top:0px;padding-right:0rem;padding-bottom:0px;padding-left:0rem;font-style:italic;font-weight:200\">Mise en place d&rsquo;un mus\u00e9e des objets de transports. D\u00e9couverte de l&rsquo;\u00e9volution des besoins, des fonctions et principes techniques, des familles et lign\u00e9es et des contraintes soci\u00e9tales.<\/h2>\n\n\n\n<div class=\"wp-block-uagb-container uagb-block-43d1889e\">\n<div class=\"wp-block-uagb-container uagb-block-ae7d8070 alignfull uagb-is-root-container\"><div class=\"uagb-container-inner-blocks-wrap\">\n<div class=\"wp-block-uagb-container uagb-block-cc421fe7\">\n<h2 class=\"wp-block-heading has-text-align-center has-white-color has-text-color has-link-color has-medium-font-size wp-elements-5a079119af1a1de42574e27f3b114b57\">Feuille d&rsquo;activit\u00e9<\/h2>\n\n\n\n<div class=\"wp-block-columns is-layout-flex wp-container-core-columns-is-layout-28f84493 wp-block-columns-is-layout-flex\">\n<div class=\"wp-block-column is-layout-flow wp-block-column-is-layout-flow\" style=\"flex-basis:100%\">\n<div data-wp-interactive=\"core\/file\" class=\"wp-block-file\"><object data-wp-bind--hidden=\"!state.hasPdfPreview\" hidden class=\"wp-block-file__embed\" data=\"https:\/\/doukatech.fr\/wp-content\/uploads\/2025\/11\/Pb1S2A-Activite-A-Les-objets-ont-une-histoire.pdf\" type=\"application\/pdf\" style=\"width:100%;height:200px\" aria-label=\"Contenu embarqu\u00e9 Pb1S2A - Activit\u00e9 A - Les objets ont une histoire.\"><\/object><a id=\"wp-block-file--media-fa6bd262-8b22-4c4b-b0ed-a973f8110ee3\" href=\"https:\/\/doukatech.fr\/wp-content\/uploads\/2025\/11\/Pb1S2A-Activite-A-Les-objets-ont-une-histoire.pdf\">Pb1S2A &#8211; Activit\u00e9 A &#8211; Les objets ont une histoire<\/a><\/div>\n<\/div>\n<\/div>\n<\/div>\n\n\n\n<div class=\"wp-block-uagb-container uagb-block-ae0e676b\">\n<h2 class=\"wp-block-heading has-text-align-center has-white-color has-text-color has-link-color has-medium-font-size wp-elements-627f1714df790aa8d9a9d24842c08013\">Plan du mus\u00e9e<\/h2>\n\n\n\n<div class=\"wp-block-columns is-layout-flex wp-container-core-columns-is-layout-28f84493 wp-block-columns-is-layout-flex\">\n<div class=\"wp-block-column is-layout-flow wp-block-column-is-layout-flow\" style=\"flex-basis:100%\">\n<div data-wp-interactive=\"core\/file\" class=\"wp-block-file\"><object data-wp-bind--hidden=\"!state.hasPdfPreview\" hidden class=\"wp-block-file__embed\" data=\"https:\/\/doukatech.fr\/wp-content\/uploads\/2025\/11\/Pb1S2B-Activite-B-Les-objets-ont-une-histoire.pdf\" type=\"application\/pdf\" style=\"width:100%;height:200px\" aria-label=\"Contenu embarqu\u00e9 Pb1S2B - Activit\u00e9 B - Les objets ont une histoire.\"><\/object><a id=\"wp-block-file--media-f419c404-2da5-4fec-b439-79ba7d813c34\" href=\"https:\/\/doukatech.fr\/wp-content\/uploads\/2025\/11\/Pb1S2B-Activite-B-Les-objets-ont-une-histoire.pdf\">Pb1S2B &#8211; Activit\u00e9 B &#8211; Les objets ont une histoire<\/a><\/div>\n<\/div>\n<\/div>\n<\/div>\n\n\n\n<div class=\"wp-block-uagb-container uagb-block-437a70fd\">\n<h2 class=\"wp-block-heading has-text-align-center has-luminous-vivid-amber-color has-text-color has-link-color has-medium-font-size wp-elements-32f8a26565993b0f0cbbc78610be8b58\">Mus\u00e9e des transports<\/h2>\n\n\n\n<figure class=\"wp-block-image size-full is-resized\"><a href=\"https:\/\/doukatech.fr\/internet\/musee\/musee.html\" target=\"_blank\" rel=\"noreferrer noopener\"><img loading=\"lazy\" decoding=\"async\" width=\"640\" height=\"360\" src=\"https:\/\/doukatech.fr\/wp-content\/uploads\/2024\/06\/musee.jpg\" alt=\"\" class=\"wp-image-730\" style=\"width:auto;height:200px\" srcset=\"https:\/\/doukatech.fr\/wp-content\/uploads\/2024\/06\/musee.jpg 640w, https:\/\/doukatech.fr\/wp-content\/uploads\/2024\/06\/musee-300x169.jpg 300w\" sizes=\"auto, (max-width: 640px) 100vw, 640px\" \/><\/a><\/figure>\n<\/div>\n<\/div><\/div>\n<\/div>\n\n\n\n<h2 class=\"wp-block-heading has-ast-global-color-4-color has-text-color has-link-color has-large-font-size wp-elements-3c120dd84afc8fd1b9729402cbe9a273\" style=\"padding-right:0;padding-left:0\">S\u00e9ance 3 : Choisir des objets \u00e9coresponsables<\/h2>\n\n\n\n<h2 class=\"wp-block-heading has-ast-global-color-3-color has-text-color has-link-color has-medium-font-size wp-elements-60bc279cd4452a5ee4bab2b2b6abe352\" style=\"margin-top:0px;margin-bottom:0px;padding-top:0px;padding-right:0rem;padding-bottom:0px;padding-left:0rem;font-style:italic;font-weight:200\">Les \u00e9l\u00e8ves sont amen\u00e9s \u00e0 choisir un objet, donc \u00e0 apprendre \u00e0 comparer. D\u00e9couverte des notions de contraintes, de l&rsquo;impact environnemental, le d\u00e9veloppement durable,&#8230;<\/h2>\n\n\n\n<div class=\"wp-block-uagb-container uagb-block-5fc69d43\">\n<div class=\"wp-block-uagb-container uagb-block-12c119d2 alignfull uagb-is-root-container\"><div class=\"uagb-container-inner-blocks-wrap\">\n<div class=\"wp-block-uagb-container uagb-block-e5548f7f\">\n<h2 class=\"wp-block-heading has-text-align-center has-white-color has-text-color has-link-color has-medium-font-size wp-elements-5a079119af1a1de42574e27f3b114b57\">Feuille d&rsquo;activit\u00e9<\/h2>\n\n\n\n<div class=\"wp-block-columns is-layout-flex wp-container-core-columns-is-layout-28f84493 wp-block-columns-is-layout-flex\">\n<div class=\"wp-block-column is-layout-flow wp-block-column-is-layout-flow\" style=\"flex-basis:100%\">\n<div data-wp-interactive=\"core\/file\" class=\"wp-block-file\"><object data-wp-bind--hidden=\"!state.hasPdfPreview\" hidden class=\"wp-block-file__embed\" data=\"https:\/\/doukatech.fr\/wp-content\/uploads\/2024\/07\/Pb1S3-Activite-Choisir-un-objet.pdf\" type=\"application\/pdf\" style=\"width:100%;height:200px\" aria-label=\"Contenu embarqu\u00e9 Pb1S3-Activite-Choisir-un-objet.\"><\/object><a id=\"wp-block-file--media-83b1bebc-2cd0-45de-b07c-6a4433f440d6\" href=\"https:\/\/doukatech.fr\/wp-content\/uploads\/2024\/07\/Pb1S3-Activite-Choisir-un-objet.pdf\">Pb1S3-Activite-Choisir-un-objet<\/a><\/div>\n<\/div>\n<\/div>\n<\/div>\n\n\n\n<div class=\"wp-block-uagb-container uagb-block-d95ace3a\">\n<h2 class=\"wp-block-heading has-text-align-center has-white-color has-text-color has-link-color has-medium-font-size wp-elements-b6336c91951a3ad18a93e0fe9ce9e6de\">Activit\u00e9 informatique<\/h2>\n\n\n\n<div class=\"wp-block-uagb-image uagb-block-9288f524 wp-block-uagb-image--layout-default wp-block-uagb-image--effect-static wp-block-uagb-image--align-none\"><figure class=\"wp-block-uagb-image__figure\"><img decoding=\"async\" srcset=\"https:\/\/doukatech.fr\/wp-content\/uploads\/2024\/07\/smartphones2-2.jpg ,https:\/\/doukatech.fr\/wp-content\/uploads\/2024\/07\/smartphones2-2.jpg 780w, https:\/\/doukatech.fr\/wp-content\/uploads\/2024\/07\/smartphones2-2.jpg 360w\" sizes=\"auto, (max-width: 480px) 150px\" src=\"https:\/\/doukatech.fr\/wp-content\/uploads\/2024\/07\/smartphones2-2.jpg\" alt=\"\" class=\"uag-image-750\" width=\"640\" height=\"360\" title=\"smartphones2-2\" loading=\"lazy\" role=\"img\"\/><\/figure><\/div>\n\n\n\n<div class=\"wp-block-columns is-layout-flex wp-container-core-columns-is-layout-28f84493 wp-block-columns-is-layout-flex\">\n<div class=\"wp-block-column is-layout-flow wp-block-column-is-layout-flow\" style=\"flex-basis:100%\">\n<div class=\"wp-block-file\"><a id=\"wp-block-file--media-50a938ff-7364-45a8-b4d6-f5c25a0c3403\" href=\"https:\/\/doukatech.fr\/wp-content\/uploads\/2024\/07\/Pb1S3-activite-info-Choisir-un-objet-1.odp\">Pb1S3-activite-info-Choisir-un-objet-1<\/a><\/div>\n<\/div>\n<\/div>\n<\/div>\n\n\n\n<div class=\"wp-block-uagb-container uagb-block-53d2f270\">\n<h2 class=\"wp-block-heading has-text-align-center has-luminous-vivid-amber-color has-text-color has-link-color has-medium-font-size wp-elements-d2b5271f7458b48b9a0e2590e31cfb6b\">Doukatech Phones<\/h2>\n\n\n\n<figure class=\"wp-block-image size-full is-resized\"><a href=\"https:\/\/doukatech.fr\/internet\/smartphones\/smartphones.html\" target=\"_blank\" rel=\"noreferrer noopener\"><img loading=\"lazy\" decoding=\"async\" width=\"640\" height=\"360\" src=\"https:\/\/doukatech.fr\/wp-content\/uploads\/2024\/07\/smartphones.jpg\" alt=\"\" class=\"wp-image-743\" style=\"width:auto;height:200px\" srcset=\"https:\/\/doukatech.fr\/wp-content\/uploads\/2024\/07\/smartphones.jpg 640w, https:\/\/doukatech.fr\/wp-content\/uploads\/2024\/07\/smartphones-300x169.jpg 300w\" sizes=\"auto, (max-width: 640px) 100vw, 640px\" \/><\/a><\/figure>\n<\/div>\n<\/div><\/div>\n<\/div>\n\n\n\n<h2 class=\"wp-block-heading has-pale-cyan-blue-color has-text-color has-link-color has-large-font-size wp-elements-a28876ce509d8e5844859d73005d4f25\" style=\"padding-right:0;padding-left:0\">Synth\u00e8se de la probl\u00e9matique  1<\/h2>\n\n\n\n<div class=\"wp-block-uagb-container uagb-block-843e7bd8\">\n<div class=\"wp-block-uagb-container uagb-block-f6ae5598 alignfull uagb-is-root-container\"><div class=\"uagb-container-inner-blocks-wrap\">\n<div class=\"wp-block-uagb-container uagb-block-951c993e\">\n<h2 class=\"wp-block-heading has-text-align-center has-white-color has-text-color has-link-color has-medium-font-size wp-elements-e8bddbd1397174e4d0fbd495e66d4323\">Feuille de synth\u00e8se<\/h2>\n\n\n\n<div class=\"wp-block-columns is-layout-flex wp-container-core-columns-is-layout-28f84493 wp-block-columns-is-layout-flex\">\n<div class=\"wp-block-column is-layout-flow wp-block-column-is-layout-flow\" style=\"flex-basis:100%\">\n<div data-wp-interactive=\"core\/file\" class=\"wp-block-file\"><object data-wp-bind--hidden=\"!state.hasPdfPreview\" hidden class=\"wp-block-file__embed\" data=\"https:\/\/doukatech.fr\/wp-content\/uploads\/2025\/11\/5Pb1-Synthese.pdf\" type=\"application\/pdf\" style=\"width:100%;height:200px\" aria-label=\"Contenu embarqu\u00e9 5Pb1 - Synth\u00e8se.\"><\/object><a id=\"wp-block-file--media-4e5f6c54-b591-44d8-9ec9-876e46fdb600\" href=\"https:\/\/doukatech.fr\/wp-content\/uploads\/2025\/11\/5Pb1-Synthese.pdf\">5Pb1 &#8211; Synth\u00e8se<\/a><\/div>\n<\/div>\n<\/div>\n<\/div>\n\n\n\n<div class=\"wp-block-uagb-container uagb-block-93517b78\">\n<h2 class=\"wp-block-heading has-text-align-center has-white-color has-text-color has-link-color has-medium-font-size wp-elements-9b9d94a1e0793dc74522cb30fd3d90a4\">Synth\u00e8se audio<\/h2>\n\n\n\n<div class=\"wp-block-columns is-layout-flex wp-container-core-columns-is-layout-28f84493 wp-block-columns-is-layout-flex\">\n<div class=\"wp-block-column is-layout-flow wp-block-column-is-layout-flow\" style=\"flex-basis:100%\">\n<figure class=\"wp-block-audio\"><audio controls src=\"https:\/\/doukatech.fr\/wp-content\/uploads\/2025\/11\/Decrypter_les_objets_du_besoin_a_l_impact.mp3\"><\/audio><\/figure>\n<\/div>\n<\/div>\n<\/div>\n\n\n\n<div class=\"wp-block-uagb-container uagb-block-e1111af5\">\n<h2 class=\"wp-block-heading has-text-align-center has-white-color has-text-color has-link-color has-medium-font-size wp-elements-f1fe3d42a88ba5814fd046d0586d7d1a\">Synth\u00e8se vid\u00e9o<\/h2>\n\n\n\n<div class=\"wp-block-columns is-layout-flex wp-container-core-columns-is-layout-28f84493 wp-block-columns-is-layout-flex\">\n<div class=\"wp-block-column is-layout-flow wp-block-column-is-layout-flow\" style=\"flex-basis:100%\">\n<figure class=\"wp-block-video\"><video height=\"720\" style=\"aspect-ratio: 1280 \/ 720;\" width=\"1280\" controls src=\"https:\/\/doukatech.fr\/wp-content\/uploads\/2025\/11\/La_Vie_Secrete_des_Objets-1.mp4\"><\/video><\/figure>\n<\/div>\n<\/div>\n<\/div>\n<\/div><\/div>\n<\/div>\n<\/div>\n<\/div><\/div>\n\n\n\n<p><\/p>\n","protected":false},"excerpt":{"rendered":"<p>Pb1 &#8211; Des humains et des objets S\u00e9ance 1 : C&rsquo;est quoi un objet technique D\u00e9couverte de l&rsquo;utilit\u00e9 des objets techniques. Notamment, de la fonction d&rsquo;usage et des autres fonctions et du besoin. Feuille d&rsquo;activit\u00e9 S\u00e9ance 2 : Les objets ont une histoire Mise en place d&rsquo;un mus\u00e9e des objets de transports. D\u00e9couverte de l&rsquo;\u00e9volution [&hellip;]<\/p>\n","protected":false},"author":1,"featured_media":0,"parent":162,"menu_order":1,"comment_status":"closed","ping_status":"closed","template":"","meta":{"_uag_custom_page_level_css":"","site-sidebar-layout":"default","site-content-layout":"","ast-site-content-layout":"","site-content-style":"default","site-sidebar-style":"default","ast-global-header-display":"","ast-banner-title-visibility":"","ast-main-header-display":"","ast-hfb-above-header-display":"","ast-hfb-below-header-display":"","ast-hfb-mobile-header-display":"","site-post-title":"","ast-breadcrumbs-content":"","ast-featured-img":"","footer-sml-layout":"","theme-transparent-header-meta":"","adv-header-id-meta":"","stick-header-meta":"","header-above-stick-meta":"","header-main-stick-meta":"","header-below-stick-meta":"","astra-migrate-meta-layouts":"default","ast-page-background-enabled":"default","ast-page-background-meta":{"desktop":{"background-color":"var(--ast-global-color-4)","background-image":"","background-repeat":"repeat","background-position":"center center","background-size":"auto","background-attachment":"scroll","background-type":"","background-media":"","overlay-type":"","overlay-color":"","overlay-opacity":"","overlay-gradient":""},"tablet":{"background-color":"","background-image":"","background-repeat":"repeat","background-position":"center center","background-size":"auto","background-attachment":"scroll","background-type":"","background-media":"","overlay-type":"","overlay-color":"","overlay-opacity":"","overlay-gradient":""},"mobile":{"background-color":"","background-image":"","background-repeat":"repeat","background-position":"center center","background-size":"auto","background-attachment":"scroll","background-type":"","background-media":"","overlay-type":"","overlay-color":"","overlay-opacity":"","overlay-gradient":""}},"ast-content-background-meta":{"desktop":{"background-color":"var(--ast-global-color-5)","background-image":"","background-repeat":"repeat","background-position":"center center","background-size":"auto","background-attachment":"scroll","background-type":"","background-media":"","overlay-type":"","overlay-color":"","overlay-opacity":"","overlay-gradient":""},"tablet":{"background-color":"var(--ast-global-color-5)","background-image":"","background-repeat":"repeat","background-position":"center center","background-size":"auto","background-attachment":"scroll","background-type":"","background-media":"","overlay-type":"","overlay-color":"","overlay-opacity":"","overlay-gradient":""},"mobile":{"background-color":"var(--ast-global-color-5)","background-image":"","background-repeat":"repeat","background-position":"center center","background-size":"auto","background-attachment":"scroll","background-type":"","background-media":"","overlay-type":"","overlay-color":"","overlay-opacity":"","overlay-gradient":""}},"footnotes":""},"class_list":["post-662","page","type-page","status-publish","hentry"],"uagb_featured_image_src":{"full":false,"thumbnail":false,"medium":false,"medium_large":false,"large":false,"1536x1536":false,"2048x2048":false},"uagb_author_info":{"display_name":"Drapeau","author_link":"https:\/\/doukatech.fr\/?author=1"},"uagb_comment_info":0,"uagb_excerpt":"Pb1 &#8211; Des humains et des objets S\u00e9ance 1 : C&rsquo;est quoi un objet technique D\u00e9couverte de l&rsquo;utilit\u00e9 des objets techniques. Notamment, de la fonction d&rsquo;usage et des autres fonctions et du besoin. Feuille d&rsquo;activit\u00e9 S\u00e9ance 2 : Les objets ont une histoire Mise en place d&rsquo;un mus\u00e9e des objets de transports. D\u00e9couverte de l&rsquo;\u00e9volution\u2026","_links":{"self":[{"href":"https:\/\/doukatech.fr\/index.php?rest_route=\/wp\/v2\/pages\/662","targetHints":{"allow":["GET"]}}],"collection":[{"href":"https:\/\/doukatech.fr\/index.php?rest_route=\/wp\/v2\/pages"}],"about":[{"href":"https:\/\/doukatech.fr\/index.php?rest_route=\/wp\/v2\/types\/page"}],"author":[{"embeddable":true,"href":"https:\/\/doukatech.fr\/index.php?rest_route=\/wp\/v2\/users\/1"}],"replies":[{"embeddable":true,"href":"https:\/\/doukatech.fr\/index.php?rest_route=%2Fwp%2Fv2%2Fcomments&post=662"}],"version-history":[{"count":20,"href":"https:\/\/doukatech.fr\/index.php?rest_route=\/wp\/v2\/pages\/662\/revisions"}],"predecessor-version":[{"id":1086,"href":"https:\/\/doukatech.fr\/index.php?rest_route=\/wp\/v2\/pages\/662\/revisions\/1086"}],"up":[{"embeddable":true,"href":"https:\/\/doukatech.fr\/index.php?rest_route=\/wp\/v2\/pages\/162"}],"wp:attachment":[{"href":"https:\/\/doukatech.fr\/index.php?rest_route=%2Fwp%2Fv2%2Fmedia&parent=662"}],"curies":[{"name":"wp","href":"https:\/\/api.w.org\/{rel}","templated":true}]}}