{"id":692,"date":"2024-05-20T10:01:22","date_gmt":"2024-05-20T08:01:22","guid":{"rendered":"https:\/\/doukatech.fr\/?page_id=692"},"modified":"2024-05-20T10:01:22","modified_gmt":"2024-05-20T08:01:22","slug":"revisions-dnb","status":"publish","type":"page","link":"https:\/\/doukatech.fr\/?page_id=692","title":{"rendered":"R\u00e9visions DNB"},"content":{"rendered":"\n<h2 class=\"wp-block-heading has-text-align-center has-ast-global-color-5-color has-text-color has-link-color wp-elements-edb9b90aeffe483c1fe48c788f18db48\">Voici des liens s\u00e9lectionn\u00e9s sur Internet pour vous aider dans vos r\u00e9visions pour le DNB.<\/h2>\n\n\n\n<h2 class=\"wp-block-heading has-text-align-center has-text-color has-link-color has-medium-font-size wp-elements-a7c5082a2b628efea323f56129761429\" style=\"color:#e3ed1f\">Une r\u00e9vision est un travail personnel car elle doit s&rsquo;adapter \u00e0 vos difficult\u00e9s et aussi \u00e0 votre fa\u00e7on de travailler. Je suis s\u00fbr que vous aller trouver dans cette s\u00e9lection de l&rsquo;aide pr\u00e9cieuse.<\/h2>\n\n\n\n<div class=\"wp-block-uagb-container uagb-layout-flex uagb-block-3fc7a867 alignfull uagb-is-root-container\"><div class=\"uagb-container-inner-blocks-wrap\">\n<div class=\"wp-block-uagb-container uagb-block-4fff306c\">\n<div class=\"wp-block-uagb-advanced-heading uagb-block-37a8de2e\"><h2 class=\"uagb-heading-text\"><a href=\"https:\/\/www.letudiant.fr\/quiz\/brevet\/brevet-sciences\/quiz-de-revision-brevet-technologie-fonction-technique-et-solution-technique-chaine-d-energie-familles-de-materiaux-types-de-signaux-et-protocoles.html\" target=\"_blank\" rel=\"noreferrer noopener\">Un quiz  pour r\u00e9viser letudiant.fr<\/a><\/h2><\/div>\n<\/div>\n\n\n\n<div class=\"wp-block-uagb-container uagb-block-54b7c8fd\">\n<div class=\"wp-block-uagb-advanced-heading uagb-block-f1a48747\"><h2 class=\"uagb-heading-text\"><a href=\"https:\/\/www.lumni.fr\/dossier\/revisions-brevet-technologie#1\" target=\"_blank\" rel=\"noreferrer noopener\">Un dossier  pour r\u00e9viser LuMni.fr<\/a><\/h2><\/div>\n<\/div>\n\n\n\n<div class=\"wp-block-uagb-container uagb-block-5c444942\">\n<div class=\"wp-block-uagb-advanced-heading uagb-block-de50b3b1\"><h2 class=\"uagb-heading-text\"><a href=\"http:\/\/michel.roemhild.free.fr\/?Application-Fiches-Revision-DNB-Technologie\" target=\"_blank\" rel=\"noreferrer noopener\">Une appli. pour r\u00e9viser              Memo Techno<\/a><\/h2><\/div>\n<\/div>\n\n\n\n<div class=\"wp-block-uagb-container uagb-block-81be05cb\">\n<div class=\"wp-block-uagb-advanced-heading uagb-block-720f63d8\"><h2 class=\"uagb-heading-text\"><a href=\"http:\/\/technomlinder.free.fr\/Fiches_de_rEvision_brevet_technologie.pdf\" target=\"_blank\" rel=\"noreferrer noopener\">Feuilles de synth\u00e8se d&rsquo;un coll\u00e8gue<\/a><\/h2><\/div>\n<\/div>\n\n\n\n<div class=\"wp-block-uagb-container uagb-block-70df519e\">\n<div class=\"wp-block-uagb-advanced-heading uagb-block-207f0c07\"><h2 class=\"uagb-heading-text\"><a href=\"https:\/\/tkcollege.fr\/sujets-dnb-technologie\/\" target=\"_blank\" rel=\"noreferrer noopener\">Tous les DNB de techno d\u00e9j\u00e0 sortis<\/a><\/h2><\/div>\n<\/div>\n\n\n\n<div class=\"wp-block-uagb-container uagb-block-9c0b899f\">\n<div class=\"wp-block-uagb-advanced-heading uagb-block-bd63c2f0\"><h2 class=\"uagb-heading-text\"><a href=\"https:\/\/www.youtube.com\/watch?v=BoNYD2fP_gk\" target=\"_blank\" rel=\"noreferrer noopener\">Une vid\u00e9o YouTube de r\u00e9vision<\/a><\/h2><\/div>\n<\/div>\n<\/div><\/div>\n\n\n\n<div class=\"wp-block-uagb-container uagb-layout-flex uagb-block-f0d69d90 alignfull uagb-is-root-container\"><div class=\"uagb-container-inner-blocks-wrap\">\n<div class=\"wp-block-uagb-container uagb-block-73c0d3fb\">\n<div class=\"wp-block-uagb-advanced-heading uagb-block-baff4f89\"><h2 class=\"uagb-heading-text\"><a href=\"https:\/\/www.techno-flash.com\/quiz-cycle4.htm\">Des quiz tr\u00e8s bien faits Techno-flash<\/a><\/h2><\/div>\n<\/div>\n\n\n\n<div class=\"wp-block-uagb-container uagb-block-e1239c25\">\n<div class=\"wp-block-uagb-advanced-heading uagb-block-09bf08b9\"><h2 class=\"uagb-heading-text\"><a href=\"http:\/\/Feuilles de synth\u00e8se d'un coll\u00e8gue\" target=\"_blank\" rel=\"noreferrer noopener\">Feuilles de synth\u00e8se d&rsquo;un coll\u00e8gue<\/a><\/h2><\/div>\n<\/div>\n\n\n\n<div class=\"wp-block-uagb-container uagb-block-45447b22\">\n<div class=\"wp-block-uagb-advanced-heading uagb-block-d99cf645\"><h2 class=\"uagb-heading-text\"><a href=\"https:\/\/ent2d.ac-bordeaux.fr\/disciplines\/sti-college\/fiches-de-structuration-des-connaissances-cycle-4-v2022-2\/\" target=\"_blank\" rel=\"noreferrer noopener\">Fiches connaissances Bordeaux<\/a><\/h2><\/div>\n<\/div>\n\n\n\n<div class=\"wp-block-uagb-container uagb-block-e553be94\">\n<div class=\"wp-block-uagb-advanced-heading uagb-block-1c622e25\"><h2 class=\"uagb-heading-text\"><a href=\"https:\/\/pedagogie.ac-toulouse.fr\/sii\/fiches-de-connaissances-cycle4\" target=\"_blank\" rel=\"noreferrer noopener\">Fiches Connaissances Toulouse<\/a><\/h2><\/div>\n<\/div>\n\n\n\n<div class=\"wp-block-uagb-container uagb-block-00931ca1\">\n<div class=\"wp-block-uagb-advanced-heading uagb-block-ccb772d5\"><h2 class=\"uagb-heading-text\"><a href=\"https:\/\/doukatech.fr\/?page_id=367\" data-type=\"page\" data-id=\"367\" target=\"_blank\" rel=\"noreferrer noopener\">Les ressources interactives de doukatech<\/a><a href=\"https:\/\/tkcollege.fr\/sujets-dnb-technologie\/\" target=\"_blank\" rel=\"noreferrer noopener\"> <\/a><\/h2><\/div>\n<\/div>\n\n\n\n<div class=\"wp-block-uagb-container uagb-block-660e7d9c\">\n<div class=\"wp-block-uagb-advanced-heading uagb-block-783b1d0a\"><h2 class=\"uagb-heading-text\"><a href=\"https:\/\/acmayottefr-my.sharepoint.com\/:b:\/g\/personal\/yannick-jean-cl_drapeau_ac-mayotte_fr\/EaAA3Nvh3zhClN0QRDj4UNEBQmaarIIPqikLyWLf1ePW3A?e=APkkzj\" target=\"_blank\" rel=\"noreferrer noopener\">Les synth\u00e8ses du cours de 3\u00e8me<\/a><\/h2><\/div>\n<\/div>\n<\/div><\/div>\n","protected":false},"excerpt":{"rendered":"<p>Voici des liens s\u00e9lectionn\u00e9s sur Internet pour vous aider dans vos r\u00e9visions pour le DNB. Une r\u00e9vision est un travail personnel car elle doit s&rsquo;adapter \u00e0 vos difficult\u00e9s et aussi \u00e0 votre fa\u00e7on de travailler. Je suis s\u00fbr que vous aller trouver dans cette s\u00e9lection de l&rsquo;aide pr\u00e9cieuse. Un quiz pour r\u00e9viser letudiant.fr Un dossier [&hellip;]<\/p>\n","protected":false},"author":1,"featured_media":0,"parent":115,"menu_order":1,"comment_status":"closed","ping_status":"closed","template":"","meta":{"_uag_custom_page_level_css":"","site-sidebar-layout":"default","site-content-layout":"","ast-site-content-layout":"","site-content-style":"default","site-sidebar-style":"default","ast-global-header-display":"","ast-banner-title-visibility":"","ast-main-header-display":"","ast-hfb-above-header-display":"","ast-hfb-below-header-display":"","ast-hfb-mobile-header-display":"","site-post-title":"","ast-breadcrumbs-content":"","ast-featured-img":"","footer-sml-layout":"","theme-transparent-header-meta":"","adv-header-id-meta":"","stick-header-meta":"","header-above-stick-meta":"","header-main-stick-meta":"","header-below-stick-meta":"","astra-migrate-meta-layouts":"default","ast-page-background-enabled":"default","ast-page-background-meta":{"desktop":{"background-color":"var(--ast-global-color-4)","background-image":"","background-repeat":"repeat","background-position":"center center","background-size":"auto","background-attachment":"scroll","background-type":"","background-media":"","overlay-type":"","overlay-color":"","overlay-opacity":"","overlay-gradient":""},"tablet":{"background-color":"","background-image":"","background-repeat":"repeat","background-position":"center center","background-size":"auto","background-attachment":"scroll","background-type":"","background-media":"","overlay-type":"","overlay-color":"","overlay-opacity":"","overlay-gradient":""},"mobile":{"background-color":"","background-image":"","background-repeat":"repeat","background-position":"center center","background-size":"auto","background-attachment":"scroll","background-type":"","background-media":"","overlay-type":"","overlay-color":"","overlay-opacity":"","overlay-gradient":""}},"ast-content-background-meta":{"desktop":{"background-color":"var(--ast-global-color-5)","background-image":"","background-repeat":"repeat","background-position":"center center","background-size":"auto","background-attachment":"scroll","background-type":"","background-media":"","overlay-type":"","overlay-color":"","overlay-opacity":"","overlay-gradient":""},"tablet":{"background-color":"var(--ast-global-color-5)","background-image":"","background-repeat":"repeat","background-position":"center center","background-size":"auto","background-attachment":"scroll","background-type":"","background-media":"","overlay-type":"","overlay-color":"","overlay-opacity":"","overlay-gradient":""},"mobile":{"background-color":"var(--ast-global-color-5)","background-image":"","background-repeat":"repeat","background-position":"center center","background-size":"auto","background-attachment":"scroll","background-type":"","background-media":"","overlay-type":"","overlay-color":"","overlay-opacity":"","overlay-gradient":""}},"footnotes":""},"class_list":["post-692","page","type-page","status-publish","hentry"],"uagb_featured_image_src":{"full":false,"thumbnail":false,"medium":false,"medium_large":false,"large":false,"1536x1536":false,"2048x2048":false},"uagb_author_info":{"display_name":"Drapeau","author_link":"https:\/\/doukatech.fr\/?author=1"},"uagb_comment_info":0,"uagb_excerpt":"Voici des liens s\u00e9lectionn\u00e9s sur Internet pour vous aider dans vos r\u00e9visions pour le DNB. Une r\u00e9vision est un travail personnel car elle doit s&rsquo;adapter \u00e0 vos difficult\u00e9s et aussi \u00e0 votre fa\u00e7on de travailler. Je suis s\u00fbr que vous aller trouver dans cette s\u00e9lection de l&rsquo;aide pr\u00e9cieuse. Un quiz pour r\u00e9viser letudiant.fr Un dossier\u2026","_links":{"self":[{"href":"https:\/\/doukatech.fr\/index.php?rest_route=\/wp\/v2\/pages\/692","targetHints":{"allow":["GET"]}}],"collection":[{"href":"https:\/\/doukatech.fr\/index.php?rest_route=\/wp\/v2\/pages"}],"about":[{"href":"https:\/\/doukatech.fr\/index.php?rest_route=\/wp\/v2\/types\/page"}],"author":[{"embeddable":true,"href":"https:\/\/doukatech.fr\/index.php?rest_route=\/wp\/v2\/users\/1"}],"replies":[{"embeddable":true,"href":"https:\/\/doukatech.fr\/index.php?rest_route=%2Fwp%2Fv2%2Fcomments&post=692"}],"version-history":[{"count":2,"href":"https:\/\/doukatech.fr\/index.php?rest_route=\/wp\/v2\/pages\/692\/revisions"}],"predecessor-version":[{"id":695,"href":"https:\/\/doukatech.fr\/index.php?rest_route=\/wp\/v2\/pages\/692\/revisions\/695"}],"up":[{"embeddable":true,"href":"https:\/\/doukatech.fr\/index.php?rest_route=\/wp\/v2\/pages\/115"}],"wp:attachment":[{"href":"https:\/\/doukatech.fr\/index.php?rest_route=%2Fwp%2Fv2%2Fmedia&parent=692"}],"curies":[{"name":"wp","href":"https:\/\/api.w.org\/{rel}","templated":true}]}}