{"id":764,"date":"2024-08-25T18:05:34","date_gmt":"2024-08-25T16:05:34","guid":{"rendered":"https:\/\/doukatech.fr\/?page_id=764"},"modified":"2024-09-20T09:47:51","modified_gmt":"2024-09-20T07:47:51","slug":"pb1-le-fonctionnement-dun-reseau-informatique","status":"publish","type":"page","link":"https:\/\/doukatech.fr\/?page_id=764","title":{"rendered":"Pb1 &#8211; Le fonctionnement d&rsquo;un r\u00e9seau informatique"},"content":{"rendered":"\n<div class=\"wp-block-uagb-container uagb-block-07dd24c9 alignfull uagb-is-root-container\"><div class=\"uagb-container-inner-blocks-wrap\">\n<div class=\"wp-block-uagb-container uagb-block-91ac3ae8\">\n<h2 class=\"wp-block-heading has-ast-global-color-7-color has-text-color has-link-color wp-elements-226117a4d1bb8bd8ec24178e146bc7d3\">Pb1 &#8211; Le fonctionnement d&rsquo;un r\u00e9seau informatique<\/h2>\n\n\n\n<h2 class=\"wp-block-heading has-ast-global-color-4-color has-text-color has-link-color has-large-font-size wp-elements-19c62769b99d75fa524b2df6e13d76e0\" style=\"padding-right:0;padding-left:0\">S\u00e9ance 1 : Le r\u00e9seau du coll\u00e8ge<\/h2>\n\n\n\n<h2 class=\"wp-block-heading has-ast-global-color-3-color has-text-color has-link-color has-medium-font-size wp-elements-51507cdca600d5283f522c558f71ff44\" style=\"margin-top:0px;margin-bottom:0px;padding-top:0px;padding-right:0rem;padding-bottom:0px;padding-left:0rem;font-style:italic;font-weight:200\">Les \u00e9l\u00e8ves d\u00e9couvrent le r\u00e9seau du coll\u00e8ge et ses constituants. Sur le logiciel Filius, ils construisent la simulation du r\u00e9seau.<\/h2>\n\n\n\n<div class=\"wp-block-group is-nowrap is-layout-flex wp-container-core-group-is-layout-6c531013 wp-block-group-is-layout-flex\">\n<div class=\"wp-block-uagb-container uagb-block-29011c34\">\n<h2 class=\"wp-block-heading has-text-align-center has-white-color has-text-color has-link-color has-medium-font-size wp-elements-5a079119af1a1de42574e27f3b114b57\">Feuille d&rsquo;activit\u00e9<\/h2>\n\n\n\n<div class=\"wp-block-columns is-layout-flex wp-container-core-columns-is-layout-28f84493 wp-block-columns-is-layout-flex\">\n<div class=\"wp-block-column is-layout-flow wp-block-column-is-layout-flow\" style=\"flex-basis:100%\">\n<div data-wp-interactive=\"core\/file\" class=\"wp-block-file\"><object data-wp-bind--hidden=\"!state.hasPdfPreview\" hidden class=\"wp-block-file__embed\" data=\"https:\/\/doukatech.fr\/wp-content\/uploads\/2024\/08\/Pb1S1-Activite-Le-reseau-du-college.pdf\" type=\"application\/pdf\" style=\"width:100%;height:200px\" aria-label=\"Contenu embarqu\u00e9 Pb1S1 - Activit\u00e9 - Le r\u00e9seau du coll\u00e8ge.\"><\/object><a id=\"wp-block-file--media-f4077649-b933-4df1-9250-359ed2c30c8b\" href=\"https:\/\/doukatech.fr\/wp-content\/uploads\/2024\/08\/Pb1S1-Activite-Le-reseau-du-college.pdf\">Pb1S1 &#8211; Activit\u00e9 &#8211; Le r\u00e9seau du coll\u00e8ge<\/a><\/div>\n<\/div>\n<\/div>\n<\/div>\n\n\n\n<div class=\"wp-block-uagb-container uagb-block-70e71176\">\n<h2 class=\"wp-block-heading has-text-align-center has-luminous-vivid-amber-color has-text-color has-link-color has-medium-font-size wp-elements-63f22af72ca9985e989f79b48d935a01\">Les r\u00e9seaux  informatiques<\/h2>\n\n\n\n<figure class=\"wp-block-image size-large\"><a href=\"https:\/\/doukatech.fr\/internet\/les_reseaux\/les_reseaux.html\" target=\"_blank\" rel=\"noreferrer noopener\"><img loading=\"lazy\" decoding=\"async\" width=\"1024\" height=\"576\" src=\"https:\/\/doukatech.fr\/wp-content\/uploads\/2024\/08\/Les_reseaux-1024x576.jpg\" alt=\"\" class=\"wp-image-766\" srcset=\"https:\/\/doukatech.fr\/wp-content\/uploads\/2024\/08\/Les_reseaux-1024x576.jpg 1024w, https:\/\/doukatech.fr\/wp-content\/uploads\/2024\/08\/Les_reseaux-300x169.jpg 300w, https:\/\/doukatech.fr\/wp-content\/uploads\/2024\/08\/Les_reseaux-768x432.jpg 768w, https:\/\/doukatech.fr\/wp-content\/uploads\/2024\/08\/Les_reseaux.jpg 1280w\" sizes=\"auto, (max-width: 1024px) 100vw, 1024px\" \/><\/a><\/figure>\n<\/div>\n\n\n\n<div class=\"wp-block-uagb-container uagb-block-68706499\">\n<h2 class=\"wp-block-heading has-text-align-center has-luminous-vivid-amber-color has-text-color has-link-color has-medium-font-size wp-elements-be0eb01f2204ff07643554b39ed56c31\"><mark style=\"background-color:rgba(0, 0, 0, 0)\" class=\"has-inline-color has-ast-global-color-5-color\">Fichier exo : Filius S1<\/mark><\/h2>\n\n\n\n<figure class=\"wp-block-image size-full\"><a href=\"https:\/\/doukatech.fr\/niveaux\/4\/PB1\/S1\/Filius%20S1.fls\" target=\"_blank\" rel=\"noreferrer noopener\"><img loading=\"lazy\" decoding=\"async\" width=\"640\" height=\"360\" src=\"https:\/\/doukatech.fr\/wp-content\/uploads\/2024\/08\/Filius_Fichier2.jpg\" alt=\"\" class=\"wp-image-797\" srcset=\"https:\/\/doukatech.fr\/wp-content\/uploads\/2024\/08\/Filius_Fichier2.jpg 640w, https:\/\/doukatech.fr\/wp-content\/uploads\/2024\/08\/Filius_Fichier2-300x169.jpg 300w\" sizes=\"auto, (max-width: 640px) 100vw, 640px\" \/><\/a><\/figure>\n<\/div>\n<\/div>\n\n\n\n<h2 class=\"wp-block-heading has-ast-global-color-4-color has-text-color has-link-color has-large-font-size wp-elements-0c0e6fd6e685d645b96f9e2383207e85\" style=\"padding-right:0;padding-left:0\">S\u00e9ance 2 : Trouver les pannes dans le r\u00e9seau<\/h2>\n\n\n\n<h2 class=\"wp-block-heading has-ast-global-color-3-color has-text-color has-link-color has-medium-font-size wp-elements-917a2584946b094b0de3107a2d33ea27\" style=\"margin-top:0px;margin-bottom:0px;padding-top:0px;padding-right:0rem;padding-bottom:0px;padding-left:0rem;font-style:italic;font-weight:200\">Avec la ressource num\u00e9rique, les \u00e9l\u00e8ves doivent retrouver quels ordinateurs ne communiquent pas et r\u00e9parer les probl\u00e8mes.<\/h2>\n\n\n\n<div class=\"wp-block-uagb-container uagb-block-dc897cf2 alignfull uagb-is-root-container\"><div class=\"uagb-container-inner-blocks-wrap\">\n<div class=\"wp-block-uagb-container uagb-block-05e6e846\">\n<h2 class=\"wp-block-heading has-text-align-center has-white-color has-text-color has-link-color has-medium-font-size wp-elements-5a079119af1a1de42574e27f3b114b57\">Feuille d&rsquo;activit\u00e9<\/h2>\n\n\n\n<div class=\"wp-block-columns is-layout-flex wp-container-core-columns-is-layout-28f84493 wp-block-columns-is-layout-flex\">\n<div class=\"wp-block-column is-layout-flow wp-block-column-is-layout-flow\" style=\"flex-basis:100%\">\n<div data-wp-interactive=\"core\/file\" class=\"wp-block-file\"><object data-wp-bind--hidden=\"!state.hasPdfPreview\" hidden class=\"wp-block-file__embed\" data=\"https:\/\/doukatech.fr\/wp-content\/uploads\/2024\/08\/Pb1S2-Activite-Trouver-les-pannes.pdf\" type=\"application\/pdf\" style=\"width:100%;height:200px\" aria-label=\"Contenu embarqu\u00e9 Pb1S2 - Activit\u00e9 - Trouver les pannes.\"><\/object><a id=\"wp-block-file--media-205cd838-f2e3-487b-bb3f-3bc86d626242\" href=\"https:\/\/doukatech.fr\/wp-content\/uploads\/2024\/08\/Pb1S2-Activite-Trouver-les-pannes.pdf\">Pb1S2 &#8211; Activit\u00e9 &#8211; Trouver les pannes<\/a><\/div>\n<\/div>\n<\/div>\n<\/div>\n\n\n\n<div class=\"wp-block-uagb-container uagb-block-8df3c6af\">\n<h2 class=\"wp-block-heading has-text-align-center has-luminous-vivid-amber-color has-text-color has-link-color has-medium-font-size wp-elements-63f22af72ca9985e989f79b48d935a01\">Les r\u00e9seaux  informatiques<\/h2>\n\n\n\n<figure class=\"wp-block-image size-full\"><a href=\"https:\/\/doukatech.fr\/internet\/les_reseaux\/les_reseaux.html\" target=\"_blank\" rel=\"noreferrer noopener\"><img loading=\"lazy\" decoding=\"async\" width=\"1280\" height=\"720\" src=\"https:\/\/doukatech.fr\/wp-content\/uploads\/2024\/08\/Les_reseaux.jpg\" alt=\"\" class=\"wp-image-766\" srcset=\"https:\/\/doukatech.fr\/wp-content\/uploads\/2024\/08\/Les_reseaux.jpg 1280w, https:\/\/doukatech.fr\/wp-content\/uploads\/2024\/08\/Les_reseaux-300x169.jpg 300w, https:\/\/doukatech.fr\/wp-content\/uploads\/2024\/08\/Les_reseaux-1024x576.jpg 1024w, https:\/\/doukatech.fr\/wp-content\/uploads\/2024\/08\/Les_reseaux-768x432.jpg 768w\" sizes=\"auto, (max-width: 1280px) 100vw, 1280px\" \/><\/a><\/figure>\n<\/div>\n\n\n\n<div class=\"wp-block-uagb-container uagb-block-55014764\">\n<h2 class=\"wp-block-heading has-text-align-center has-luminous-vivid-amber-color has-text-color has-link-color has-medium-font-size wp-elements-30b60fcb0558ac86fecbe3f162a5a872\"><mark style=\"background-color:rgba(0, 0, 0, 0)\" class=\"has-inline-color has-ast-global-color-5-color\">Fichier exo : Filius S2<\/mark><\/h2>\n\n\n\n<figure class=\"wp-block-image size-full\"><a href=\"https:\/\/doukatech.fr\/niveaux\/4\/PB1\/S2\/Filius%20S2.fls\" target=\"_blank\" rel=\"noreferrer noopener\"><img loading=\"lazy\" decoding=\"async\" width=\"640\" height=\"360\" src=\"https:\/\/doukatech.fr\/wp-content\/uploads\/2024\/08\/Filius_Fichier2.jpg\" alt=\"\" class=\"wp-image-797\" srcset=\"https:\/\/doukatech.fr\/wp-content\/uploads\/2024\/08\/Filius_Fichier2.jpg 640w, https:\/\/doukatech.fr\/wp-content\/uploads\/2024\/08\/Filius_Fichier2-300x169.jpg 300w\" sizes=\"auto, (max-width: 640px) 100vw, 640px\" \/><\/a><\/figure>\n<\/div>\n<\/div><\/div>\n\n\n\n<h2 class=\"wp-block-heading has-ast-global-color-4-color has-text-color has-link-color has-large-font-size wp-elements-594867c5cb7a2bfc2a164e075d681976\" style=\"padding-right:0;padding-left:0\">S\u00e9ance 3 : Ajouter 2 ordinateurs au r\u00e9seau<\/h2>\n\n\n\n<h2 class=\"wp-block-heading has-ast-global-color-3-color has-text-color has-link-color has-medium-font-size wp-elements-12123d7a34387320afd3e2ebaafa1dee\" style=\"margin-top:0px;margin-bottom:0px;padding-top:0px;padding-right:0rem;padding-bottom:0px;padding-left:0rem;font-style:italic;font-weight:200\">Les \u00e9l\u00e8ves compl\u00e8tent le r\u00e9seau sur Filius en ajoutant un nouvel ordinateur connect\u00e9 par c\u00e2ble et un en wifi.<\/h2>\n\n\n\n<div class=\"wp-block-uagb-container uagb-block-c60d0ef2 alignfull uagb-is-root-container\"><div class=\"uagb-container-inner-blocks-wrap\">\n<div class=\"wp-block-uagb-container uagb-block-d51fe93b\">\n<h2 class=\"wp-block-heading has-text-align-center has-white-color has-text-color has-link-color has-medium-font-size wp-elements-5a079119af1a1de42574e27f3b114b57\">Feuille d&rsquo;activit\u00e9<\/h2>\n\n\n\n<div class=\"wp-block-columns is-layout-flex wp-container-core-columns-is-layout-28f84493 wp-block-columns-is-layout-flex\">\n<div class=\"wp-block-column is-layout-flow wp-block-column-is-layout-flow\" style=\"flex-basis:100%\">\n<div data-wp-interactive=\"core\/file\" class=\"wp-block-file\"><object data-wp-bind--hidden=\"!state.hasPdfPreview\" hidden class=\"wp-block-file__embed\" data=\"https:\/\/doukatech.fr\/wp-content\/uploads\/2024\/08\/Pb1S3-Activite-Ajouter-2-PC.pdf\" type=\"application\/pdf\" style=\"width:100%;height:200px\" aria-label=\"Contenu embarqu\u00e9 Pb1S3 - Activit\u00e9 - Ajouter 2 PC.\"><\/object><a id=\"wp-block-file--media-7dcfd8ba-0caf-4c4e-a832-6e011c66780c\" href=\"https:\/\/doukatech.fr\/wp-content\/uploads\/2024\/08\/Pb1S3-Activite-Ajouter-2-PC.pdf\">Pb1S3 &#8211; Activit\u00e9 &#8211; Ajouter 2 PC<\/a><\/div>\n<\/div>\n<\/div>\n<\/div>\n\n\n\n<div class=\"wp-block-uagb-container uagb-block-07c86ac0\">\n<h2 class=\"wp-block-heading has-text-align-center has-luminous-vivid-amber-color has-text-color has-link-color has-medium-font-size wp-elements-63f22af72ca9985e989f79b48d935a01\">Les r\u00e9seaux  informatiques<\/h2>\n\n\n\n<figure class=\"wp-block-image size-full is-resized\"><a href=\"https:\/\/doukatech.fr\/internet\/les_reseaux\/les_reseaux.html\" target=\"_blank\" rel=\"noreferrer noopener\"><img loading=\"lazy\" decoding=\"async\" width=\"1280\" height=\"720\" src=\"https:\/\/doukatech.fr\/wp-content\/uploads\/2024\/08\/Les_reseaux.jpg\" alt=\"\" class=\"wp-image-766\" style=\"width:auto;height:200px\" srcset=\"https:\/\/doukatech.fr\/wp-content\/uploads\/2024\/08\/Les_reseaux.jpg 1280w, https:\/\/doukatech.fr\/wp-content\/uploads\/2024\/08\/Les_reseaux-300x169.jpg 300w, https:\/\/doukatech.fr\/wp-content\/uploads\/2024\/08\/Les_reseaux-1024x576.jpg 1024w, https:\/\/doukatech.fr\/wp-content\/uploads\/2024\/08\/Les_reseaux-768x432.jpg 768w\" sizes=\"auto, (max-width: 1280px) 100vw, 1280px\" \/><\/a><\/figure>\n<\/div>\n\n\n\n<div class=\"wp-block-uagb-container uagb-block-bdc3777a\">\n<h2 class=\"wp-block-heading has-text-align-center has-luminous-vivid-amber-color has-text-color has-link-color has-medium-font-size wp-elements-d7b219dee27d1d8292c6108f45c1b5a8\"><mark style=\"background-color:rgba(0, 0, 0, 0)\" class=\"has-inline-color has-ast-global-color-5-color\">Fichier exo : Filius S3<\/mark><\/h2>\n\n\n\n<figure class=\"wp-block-image size-full\"><a href=\"https:\/\/doukatech.fr\/niveaux\/4\/PB1\/S3\/Filius%20S3.fls\" target=\"_blank\" rel=\"noreferrer noopener\"><img loading=\"lazy\" decoding=\"async\" width=\"640\" height=\"360\" src=\"https:\/\/doukatech.fr\/wp-content\/uploads\/2024\/08\/Filius_Fichier2.jpg\" alt=\"\" class=\"wp-image-797\" srcset=\"https:\/\/doukatech.fr\/wp-content\/uploads\/2024\/08\/Filius_Fichier2.jpg 640w, https:\/\/doukatech.fr\/wp-content\/uploads\/2024\/08\/Filius_Fichier2-300x169.jpg 300w\" sizes=\"auto, (max-width: 640px) 100vw, 640px\" \/><\/a><\/figure>\n<\/div>\n<\/div><\/div>\n\n\n\n<h2 class=\"wp-block-heading has-pale-cyan-blue-color has-text-color has-link-color has-large-font-size wp-elements-a28876ce509d8e5844859d73005d4f25\" style=\"padding-right:0;padding-left:0\">Synth\u00e8se de la probl\u00e9matique  1<\/h2>\n\n\n\n<div class=\"wp-block-group is-nowrap is-layout-flex wp-container-core-group-is-layout-6c531013 wp-block-group-is-layout-flex\">\n<div class=\"wp-block-uagb-container uagb-block-160f09d2\">\n<h2 class=\"wp-block-heading has-text-align-center has-white-color has-text-color has-link-color has-medium-font-size wp-elements-e8bddbd1397174e4d0fbd495e66d4323\">Feuille de synth\u00e8se<\/h2>\n\n\n\n<div class=\"wp-block-columns is-layout-flex wp-container-core-columns-is-layout-28f84493 wp-block-columns-is-layout-flex\">\n<div class=\"wp-block-column is-layout-flow wp-block-column-is-layout-flow\" style=\"flex-basis:100%\">\n<div data-wp-interactive=\"core\/file\" class=\"wp-block-file\"><object data-wp-bind--hidden=\"!state.hasPdfPreview\" hidden class=\"wp-block-file__embed\" data=\"https:\/\/doukatech.fr\/wp-content\/uploads\/2024\/08\/4Pb1-synthese.pdf\" type=\"application\/pdf\" style=\"width:100%;height:200px\" aria-label=\"Contenu embarqu\u00e9 4Pb1 synth\u00e8se.\"><\/object><a id=\"wp-block-file--media-2178b84c-7d16-4af8-9c30-8e75045bf299\" href=\"https:\/\/doukatech.fr\/wp-content\/uploads\/2024\/08\/4Pb1-synthese.pdf\">4Pb1 synth\u00e8se<\/a><\/div>\n<\/div>\n<\/div>\n<\/div>\n\n\n\n<div class=\"wp-block-uagb-container uagb-block-69cfe1ef\"><\/div>\n\n\n\n<div class=\"wp-block-uagb-container uagb-block-a8f5ab87\"><\/div>\n<\/div>\n<\/div>\n<\/div><\/div>\n","protected":false},"excerpt":{"rendered":"<p>Pb1 &#8211; Le fonctionnement d&rsquo;un r\u00e9seau informatique S\u00e9ance 1 : Le r\u00e9seau du coll\u00e8ge Les \u00e9l\u00e8ves d\u00e9couvrent le r\u00e9seau du coll\u00e8ge et ses constituants. Sur le logiciel Filius, ils construisent la simulation du r\u00e9seau. Feuille d&rsquo;activit\u00e9 Les r\u00e9seaux informatiques Fichier exo : Filius S1 S\u00e9ance 2 : Trouver les pannes dans le r\u00e9seau Avec la [&hellip;]<\/p>\n","protected":false},"author":1,"featured_media":0,"parent":759,"menu_order":1,"comment_status":"closed","ping_status":"closed","template":"","meta":{"_uag_custom_page_level_css":"","site-sidebar-layout":"default","site-content-layout":"","ast-site-content-layout":"","site-content-style":"default","site-sidebar-style":"default","ast-global-header-display":"","ast-banner-title-visibility":"","ast-main-header-display":"","ast-hfb-above-header-display":"","ast-hfb-below-header-display":"","ast-hfb-mobile-header-display":"","site-post-title":"","ast-breadcrumbs-content":"","ast-featured-img":"","footer-sml-layout":"","theme-transparent-header-meta":"","adv-header-id-meta":"","stick-header-meta":"","header-above-stick-meta":"","header-main-stick-meta":"","header-below-stick-meta":"","astra-migrate-meta-layouts":"default","ast-page-background-enabled":"default","ast-page-background-meta":{"desktop":{"background-color":"var(--ast-global-color-4)","background-image":"","background-repeat":"repeat","background-position":"center center","background-size":"auto","background-attachment":"scroll","background-type":"","background-media":"","overlay-type":"","overlay-color":"","overlay-opacity":"","overlay-gradient":""},"tablet":{"background-color":"","background-image":"","background-repeat":"repeat","background-position":"center center","background-size":"auto","background-attachment":"scroll","background-type":"","background-media":"","overlay-type":"","overlay-color":"","overlay-opacity":"","overlay-gradient":""},"mobile":{"background-color":"","background-image":"","background-repeat":"repeat","background-position":"center center","background-size":"auto","background-attachment":"scroll","background-type":"","background-media":"","overlay-type":"","overlay-color":"","overlay-opacity":"","overlay-gradient":""}},"ast-content-background-meta":{"desktop":{"background-color":"var(--ast-global-color-5)","background-image":"","background-repeat":"repeat","background-position":"center center","background-size":"auto","background-attachment":"scroll","background-type":"","background-media":"","overlay-type":"","overlay-color":"","overlay-opacity":"","overlay-gradient":""},"tablet":{"background-color":"var(--ast-global-color-5)","background-image":"","background-repeat":"repeat","background-position":"center center","background-size":"auto","background-attachment":"scroll","background-type":"","background-media":"","overlay-type":"","overlay-color":"","overlay-opacity":"","overlay-gradient":""},"mobile":{"background-color":"var(--ast-global-color-5)","background-image":"","background-repeat":"repeat","background-position":"center center","background-size":"auto","background-attachment":"scroll","background-type":"","background-media":"","overlay-type":"","overlay-color":"","overlay-opacity":"","overlay-gradient":""}},"footnotes":""},"class_list":["post-764","page","type-page","status-publish","hentry"],"uagb_featured_image_src":{"full":false,"thumbnail":false,"medium":false,"medium_large":false,"large":false,"1536x1536":false,"2048x2048":false},"uagb_author_info":{"display_name":"Drapeau","author_link":"https:\/\/doukatech.fr\/?author=1"},"uagb_comment_info":0,"uagb_excerpt":"Pb1 &#8211; Le fonctionnement d&rsquo;un r\u00e9seau informatique S\u00e9ance 1 : Le r\u00e9seau du coll\u00e8ge Les \u00e9l\u00e8ves d\u00e9couvrent le r\u00e9seau du coll\u00e8ge et ses constituants. Sur le logiciel Filius, ils construisent la simulation du r\u00e9seau. Feuille d&rsquo;activit\u00e9 Les r\u00e9seaux informatiques Fichier exo : Filius S1 S\u00e9ance 2 : Trouver les pannes dans le r\u00e9seau Avec la\u2026","_links":{"self":[{"href":"https:\/\/doukatech.fr\/index.php?rest_route=\/wp\/v2\/pages\/764","targetHints":{"allow":["GET"]}}],"collection":[{"href":"https:\/\/doukatech.fr\/index.php?rest_route=\/wp\/v2\/pages"}],"about":[{"href":"https:\/\/doukatech.fr\/index.php?rest_route=\/wp\/v2\/types\/page"}],"author":[{"embeddable":true,"href":"https:\/\/doukatech.fr\/index.php?rest_route=\/wp\/v2\/users\/1"}],"replies":[{"embeddable":true,"href":"https:\/\/doukatech.fr\/index.php?rest_route=%2Fwp%2Fv2%2Fcomments&post=764"}],"version-history":[{"count":12,"href":"https:\/\/doukatech.fr\/index.php?rest_route=\/wp\/v2\/pages\/764\/revisions"}],"predecessor-version":[{"id":821,"href":"https:\/\/doukatech.fr\/index.php?rest_route=\/wp\/v2\/pages\/764\/revisions\/821"}],"up":[{"embeddable":true,"href":"https:\/\/doukatech.fr\/index.php?rest_route=\/wp\/v2\/pages\/759"}],"wp:attachment":[{"href":"https:\/\/doukatech.fr\/index.php?rest_route=%2Fwp%2Fv2%2Fmedia&parent=764"}],"curies":[{"name":"wp","href":"https:\/\/api.w.org\/{rel}","templated":true}]}}