{"id":809,"date":"2024-09-20T09:34:50","date_gmt":"2024-09-20T07:34:50","guid":{"rendered":"https:\/\/doukatech.fr\/?page_id=809"},"modified":"2025-04-02T14:50:55","modified_gmt":"2025-04-02T12:50:55","slug":"pb2-programmer-un-portail-automatique","status":"publish","type":"page","link":"https:\/\/doukatech.fr\/?page_id=809","title":{"rendered":"Pb2 &#8211; Programmer une barri\u00e8re automatique"},"content":{"rendered":"\n<div class=\"wp-block-uagb-container uagb-block-07dd24c9 alignfull uagb-is-root-container\"><div class=\"uagb-container-inner-blocks-wrap\">\n<div class=\"wp-block-uagb-container uagb-block-91ac3ae8\">\n<h2 class=\"wp-block-heading has-ast-global-color-7-color has-text-color has-link-color wp-elements-fcb411420c806ad1d9eaee881b7d5464\">Pb2 &#8211; Programmer une barri\u00e8re automatique<\/h2>\n\n\n\n<h2 class=\"wp-block-heading has-ast-global-color-4-color has-text-color has-link-color has-large-font-size wp-elements-3795ba7b78617d0d144c73208a9eae35\" style=\"padding-right:0;padding-left:0\">S\u00e9ance 1 : R\u00e9vision du cycle 3 et de la 5\u00e8me<\/h2>\n\n\n\n<h2 class=\"wp-block-heading has-ast-global-color-3-color has-text-color has-link-color has-medium-font-size wp-elements-65c53b4f2a35aaa0b96255db86e00719\" style=\"margin-top:0px;margin-bottom:0px;padding-top:0px;padding-right:0rem;padding-bottom:0px;padding-left:0rem;font-style:italic;font-weight:200\">L&rsquo;activit\u00e9 consiste \u00e0 une r\u00e9vision rapide des notions de programmation \u00e0 travers un petit cours et quatre exercices.<\/h2>\n\n\n\n<div class=\"wp-block-group is-nowrap is-layout-flex wp-container-core-group-is-layout-6c531013 wp-block-group-is-layout-flex\">\n<div class=\"wp-block-uagb-container uagb-block-29011c34\">\n<h2 class=\"wp-block-heading has-text-align-center has-white-color has-text-color has-link-color has-medium-font-size wp-elements-5a079119af1a1de42574e27f3b114b57\">Feuille d&rsquo;activit\u00e9<\/h2>\n\n\n\n<div class=\"wp-block-columns is-layout-flex wp-container-core-columns-is-layout-28f84493 wp-block-columns-is-layout-flex\">\n<div class=\"wp-block-column is-layout-flow wp-block-column-is-layout-flow\" style=\"flex-basis:100%\">\n<div data-wp-interactive=\"core\/file\" class=\"wp-block-file\"><object data-wp-bind--hidden=\"!state.hasPdfPreview\" hidden class=\"wp-block-file__embed\" data=\"https:\/\/doukatech.fr\/wp-content\/uploads\/2025\/04\/Pb2-S1-Activite-Initiation-programmation.pdf\" type=\"application\/pdf\" style=\"width:100%;height:200px\" aria-label=\"Contenu embarqu\u00e9 Pb2-S1 - Activit\u00e9 - Initiation programmation.\"><\/object><a id=\"wp-block-file--media-d05c82ab-87d4-4907-ad12-9c382ddae64a\" href=\"https:\/\/doukatech.fr\/wp-content\/uploads\/2025\/04\/Pb2-S1-Activite-Initiation-programmation.pdf\">Pb2-S1 &#8211; Activit\u00e9 &#8211; Initiation programmation<\/a><\/div>\n<\/div>\n<\/div>\n<\/div>\n\n\n\n<div class=\"wp-block-uagb-container uagb-block-70e71176\">\n<h2 class=\"wp-block-heading has-text-align-center has-luminous-vivid-amber-color has-text-color has-link-color has-medium-font-size wp-elements-dbf8bc9cd13d3f6e8b1b45f3368e61c1\">La programmation<\/h2>\n\n\n\n<figure class=\"wp-block-image size-full\"><a href=\"https:\/\/doukatech.fr\/internet\/aide_programmation\/aide_programmation.html\" target=\"_blank\" rel=\"noreferrer noopener\"><img loading=\"lazy\" decoding=\"async\" width=\"640\" height=\"360\" src=\"https:\/\/doukatech.fr\/wp-content\/uploads\/2024\/03\/aide_programmation.jpg\" alt=\"\" class=\"wp-image-494\" srcset=\"https:\/\/doukatech.fr\/wp-content\/uploads\/2024\/03\/aide_programmation.jpg 640w, https:\/\/doukatech.fr\/wp-content\/uploads\/2024\/03\/aide_programmation-300x169.jpg 300w\" sizes=\"auto, (max-width: 640px) 100vw, 640px\" \/><\/a><\/figure>\n<\/div>\n\n\n\n<div class=\"wp-block-uagb-container uagb-block-68706499\"><\/div>\n<\/div>\n\n\n\n<h2 class=\"wp-block-heading has-ast-global-color-4-color has-text-color has-link-color has-large-font-size wp-elements-7673dfe59071d1bce9f9eb45c4f2ec71\" style=\"padding-right:0;padding-left:0\">S\u00e9ance 2 : Rendre automatique une barri\u00e8re manuelle<\/h2>\n\n\n\n<h2 class=\"wp-block-heading has-ast-global-color-3-color has-text-color has-link-color has-medium-font-size wp-elements-9b5a7b17d5b28d7502a6410bf538e0b7\" style=\"margin-top:0px;margin-bottom:0px;padding-top:0px;padding-right:0rem;padding-bottom:0px;padding-left:0rem;font-style:italic;font-weight:200\">Les \u00e9l\u00e8ves doivent r\u00e9pondre \u00e0 une demande pour rendre automatique une barri\u00e8re qui est manuelle. Un bouton pour l&rsquo;ouvrir et un bouton pour la fermer.<\/h2>\n\n\n\n<div class=\"wp-block-group is-nowrap is-layout-flex wp-container-core-group-is-layout-6c531013 wp-block-group-is-layout-flex\">\n<div class=\"wp-block-uagb-container uagb-block-6380b0c9\">\n<h2 class=\"wp-block-heading has-text-align-center has-white-color has-text-color has-link-color has-medium-font-size wp-elements-5a079119af1a1de42574e27f3b114b57\">Feuille d&rsquo;activit\u00e9<\/h2>\n\n\n\n<div class=\"wp-block-columns is-layout-flex wp-container-core-columns-is-layout-28f84493 wp-block-columns-is-layout-flex\">\n<div class=\"wp-block-column is-layout-flow wp-block-column-is-layout-flow\" style=\"flex-basis:100%\">\n<div data-wp-interactive=\"core\/file\" class=\"wp-block-file\"><object data-wp-bind--hidden=\"!state.hasPdfPreview\" hidden class=\"wp-block-file__embed\" data=\"https:\/\/doukatech.fr\/wp-content\/uploads\/2025\/04\/4Pb2-S2-Activite-Programmer-la-barriere.pdf\" type=\"application\/pdf\" style=\"width:100%;height:200px\" aria-label=\"Contenu embarqu\u00e9 4Pb2-S2- Activit\u00e9 - Programmer la barri\u00e8re.\"><\/object><a id=\"wp-block-file--media-ac791e62-1f5c-4ece-8cd8-6eb4971dc523\" href=\"https:\/\/doukatech.fr\/wp-content\/uploads\/2025\/04\/4Pb2-S2-Activite-Programmer-la-barriere.pdf\">4Pb2-S2- Activit\u00e9 &#8211; Programmer la barri\u00e8re<\/a><\/div>\n<\/div>\n<\/div>\n<\/div>\n\n\n\n<div class=\"wp-block-uagb-container uagb-block-d8608bcb\">\n<h2 class=\"wp-block-heading has-text-align-center has-luminous-vivid-amber-color has-text-color has-link-color has-medium-font-size wp-elements-dbf8bc9cd13d3f6e8b1b45f3368e61c1\">La programmation<\/h2>\n\n\n\n<figure class=\"wp-block-image size-full\"><a href=\"https:\/\/doukatech.fr\/internet\/aide_programmation\/aide_programmation.html\" target=\"_blank\" rel=\"noreferrer noopener\"><img loading=\"lazy\" decoding=\"async\" width=\"640\" height=\"360\" src=\"https:\/\/doukatech.fr\/wp-content\/uploads\/2024\/03\/aide_programmation.jpg\" alt=\"\" class=\"wp-image-494\" srcset=\"https:\/\/doukatech.fr\/wp-content\/uploads\/2024\/03\/aide_programmation.jpg 640w, https:\/\/doukatech.fr\/wp-content\/uploads\/2024\/03\/aide_programmation-300x169.jpg 300w\" sizes=\"auto, (max-width: 640px) 100vw, 640px\" \/><\/a><\/figure>\n<\/div>\n\n\n\n<div class=\"wp-block-uagb-container uagb-block-cda47591\"><\/div>\n<\/div>\n\n\n\n<h2 class=\"wp-block-heading has-ast-global-color-4-color has-text-color has-link-color has-large-font-size wp-elements-1b8932f0129be9c54ae16e5af2fe5aba\" style=\"padding-right:0;padding-left:0\">S\u00e9ance 3 : S\u00e9curiser son fonctionnement<\/h2>\n\n\n\n<h2 class=\"wp-block-heading has-ast-global-color-3-color has-text-color has-link-color has-medium-font-size wp-elements-44db6f1bcab2360653d0c5d60f2cd972\" style=\"margin-top:0px;margin-bottom:0px;padding-top:0px;padding-right:0rem;padding-bottom:0px;padding-left:0rem;font-style:italic;font-weight:200\">Les \u00e9l\u00e8ves doivent modifier leur premier programme pour respecter les normes de s\u00e9curit\u00e9s (Lumi\u00e8re et barri\u00e8re anti pincement) et s\u00e9curiser son ouverture avec une t\u00e9l\u00e9commande.<\/h2>\n\n\n\n<div class=\"wp-block-uagb-container uagb-block-dc897cf2 alignfull uagb-is-root-container\"><div class=\"uagb-container-inner-blocks-wrap\">\n<div class=\"wp-block-uagb-container uagb-block-05e6e846\">\n<h2 class=\"wp-block-heading has-text-align-center has-white-color has-text-color has-link-color has-medium-font-size wp-elements-5a079119af1a1de42574e27f3b114b57\">Feuille d&rsquo;activit\u00e9<\/h2>\n\n\n\n<div class=\"wp-block-columns is-layout-flex wp-container-core-columns-is-layout-28f84493 wp-block-columns-is-layout-flex\">\n<div class=\"wp-block-column is-layout-flow wp-block-column-is-layout-flow\" style=\"flex-basis:100%\">\n<div data-wp-interactive=\"core\/file\" class=\"wp-block-file\"><object data-wp-bind--hidden=\"!state.hasPdfPreview\" hidden class=\"wp-block-file__embed\" data=\"https:\/\/doukatech.fr\/wp-content\/uploads\/2025\/04\/4Pb2-S3-Activite-Securiser-la-barriere.pdf\" type=\"application\/pdf\" style=\"width:100%;height:200px\" aria-label=\"Contenu embarqu\u00e9 4Pb2-S3- Activit\u00e9 - S\u00e9curiser la barri\u00e8re.\"><\/object><a id=\"wp-block-file--media-41cdbae4-da6e-4d9c-a361-e5f009530f8b\" href=\"https:\/\/doukatech.fr\/wp-content\/uploads\/2025\/04\/4Pb2-S3-Activite-Securiser-la-barriere.pdf\">4Pb2-S3- Activit\u00e9 &#8211; S\u00e9curiser la barri\u00e8re<\/a><\/div>\n<\/div>\n<\/div>\n<\/div>\n\n\n\n<div class=\"wp-block-uagb-container uagb-block-8df3c6af\">\n<h2 class=\"wp-block-heading has-text-align-center has-luminous-vivid-amber-color has-text-color has-link-color has-medium-font-size wp-elements-dbf8bc9cd13d3f6e8b1b45f3368e61c1\">La programmation<\/h2>\n\n\n\n<figure class=\"wp-block-image size-full\"><a href=\"https:\/\/doukatech.fr\/internet\/aide_programmation\/aide_programmation.html\" target=\"_blank\" rel=\"noreferrer noopener\"><img loading=\"lazy\" decoding=\"async\" width=\"640\" height=\"360\" src=\"https:\/\/doukatech.fr\/wp-content\/uploads\/2024\/03\/aide_programmation.jpg\" alt=\"\" class=\"wp-image-494\" srcset=\"https:\/\/doukatech.fr\/wp-content\/uploads\/2024\/03\/aide_programmation.jpg 640w, https:\/\/doukatech.fr\/wp-content\/uploads\/2024\/03\/aide_programmation-300x169.jpg 300w\" sizes=\"auto, (max-width: 640px) 100vw, 640px\" \/><\/a><\/figure>\n<\/div>\n\n\n\n<div class=\"wp-block-uagb-container uagb-block-55014764\"><\/div>\n<\/div><\/div>\n\n\n\n<h2 class=\"wp-block-heading has-pale-cyan-blue-color has-text-color has-link-color has-large-font-size wp-elements-d14b9405e51c3c48334172076591361e\" style=\"padding-right:0;padding-left:0\">Synth\u00e8se de la probl\u00e9matique 2<\/h2>\n\n\n\n<div class=\"wp-block-group is-nowrap is-layout-flex wp-container-core-group-is-layout-6c531013 wp-block-group-is-layout-flex\">\n<div class=\"wp-block-uagb-container uagb-block-160f09d2\">\n<h2 class=\"wp-block-heading has-text-align-center has-white-color has-text-color has-link-color has-medium-font-size wp-elements-e8bddbd1397174e4d0fbd495e66d4323\">Feuille de synth\u00e8se<\/h2>\n\n\n\n<div class=\"wp-block-columns is-layout-flex wp-container-core-columns-is-layout-28f84493 wp-block-columns-is-layout-flex\">\n<div class=\"wp-block-column is-layout-flow wp-block-column-is-layout-flow\" style=\"flex-basis:100%\">\n<div data-wp-interactive=\"core\/file\" class=\"wp-block-file\"><object data-wp-bind--hidden=\"!state.hasPdfPreview\" hidden class=\"wp-block-file__embed\" data=\"https:\/\/doukatech.fr\/wp-content\/uploads\/2024\/09\/4Pb2-Synthese.pdf\" type=\"application\/pdf\" style=\"width:100%;height:200px\" aria-label=\"Contenu embarqu\u00e9 4Pb2-Synth\u00e8se.\"><\/object><a id=\"wp-block-file--media-135deb0b-9a2d-47bb-bd2a-b7501137ffad\" href=\"https:\/\/doukatech.fr\/wp-content\/uploads\/2024\/09\/4Pb2-Synthese.pdf\">4Pb2-Synth\u00e8se<\/a><\/div>\n<\/div>\n<\/div>\n<\/div>\n\n\n\n<div class=\"wp-block-uagb-container uagb-block-69cfe1ef\"><\/div>\n\n\n\n<div class=\"wp-block-uagb-container uagb-block-a8f5ab87\"><\/div>\n<\/div>\n\n\n\n<h2 class=\"wp-block-heading has-ast-global-color-4-color has-text-color has-link-color has-large-font-size wp-elements-53bf957d03763223dddbf826220c06b3\" style=\"padding-right:0;padding-left:0\">S\u00e9ance 4 : Evaluation pratique<\/h2>\n\n\n\n<h2 class=\"wp-block-heading has-ast-global-color-3-color has-text-color has-link-color has-medium-font-size wp-elements-266da4fc70a202a2efdd082aa7fdf02b\" style=\"margin-top:0px;margin-bottom:0px;padding-top:0px;padding-right:0rem;padding-bottom:0px;padding-left:0rem;font-style:italic;font-weight:200\">Les \u00e9l\u00e8ves par groupe de deux doivent concevoir un petit prototype tr\u00e8s simple d&rsquo;un objet automatique en fonction d&rsquo;une demande.<\/h2>\n<\/div>\n<\/div><\/div>\n\n\n\n<p><\/p>\n","protected":false},"excerpt":{"rendered":"<p>Pb2 &#8211; Programmer une barri\u00e8re automatique S\u00e9ance 1 : R\u00e9vision du cycle 3 et de la 5\u00e8me L&rsquo;activit\u00e9 consiste \u00e0 une r\u00e9vision rapide des notions de programmation \u00e0 travers un petit cours et quatre exercices. Feuille d&rsquo;activit\u00e9 La programmation S\u00e9ance 2 : Rendre automatique une barri\u00e8re manuelle Les \u00e9l\u00e8ves doivent r\u00e9pondre \u00e0 une demande pour [&hellip;]<\/p>\n","protected":false},"author":1,"featured_media":0,"parent":759,"menu_order":2,"comment_status":"closed","ping_status":"closed","template":"","meta":{"_uag_custom_page_level_css":"","site-sidebar-layout":"default","site-content-layout":"","ast-site-content-layout":"","site-content-style":"default","site-sidebar-style":"default","ast-global-header-display":"","ast-banner-title-visibility":"","ast-main-header-display":"","ast-hfb-above-header-display":"","ast-hfb-below-header-display":"","ast-hfb-mobile-header-display":"","site-post-title":"","ast-breadcrumbs-content":"","ast-featured-img":"","footer-sml-layout":"","theme-transparent-header-meta":"","adv-header-id-meta":"","stick-header-meta":"","header-above-stick-meta":"","header-main-stick-meta":"","header-below-stick-meta":"","astra-migrate-meta-layouts":"default","ast-page-background-enabled":"default","ast-page-background-meta":{"desktop":{"background-color":"var(--ast-global-color-4)","background-image":"","background-repeat":"repeat","background-position":"center center","background-size":"auto","background-attachment":"scroll","background-type":"","background-media":"","overlay-type":"","overlay-color":"","overlay-opacity":"","overlay-gradient":""},"tablet":{"background-color":"","background-image":"","background-repeat":"repeat","background-position":"center center","background-size":"auto","background-attachment":"scroll","background-type":"","background-media":"","overlay-type":"","overlay-color":"","overlay-opacity":"","overlay-gradient":""},"mobile":{"background-color":"","background-image":"","background-repeat":"repeat","background-position":"center center","background-size":"auto","background-attachment":"scroll","background-type":"","background-media":"","overlay-type":"","overlay-color":"","overlay-opacity":"","overlay-gradient":""}},"ast-content-background-meta":{"desktop":{"background-color":"var(--ast-global-color-5)","background-image":"","background-repeat":"repeat","background-position":"center center","background-size":"auto","background-attachment":"scroll","background-type":"","background-media":"","overlay-type":"","overlay-color":"","overlay-opacity":"","overlay-gradient":""},"tablet":{"background-color":"var(--ast-global-color-5)","background-image":"","background-repeat":"repeat","background-position":"center center","background-size":"auto","background-attachment":"scroll","background-type":"","background-media":"","overlay-type":"","overlay-color":"","overlay-opacity":"","overlay-gradient":""},"mobile":{"background-color":"var(--ast-global-color-5)","background-image":"","background-repeat":"repeat","background-position":"center center","background-size":"auto","background-attachment":"scroll","background-type":"","background-media":"","overlay-type":"","overlay-color":"","overlay-opacity":"","overlay-gradient":""}},"footnotes":""},"class_list":["post-809","page","type-page","status-publish","hentry"],"uagb_featured_image_src":{"full":false,"thumbnail":false,"medium":false,"medium_large":false,"large":false,"1536x1536":false,"2048x2048":false},"uagb_author_info":{"display_name":"Drapeau","author_link":"https:\/\/doukatech.fr\/?author=1"},"uagb_comment_info":0,"uagb_excerpt":"Pb2 &#8211; Programmer une barri\u00e8re automatique S\u00e9ance 1 : R\u00e9vision du cycle 3 et de la 5\u00e8me L&rsquo;activit\u00e9 consiste \u00e0 une r\u00e9vision rapide des notions de programmation \u00e0 travers un petit cours et quatre exercices. Feuille d&rsquo;activit\u00e9 La programmation S\u00e9ance 2 : Rendre automatique une barri\u00e8re manuelle Les \u00e9l\u00e8ves doivent r\u00e9pondre \u00e0 une demande pour\u2026","_links":{"self":[{"href":"https:\/\/doukatech.fr\/index.php?rest_route=\/wp\/v2\/pages\/809","targetHints":{"allow":["GET"]}}],"collection":[{"href":"https:\/\/doukatech.fr\/index.php?rest_route=\/wp\/v2\/pages"}],"about":[{"href":"https:\/\/doukatech.fr\/index.php?rest_route=\/wp\/v2\/types\/page"}],"author":[{"embeddable":true,"href":"https:\/\/doukatech.fr\/index.php?rest_route=\/wp\/v2\/users\/1"}],"replies":[{"embeddable":true,"href":"https:\/\/doukatech.fr\/index.php?rest_route=%2Fwp%2Fv2%2Fcomments&post=809"}],"version-history":[{"count":10,"href":"https:\/\/doukatech.fr\/index.php?rest_route=\/wp\/v2\/pages\/809\/revisions"}],"predecessor-version":[{"id":933,"href":"https:\/\/doukatech.fr\/index.php?rest_route=\/wp\/v2\/pages\/809\/revisions\/933"}],"up":[{"embeddable":true,"href":"https:\/\/doukatech.fr\/index.php?rest_route=\/wp\/v2\/pages\/759"}],"wp:attachment":[{"href":"https:\/\/doukatech.fr\/index.php?rest_route=%2Fwp%2Fv2%2Fmedia&parent=809"}],"curies":[{"name":"wp","href":"https:\/\/api.w.org\/{rel}","templated":true}]}}