{"id":886,"date":"2025-02-08T08:06:55","date_gmt":"2025-02-08T07:06:55","guid":{"rendered":"https:\/\/doukatech.fr\/?page_id=886"},"modified":"2025-05-21T09:05:35","modified_gmt":"2025-05-21T07:05:35","slug":"pb3-choisir-un-logement","status":"publish","type":"page","link":"https:\/\/doukatech.fr\/?page_id=886","title":{"rendered":"Pb3 &#8211; Choisir un logement"},"content":{"rendered":"\n<div class=\"wp-block-uagb-container uagb-block-07dd24c9 alignfull uagb-is-root-container\"><div class=\"uagb-container-inner-blocks-wrap\">\n<div class=\"wp-block-uagb-container uagb-block-91ac3ae8\">\n<h2 class=\"wp-block-heading has-ast-global-color-7-color has-text-color has-link-color wp-elements-78ac5b56f6254269e3d3371aa71efabd\">Pb3 &#8211; Choisir un logement<\/h2>\n\n\n\n<h2 class=\"wp-block-heading has-ast-global-color-4-color has-text-color has-link-color has-large-font-size wp-elements-9546c16a5dcf6857c12ecd42ba021e59\" style=\"padding-right:0;padding-left:0\">S\u00e9ance 1 : Trouver le bon logement<\/h2>\n\n\n\n<h2 class=\"wp-block-heading has-ast-global-color-3-color has-text-color has-link-color has-medium-font-size wp-elements-deb63e5a69207f69282afa18cbd24416\" style=\"margin-top:0px;margin-bottom:0px;padding-top:0px;padding-right:0rem;padding-bottom:0px;padding-left:0rem;font-style:italic;font-weight:200\">Les \u00e9l\u00e8ves  doivent choisir un logement en fonction d&rsquo;un cahier des charges.<\/h2>\n\n\n\n<div class=\"wp-block-group is-nowrap is-layout-flex wp-container-core-group-is-layout-6c531013 wp-block-group-is-layout-flex\">\n<div class=\"wp-block-uagb-container uagb-block-29011c34\">\n<h2 class=\"wp-block-heading has-text-align-center has-white-color has-text-color has-link-color has-medium-font-size wp-elements-5a079119af1a1de42574e27f3b114b57\">Feuille d&rsquo;activit\u00e9<\/h2>\n\n\n\n<div class=\"wp-block-columns is-layout-flex wp-container-core-columns-is-layout-28f84493 wp-block-columns-is-layout-flex\">\n<div class=\"wp-block-column is-layout-flow wp-block-column-is-layout-flow\" style=\"flex-basis:100%\">\n<div data-wp-interactive=\"core\/file\" class=\"wp-block-file\"><object data-wp-bind--hidden=\"!state.hasPdfPreview\" hidden class=\"wp-block-file__embed\" data=\"https:\/\/doukatech.fr\/wp-content\/uploads\/2025\/02\/4Pb3-S1-Activite-Choisir-un-appartement-1.pdf\" type=\"application\/pdf\" style=\"width:100%;height:200px\" aria-label=\"Contenu embarqu\u00e9 4Pb3-S1- Activit\u00e9 - Choisir un appartement.\"><\/object><a id=\"wp-block-file--media-a5f73f67-3137-48a8-bd13-539a8439d3d1\" href=\"https:\/\/doukatech.fr\/wp-content\/uploads\/2025\/02\/4Pb3-S1-Activite-Choisir-un-appartement-1.pdf\">4Pb3-S1- Activit\u00e9 &#8211; Choisir un appartement<\/a><\/div>\n<\/div>\n<\/div>\n<\/div>\n\n\n\n<div class=\"wp-block-uagb-container uagb-block-70e71176\">\n<h2 class=\"wp-block-heading has-text-align-center has-luminous-vivid-amber-color has-text-color has-link-color has-medium-font-size wp-elements-133e4daf1e91265c6ab8890f60759c12\">L&rsquo;agence Doukimmo<\/h2>\n\n\n\n<figure class=\"wp-block-image size-full\"><a href=\"https:\/\/doukatech.fr\/internet\/agence\/agence.html\" target=\"_blank\" rel=\"noreferrer noopener\"><img loading=\"lazy\" decoding=\"async\" width=\"640\" height=\"360\" src=\"https:\/\/doukatech.fr\/wp-content\/uploads\/2025\/02\/agence.jpg\" alt=\"\" class=\"wp-image-891\" srcset=\"https:\/\/doukatech.fr\/wp-content\/uploads\/2025\/02\/agence.jpg 640w, https:\/\/doukatech.fr\/wp-content\/uploads\/2025\/02\/agence-300x169.jpg 300w\" sizes=\"auto, (max-width: 640px) 100vw, 640px\" \/><\/a><\/figure>\n<\/div>\n\n\n\n<div class=\"wp-block-uagb-container uagb-block-68706499\">\n<h2 class=\"wp-block-heading has-text-align-center has-luminous-vivid-amber-color has-text-color has-link-color has-medium-font-size wp-elements-b42f67f8bc99281048e06027d40f0a94\"><\/h2>\n<\/div>\n<\/div>\n\n\n\n<h2 class=\"wp-block-heading has-ast-global-color-4-color has-text-color has-link-color has-large-font-size wp-elements-2cf2cef535606d7158ae3e57df32a250\" style=\"padding-right:0;padding-left:0\">S\u00e9ance 2 : Am\u00e9liorer le DPE du logement<\/h2>\n\n\n\n<h2 class=\"wp-block-heading has-ast-global-color-3-color has-text-color has-link-color has-medium-font-size wp-elements-f0fa1aa8d0fd47626ed635dc7229b51b\" style=\"margin-top:0px;margin-bottom:0px;padding-top:0px;padding-right:0rem;padding-bottom:0px;padding-left:0rem;font-style:italic;font-weight:200\">Les \u00e9l\u00e8ves doivent am\u00e9liorer le DPE du logement et v\u00e9rifier  la rentabilit\u00e9 des travaux.<\/h2>\n\n\n\n<div class=\"wp-block-uagb-container uagb-block-dc897cf2 alignfull uagb-is-root-container\"><div class=\"uagb-container-inner-blocks-wrap\">\n<div class=\"wp-block-uagb-container uagb-block-05e6e846\">\n<h2 class=\"wp-block-heading has-text-align-center has-white-color has-text-color has-link-color has-medium-font-size wp-elements-5a079119af1a1de42574e27f3b114b57\">Feuille d&rsquo;activit\u00e9<\/h2>\n\n\n\n<div class=\"wp-block-columns is-layout-flex wp-container-core-columns-is-layout-28f84493 wp-block-columns-is-layout-flex\">\n<div class=\"wp-block-column is-layout-flow wp-block-column-is-layout-flow\" style=\"flex-basis:100%\">\n<div data-wp-interactive=\"core\/file\" class=\"wp-block-file\"><object data-wp-bind--hidden=\"!state.hasPdfPreview\" hidden class=\"wp-block-file__embed\" data=\"https:\/\/doukatech.fr\/wp-content\/uploads\/2025\/05\/4Pb3-S2-Activite-Comment-ameliorer-le-DPE.pdf\" type=\"application\/pdf\" style=\"width:100%;height:200px\" aria-label=\"Contenu embarqu\u00e9 4Pb3-S2- Activit\u00e9 - Comment am\u00e9liorer le DPE.\"><\/object><a id=\"wp-block-file--media-1abf1fa3-487c-4ec4-a7eb-9ad3e9db46c2\" href=\"https:\/\/doukatech.fr\/wp-content\/uploads\/2025\/05\/4Pb3-S2-Activite-Comment-ameliorer-le-DPE.pdf\">4Pb3-S2- Activit\u00e9 &#8211; Comment am\u00e9liorer le DPE<\/a><\/div>\n<\/div>\n<\/div>\n<\/div>\n\n\n\n<div class=\"wp-block-uagb-container uagb-block-8df3c6af\">\n<h2 class=\"wp-block-heading has-text-align-center has-luminous-vivid-amber-color has-text-color has-link-color has-medium-font-size wp-elements-133e4daf1e91265c6ab8890f60759c12\">L&rsquo;agence Doukimmo<\/h2>\n\n\n\n<figure class=\"wp-block-image size-full\"><a href=\"https:\/\/doukatech.fr\/internet\/agence\/agence.html\" target=\"_blank\" rel=\"noreferrer noopener\"><img loading=\"lazy\" decoding=\"async\" width=\"640\" height=\"360\" src=\"https:\/\/doukatech.fr\/wp-content\/uploads\/2025\/02\/agence.jpg\" alt=\"\" class=\"wp-image-891\" srcset=\"https:\/\/doukatech.fr\/wp-content\/uploads\/2025\/02\/agence.jpg 640w, https:\/\/doukatech.fr\/wp-content\/uploads\/2025\/02\/agence-300x169.jpg 300w\" sizes=\"auto, (max-width: 640px) 100vw, 640px\" \/><\/a><\/figure>\n<\/div>\n\n\n\n<div class=\"wp-block-uagb-container uagb-block-55014764\">\n<h2 class=\"wp-block-heading has-text-align-center has-luminous-vivid-amber-color has-text-color has-link-color has-medium-font-size wp-elements-b42f67f8bc99281048e06027d40f0a94\"><\/h2>\n<\/div>\n<\/div><\/div>\n\n\n\n<h2 class=\"wp-block-heading has-ast-global-color-4-color has-text-color has-link-color has-large-font-size wp-elements-db5692dc1fb5d950e59c82b3a2c39eea\" style=\"padding-right:0;padding-left:0\">S\u00e9ance 3 : Choisir un isolant \u00e9cologique<\/h2>\n\n\n\n<h2 class=\"wp-block-heading has-ast-global-color-3-color has-text-color has-link-color has-medium-font-size wp-elements-594ab8459cbe8613d82305634875621b\" style=\"margin-top:0px;margin-bottom:0px;padding-top:0px;padding-right:0rem;padding-bottom:0px;padding-left:0rem;font-style:italic;font-weight:200\">Les \u00e9l\u00e8ves  recherchent le meilleurs isolant pour les murs et v\u00e9rifier s&rsquo;il est \u00e9cologique.<\/h2>\n\n\n\n<div class=\"wp-block-uagb-container uagb-block-c60d0ef2 alignfull uagb-is-root-container\"><div class=\"uagb-container-inner-blocks-wrap\">\n<div class=\"wp-block-uagb-container uagb-block-d51fe93b\">\n<h2 class=\"wp-block-heading has-text-align-center has-white-color has-text-color has-link-color has-medium-font-size wp-elements-5a079119af1a1de42574e27f3b114b57\">Feuille d&rsquo;activit\u00e9<\/h2>\n\n\n\n<div class=\"wp-block-columns is-layout-flex wp-container-core-columns-is-layout-28f84493 wp-block-columns-is-layout-flex\">\n<div class=\"wp-block-column is-layout-flow wp-block-column-is-layout-flow\" style=\"flex-basis:100%\">\n<div data-wp-interactive=\"core\/file\" class=\"wp-block-file\"><object data-wp-bind--hidden=\"!state.hasPdfPreview\" hidden class=\"wp-block-file__embed\" data=\"https:\/\/doukatech.fr\/wp-content\/uploads\/2025\/04\/4Pb3-S3-Activite-Choisir-un-isolent-ecologique.pdf\" type=\"application\/pdf\" style=\"width:100%;height:200px\" aria-label=\"Contenu embarqu\u00e9 4Pb3-S3- Activit\u00e9 - Choisir un isolent \u00e9cologique.\"><\/object><a id=\"wp-block-file--media-c3678fe4-3ecb-4a9e-9204-c0306544a371\" href=\"https:\/\/doukatech.fr\/wp-content\/uploads\/2025\/04\/4Pb3-S3-Activite-Choisir-un-isolent-ecologique.pdf\">4Pb3-S3- Activit\u00e9 &#8211; Choisir un isolent \u00e9cologique<\/a><\/div>\n<\/div>\n<\/div>\n<\/div>\n\n\n\n<div class=\"wp-block-uagb-container uagb-block-07c86ac0\">\n<h2 class=\"wp-block-heading has-text-align-center has-luminous-vivid-amber-color has-text-color has-link-color has-medium-font-size wp-elements-8aba6ee352d638d27f6ce9fe44030a2e\">1 : Protocole de test : isolation<\/h2>\n\n\n\n<figure class=\"wp-block-image size-full is-resized\"><a href=\"https:\/\/doukatech.fr\/internet\/protocole_de_test\/protocole_de_test.html\" target=\"_blank\" rel=\"noreferrer noopener\"><img loading=\"lazy\" decoding=\"async\" width=\"640\" height=\"360\" src=\"https:\/\/doukatech.fr\/wp-content\/uploads\/2025\/02\/Protocole-de-tests.jpg\" alt=\"\" class=\"wp-image-913\" style=\"width:auto;height:200px\" srcset=\"https:\/\/doukatech.fr\/wp-content\/uploads\/2025\/02\/Protocole-de-tests.jpg 640w, https:\/\/doukatech.fr\/wp-content\/uploads\/2025\/02\/Protocole-de-tests-300x169.jpg 300w\" sizes=\"auto, (max-width: 640px) 100vw, 640px\" \/><\/a><\/figure>\n<\/div>\n\n\n\n<div class=\"wp-block-uagb-container uagb-block-e8217c0a\">\n<h2 class=\"wp-block-heading has-text-align-center has-luminous-vivid-amber-color has-text-color has-link-color has-medium-font-size wp-elements-62205e854bc38869ff6f390fbb8c265b\"> 2 : Les mat\u00e9riaux de construction<\/h2>\n\n\n\n<figure class=\"wp-block-image size-full is-resized\"><a href=\"https:\/\/doukatech.fr\/internet\/materiaux_construction\/materiaux_construction.html\" target=\"_blank\" rel=\"noreferrer noopener\"><img loading=\"lazy\" decoding=\"async\" width=\"640\" height=\"360\" src=\"https:\/\/doukatech.fr\/wp-content\/uploads\/2025\/02\/materiaux_construction.jpg\" alt=\"\" class=\"wp-image-917\" style=\"width:auto;height:200px\" srcset=\"https:\/\/doukatech.fr\/wp-content\/uploads\/2025\/02\/materiaux_construction.jpg 640w, https:\/\/doukatech.fr\/wp-content\/uploads\/2025\/02\/materiaux_construction-300x169.jpg 300w\" sizes=\"auto, (max-width: 640px) 100vw, 640px\" \/><\/a><\/figure>\n<\/div>\n<\/div><\/div>\n\n\n\n<h2 class=\"wp-block-heading has-pale-cyan-blue-color has-text-color has-link-color has-large-font-size wp-elements-e507ae6ffb579205bfd909046eb9c827\" style=\"padding-right:0;padding-left:0\">Synth\u00e8se de la probl\u00e9matique 3<\/h2>\n\n\n\n<div class=\"wp-block-group is-nowrap is-layout-flex wp-container-core-group-is-layout-6c531013 wp-block-group-is-layout-flex\">\n<div class=\"wp-block-uagb-container uagb-block-160f09d2\">\n<h2 class=\"wp-block-heading has-text-align-center has-white-color has-text-color has-link-color has-medium-font-size wp-elements-e8bddbd1397174e4d0fbd495e66d4323\">Feuille de synth\u00e8se<\/h2>\n\n\n\n<div class=\"wp-block-columns is-layout-flex wp-container-core-columns-is-layout-28f84493 wp-block-columns-is-layout-flex\">\n<div class=\"wp-block-column is-layout-flow wp-block-column-is-layout-flow\" style=\"flex-basis:100%\">\n<div data-wp-interactive=\"core\/file\" class=\"wp-block-file\"><object data-wp-bind--hidden=\"!state.hasPdfPreview\" hidden class=\"wp-block-file__embed\" data=\"https:\/\/doukatech.fr\/wp-content\/uploads\/2025\/04\/4Pb3-Synthese-Choisir-un-appartement-1.pdf\" type=\"application\/pdf\" style=\"width:100%;height:200px\" aria-label=\"Contenu embarqu\u00e9 4Pb3- Synth\u00e8se - Choisir un appartement.\"><\/object><a id=\"wp-block-file--media-a21d3ace-bd4f-4851-88ac-4363981436fd\" href=\"https:\/\/doukatech.fr\/wp-content\/uploads\/2025\/04\/4Pb3-Synthese-Choisir-un-appartement-1.pdf\">4Pb3- Synth\u00e8se &#8211; Choisir un appartement<\/a><\/div>\n<\/div>\n<\/div>\n<\/div>\n\n\n\n<div class=\"wp-block-uagb-container uagb-block-69cfe1ef\"><\/div>\n\n\n\n<div class=\"wp-block-uagb-container uagb-block-a8f5ab87\"><\/div>\n<\/div>\n<\/div>\n<\/div><\/div>\n","protected":false},"excerpt":{"rendered":"<p>Pb3 &#8211; Choisir un logement S\u00e9ance 1 : Trouver le bon logement Les \u00e9l\u00e8ves doivent choisir un logement en fonction d&rsquo;un cahier des charges. Feuille d&rsquo;activit\u00e9 L&rsquo;agence Doukimmo S\u00e9ance 2 : Am\u00e9liorer le DPE du logement Les \u00e9l\u00e8ves doivent am\u00e9liorer le DPE du logement et v\u00e9rifier la rentabilit\u00e9 des travaux. Feuille d&rsquo;activit\u00e9 L&rsquo;agence Doukimmo S\u00e9ance [&hellip;]<\/p>\n","protected":false},"author":1,"featured_media":0,"parent":759,"menu_order":3,"comment_status":"closed","ping_status":"closed","template":"","meta":{"_uag_custom_page_level_css":"","site-sidebar-layout":"default","site-content-layout":"","ast-site-content-layout":"","site-content-style":"default","site-sidebar-style":"default","ast-global-header-display":"","ast-banner-title-visibility":"","ast-main-header-display":"","ast-hfb-above-header-display":"","ast-hfb-below-header-display":"","ast-hfb-mobile-header-display":"","site-post-title":"","ast-breadcrumbs-content":"","ast-featured-img":"","footer-sml-layout":"","theme-transparent-header-meta":"","adv-header-id-meta":"","stick-header-meta":"","header-above-stick-meta":"","header-main-stick-meta":"","header-below-stick-meta":"","astra-migrate-meta-layouts":"default","ast-page-background-enabled":"default","ast-page-background-meta":{"desktop":{"background-color":"var(--ast-global-color-4)","background-image":"","background-repeat":"repeat","background-position":"center center","background-size":"auto","background-attachment":"scroll","background-type":"","background-media":"","overlay-type":"","overlay-color":"","overlay-opacity":"","overlay-gradient":""},"tablet":{"background-color":"","background-image":"","background-repeat":"repeat","background-position":"center center","background-size":"auto","background-attachment":"scroll","background-type":"","background-media":"","overlay-type":"","overlay-color":"","overlay-opacity":"","overlay-gradient":""},"mobile":{"background-color":"","background-image":"","background-repeat":"repeat","background-position":"center center","background-size":"auto","background-attachment":"scroll","background-type":"","background-media":"","overlay-type":"","overlay-color":"","overlay-opacity":"","overlay-gradient":""}},"ast-content-background-meta":{"desktop":{"background-color":"var(--ast-global-color-5)","background-image":"","background-repeat":"repeat","background-position":"center center","background-size":"auto","background-attachment":"scroll","background-type":"","background-media":"","overlay-type":"","overlay-color":"","overlay-opacity":"","overlay-gradient":""},"tablet":{"background-color":"var(--ast-global-color-5)","background-image":"","background-repeat":"repeat","background-position":"center center","background-size":"auto","background-attachment":"scroll","background-type":"","background-media":"","overlay-type":"","overlay-color":"","overlay-opacity":"","overlay-gradient":""},"mobile":{"background-color":"var(--ast-global-color-5)","background-image":"","background-repeat":"repeat","background-position":"center center","background-size":"auto","background-attachment":"scroll","background-type":"","background-media":"","overlay-type":"","overlay-color":"","overlay-opacity":"","overlay-gradient":""}},"footnotes":""},"class_list":["post-886","page","type-page","status-publish","hentry"],"uagb_featured_image_src":{"full":false,"thumbnail":false,"medium":false,"medium_large":false,"large":false,"1536x1536":false,"2048x2048":false},"uagb_author_info":{"display_name":"Drapeau","author_link":"https:\/\/doukatech.fr\/?author=1"},"uagb_comment_info":0,"uagb_excerpt":"Pb3 &#8211; Choisir un logement S\u00e9ance 1 : Trouver le bon logement Les \u00e9l\u00e8ves doivent choisir un logement en fonction d&rsquo;un cahier des charges. Feuille d&rsquo;activit\u00e9 L&rsquo;agence Doukimmo S\u00e9ance 2 : Am\u00e9liorer le DPE du logement Les \u00e9l\u00e8ves doivent am\u00e9liorer le DPE du logement et v\u00e9rifier la rentabilit\u00e9 des travaux. Feuille d&rsquo;activit\u00e9 L&rsquo;agence Doukimmo S\u00e9ance\u2026","_links":{"self":[{"href":"https:\/\/doukatech.fr\/index.php?rest_route=\/wp\/v2\/pages\/886","targetHints":{"allow":["GET"]}}],"collection":[{"href":"https:\/\/doukatech.fr\/index.php?rest_route=\/wp\/v2\/pages"}],"about":[{"href":"https:\/\/doukatech.fr\/index.php?rest_route=\/wp\/v2\/types\/page"}],"author":[{"embeddable":true,"href":"https:\/\/doukatech.fr\/index.php?rest_route=\/wp\/v2\/users\/1"}],"replies":[{"embeddable":true,"href":"https:\/\/doukatech.fr\/index.php?rest_route=%2Fwp%2Fv2%2Fcomments&post=886"}],"version-history":[{"count":18,"href":"https:\/\/doukatech.fr\/index.php?rest_route=\/wp\/v2\/pages\/886\/revisions"}],"predecessor-version":[{"id":967,"href":"https:\/\/doukatech.fr\/index.php?rest_route=\/wp\/v2\/pages\/886\/revisions\/967"}],"up":[{"embeddable":true,"href":"https:\/\/doukatech.fr\/index.php?rest_route=\/wp\/v2\/pages\/759"}],"wp:attachment":[{"href":"https:\/\/doukatech.fr\/index.php?rest_route=%2Fwp%2Fv2%2Fmedia&parent=886"}],"curies":[{"name":"wp","href":"https:\/\/api.w.org\/{rel}","templated":true}]}}