{"id":9,"date":"2023-11-13T15:53:12","date_gmt":"2023-11-13T14:53:12","guid":{"rendered":"https:\/\/technologie.doukatech.fr\/?page_id=9"},"modified":"2025-02-12T06:58:03","modified_gmt":"2025-02-12T05:58:03","slug":"accueil","status":"publish","type":"page","link":"https:\/\/doukatech.fr\/","title":{"rendered":"Accueil"},"content":{"rendered":"\n<div class=\"wp-block-uagb-image alignfull uagb-block-cc110d75 wp-block-uagb-image--layout-default wp-block-uagb-image--effect-static wp-block-uagb-image--align-full\"><figure class=\"wp-block-uagb-image__figure\"><img decoding=\"async\" srcset=\"https:\/\/doukatech.fr\/wp-content\/uploads\/2024\/11\/couverture.jpg ,https:\/\/doukatech.fr\/wp-content\/uploads\/2024\/11\/couverture.jpg 780w, https:\/\/doukatech.fr\/wp-content\/uploads\/2024\/11\/couverture.jpg 360w\" sizes=\"auto, (max-width: 480px) 150px\" src=\"https:\/\/doukatech.fr\/wp-content\/uploads\/2024\/11\/couverture.jpg\" alt=\"\" class=\"uag-image-868\" width=\"1024\" height=\"361\" title=\"\" loading=\"lazy\" role=\"img\"\/><\/figure><\/div>\n\n\n\n<div class=\"wp-block-group alignfull has-ast-global-color-5-background-color has-background is-layout-constrained wp-container-core-group-is-layout-d6007859 wp-block-group-is-layout-constrained\" style=\"margin-top:0;margin-bottom:0;padding-top:42px;padding-bottom:0px\">\n<div class=\"wp-block-columns are-vertically-aligned-top is-layout-flex wp-container-core-columns-is-layout-00723822 wp-block-columns-is-layout-flex\">\n<div class=\"wp-block-column is-vertically-aligned-top is-layout-flow wp-container-core-column-is-layout-6b73ce23 wp-block-column-is-layout-flow\">\n<figure class=\"wp-block-image aligncenter size-thumbnail\"><img loading=\"lazy\" decoding=\"async\" width=\"150\" height=\"150\" src=\"http:\/\/technologie.doukatech.fr\/wp-content\/uploads\/2023\/11\/eleves-1-150x150.png\" alt=\"\" class=\"wp-image-63\" srcset=\"https:\/\/doukatech.fr\/wp-content\/uploads\/2023\/11\/eleves-1-150x150.png 150w, https:\/\/doukatech.fr\/wp-content\/uploads\/2023\/11\/eleves-1-300x300.png 300w, https:\/\/doukatech.fr\/wp-content\/uploads\/2023\/11\/eleves-1.png 500w\" sizes=\"auto, (max-width: 150px) 100vw, 150px\" \/><\/figure>\n\n\n\n<h3 class=\"wp-block-heading has-text-align-center\" style=\"margin-top:16px\">Pour les \u00e9l\u00e8ves<\/h3>\n\n\n\n<p class=\"has-text-align-center\">Des cours, des ressources pour mes \u00e9l\u00e8ves.<\/p>\n<\/div>\n\n\n\n<div class=\"wp-block-column is-vertically-aligned-top is-layout-flow wp-container-core-column-is-layout-6b73ce23 wp-block-column-is-layout-flow\">\n<figure class=\"wp-block-image aligncenter size-thumbnail\"><img loading=\"lazy\" decoding=\"async\" width=\"150\" height=\"150\" src=\"http:\/\/technologie.doukatech.fr\/wp-content\/uploads\/2023\/11\/prof-150x150.png\" alt=\"\" class=\"wp-image-67\" srcset=\"https:\/\/doukatech.fr\/wp-content\/uploads\/2023\/11\/prof-150x150.png 150w, https:\/\/doukatech.fr\/wp-content\/uploads\/2023\/11\/prof-300x300.png 300w, https:\/\/doukatech.fr\/wp-content\/uploads\/2023\/11\/prof.png 375w\" sizes=\"auto, (max-width: 150px) 100vw, 150px\" \/><\/figure>\n\n\n\n<h3 class=\"wp-block-heading has-text-align-center\" style=\"margin-top:16px\">Pour les professeurs<\/h3>\n\n\n\n<p class=\"has-text-align-center\">Cours, p\u00e9dagogie&#8230;             Demander le MDP.<\/p>\n<\/div>\n\n\n\n<div class=\"wp-block-column is-vertically-aligned-top is-layout-flow wp-container-core-column-is-layout-6b73ce23 wp-block-column-is-layout-flow\">\n<figure class=\"wp-block-image aligncenter size-thumbnail\"><img loading=\"lazy\" decoding=\"async\" width=\"150\" height=\"150\" src=\"http:\/\/technologie.doukatech.fr\/wp-content\/uploads\/2023\/11\/parents-150x150.png\" alt=\"\" class=\"wp-image-66\" srcset=\"https:\/\/doukatech.fr\/wp-content\/uploads\/2023\/11\/parents-150x150.png 150w, https:\/\/doukatech.fr\/wp-content\/uploads\/2023\/11\/parents-300x300.png 300w, https:\/\/doukatech.fr\/wp-content\/uploads\/2023\/11\/parents.png 375w\" sizes=\"auto, (max-width: 150px) 100vw, 150px\" \/><\/figure>\n\n\n\n<h3 class=\"wp-block-heading has-text-align-center\" style=\"margin-top:16px\">Pour les parents<\/h3>\n\n\n\n<p class=\"has-text-align-center\">Retrouvez des aides et les documents de vos enfants.<\/p>\n<\/div>\n\n\n\n<div class=\"wp-block-column is-vertically-aligned-top is-layout-flow wp-container-core-column-is-layout-6b73ce23 wp-block-column-is-layout-flow\">\n<figure class=\"wp-block-image aligncenter size-thumbnail\"><img loading=\"lazy\" decoding=\"async\" width=\"150\" height=\"150\" src=\"http:\/\/technologie.doukatech.fr\/wp-content\/uploads\/2023\/11\/curieux-150x150.png\" alt=\"\" class=\"wp-image-65\" srcset=\"https:\/\/doukatech.fr\/wp-content\/uploads\/2023\/11\/curieux-150x150.png 150w, https:\/\/doukatech.fr\/wp-content\/uploads\/2023\/11\/curieux-300x300.png 300w, https:\/\/doukatech.fr\/wp-content\/uploads\/2023\/11\/curieux.png 375w\" sizes=\"auto, (max-width: 150px) 100vw, 150px\" \/><\/figure>\n\n\n\n<h3 class=\"wp-block-heading has-text-align-center\" style=\"margin-top:16px\">Pour les curieux<\/h3>\n\n\n\n<p class=\"has-text-align-center\">En technologie, il faut toujours \u00eatre curieux.<\/p>\n<\/div>\n<\/div>\n<\/div>\n\n\n\n<p><\/p>\n\n\n\n<p><\/p>\n\n\n\n<h2 class=\"wp-block-heading alignwide has-text-align-center has-vivid-red-color has-text-color has-link-color wp-elements-75129fd5b1d2832b195b428bd70fb93c\"><em>Doukatech c&rsquo;est aussi :<\/em><\/h2>\n\n\n\n<div class=\"wp-block-columns alignwide is-layout-flex wp-container-core-columns-is-layout-304352de wp-block-columns-is-layout-flex\" style=\"margin-top:50px;padding-top:var(--wp--preset--spacing--40)\">\n<div class=\"wp-block-column is-layout-flow wp-container-core-column-is-layout-6b73ce23 wp-block-column-is-layout-flow\">\n<figure class=\"wp-block-image size-full\"><a href=\"https:\/\/sites.google.com\/view\/doukatech\/\" target=\"_blank\" rel=\"noreferrer noopener\"><img loading=\"lazy\" decoding=\"async\" width=\"507\" height=\"604\" src=\"https:\/\/technologie.doukatech.fr\/wp-content\/uploads\/2023\/11\/lecteur.png\" alt=\"\" class=\"wp-image-71\" srcset=\"https:\/\/doukatech.fr\/wp-content\/uploads\/2023\/11\/lecteur.png 507w, https:\/\/doukatech.fr\/wp-content\/uploads\/2023\/11\/lecteur-252x300.png 252w\" sizes=\"auto, (max-width: 507px) 100vw, 507px\" \/><\/a><\/figure>\n\n\n\n<h3 class=\"wp-block-heading has-text-align-center has-ast-global-color-5-color has-text-color has-link-color wp-elements-8a4603022ea1e7c9a16796a0c1b72e80\" style=\"margin-top:16px\"><a href=\"https:\/\/sites.google.com\/view\/doukatech\/\" target=\"_blank\" rel=\"noreferrer noopener\">Tous lecteurs<\/a><\/h3>\n\n\n\n<p class=\"has-text-align-center\">Un site sp\u00e9cialis\u00e9 dans la remise en lecture d&rsquo;\u00e9l\u00e8ves en tr\u00e8s grande difficult\u00e9. <\/p>\n<\/div>\n\n\n\n<div class=\"wp-block-column is-layout-flow wp-container-core-column-is-layout-6b73ce23 wp-block-column-is-layout-flow\">\n<figure class=\"wp-block-image size-full\"><a href=\"https:\/\/sites.google.com\/view\/tockenstock\/accueil\" target=\"_blank\" rel=\"noreferrer noopener\"><img loading=\"lazy\" decoding=\"async\" width=\"507\" height=\"604\" src=\"https:\/\/technologie.doukatech.fr\/wp-content\/uploads\/2023\/11\/tock.jpg\" alt=\"\" class=\"wp-image-74\" srcset=\"https:\/\/doukatech.fr\/wp-content\/uploads\/2023\/11\/tock.jpg 507w, https:\/\/doukatech.fr\/wp-content\/uploads\/2023\/11\/tock-252x300.jpg 252w\" sizes=\"auto, (max-width: 507px) 100vw, 507px\" \/><\/a><\/figure>\n\n\n\n<h3 class=\"wp-block-heading has-text-align-center has-ast-global-color-5-color has-text-color has-link-color wp-elements-7aa588309b28585bc9c5beefe3095905\" style=\"margin-top:16px\"><a href=\"https:\/\/sites.google.com\/view\/tockenstock\/accueil\" target=\"_blank\" rel=\"noreferrer noopener\">Le jeu du Tock<\/a><\/h3>\n\n\n\n<p class=\"has-text-align-center\">Un site sp\u00e9cialis\u00e9 pour vous aider \u00e0 la r\u00e9alisation du jeu, plan, cartes, r\u00e8gles&#8230;<\/p>\n<\/div>\n<\/div>\n\n\n<form role=\"search\" method=\"get\" action=\"https:\/\/doukatech.fr\/\" class=\"wp-block-search__button-outside wp-block-search__text-button wp-block-search\"    ><label class=\"wp-block-search__label\" for=\"wp-block-search__input-1\" >Rechercher<\/label><div class=\"wp-block-search__inside-wrapper\" ><input class=\"wp-block-search__input\" id=\"wp-block-search__input-1\" placeholder=\"\" value=\"\" type=\"search\" name=\"s\" required \/><button aria-label=\"Rechercher\" class=\"wp-block-search__button wp-element-button\" type=\"submit\" >Rechercher<\/button><\/div><\/form>\n\n\n<p><\/p>\n\n\n\n<p><\/p>\n","protected":false},"excerpt":{"rendered":"<p>Pour les \u00e9l\u00e8ves Des cours, des ressources pour mes \u00e9l\u00e8ves. Pour les professeurs Cours, p\u00e9dagogie&#8230; Demander le MDP. Pour les parents Retrouvez des aides et les documents de vos enfants. Pour les curieux En technologie, il faut toujours \u00eatre curieux. Doukatech c&rsquo;est aussi : Tous lecteurs Un site sp\u00e9cialis\u00e9 dans la remise en lecture d&rsquo;\u00e9l\u00e8ves [&hellip;]<\/p>\n","protected":false},"author":1,"featured_media":0,"parent":0,"menu_order":0,"comment_status":"closed","ping_status":"closed","template":"","meta":{"_uag_custom_page_level_css":"","site-sidebar-layout":"no-sidebar","site-content-layout":"plain-container","ast-site-content-layout":"","site-content-style":"default","site-sidebar-style":"default","ast-global-header-display":"","ast-banner-title-visibility":"","ast-main-header-display":"","ast-hfb-above-header-display":"","ast-hfb-below-header-display":"","ast-hfb-mobile-header-display":"","site-post-title":"disabled","ast-breadcrumbs-content":"","ast-featured-img":"","footer-sml-layout":"","theme-transparent-header-meta":"enabled","adv-header-id-meta":"","stick-header-meta":"","header-above-stick-meta":"","header-main-stick-meta":"","header-below-stick-meta":"","astra-migrate-meta-layouts":"default","ast-page-background-enabled":"default","ast-page-background-meta":{"desktop":{"background-color":"var(--ast-global-color-4)","background-image":"","background-repeat":"repeat","background-position":"center center","background-size":"auto","background-attachment":"scroll","background-type":"","background-media":"","overlay-type":"","overlay-color":"","overlay-opacity":"","overlay-gradient":""},"tablet":{"background-color":"","background-image":"","background-repeat":"repeat","background-position":"center center","background-size":"auto","background-attachment":"scroll","background-type":"","background-media":"","overlay-type":"","overlay-color":"","overlay-opacity":"","overlay-gradient":""},"mobile":{"background-color":"","background-image":"","background-repeat":"repeat","background-position":"center center","background-size":"auto","background-attachment":"scroll","background-type":"","background-media":"","overlay-type":"","overlay-color":"","overlay-opacity":"","overlay-gradient":""}},"ast-content-background-meta":{"desktop":{"background-color":"var(--ast-global-color-5)","background-image":"","background-repeat":"repeat","background-position":"center center","background-size":"auto","background-attachment":"scroll","background-type":"","background-media":"","overlay-type":"","overlay-color":"","overlay-opacity":"","overlay-gradient":""},"tablet":{"background-color":"var(--ast-global-color-5)","background-image":"","background-repeat":"repeat","background-position":"center center","background-size":"auto","background-attachment":"scroll","background-type":"","background-media":"","overlay-type":"","overlay-color":"","overlay-opacity":"","overlay-gradient":""},"mobile":{"background-color":"var(--ast-global-color-5)","background-image":"","background-repeat":"repeat","background-position":"center center","background-size":"auto","background-attachment":"scroll","background-type":"","background-media":"","overlay-type":"","overlay-color":"","overlay-opacity":"","overlay-gradient":""}},"footnotes":""},"class_list":["post-9","page","type-page","status-publish","hentry"],"uagb_featured_image_src":{"full":false,"thumbnail":false,"medium":false,"medium_large":false,"large":false,"1536x1536":false,"2048x2048":false},"uagb_author_info":{"display_name":"Drapeau","author_link":"https:\/\/doukatech.fr\/?author=1"},"uagb_comment_info":0,"uagb_excerpt":"Pour les \u00e9l\u00e8ves Des cours, des ressources pour mes \u00e9l\u00e8ves. Pour les professeurs Cours, p\u00e9dagogie&#8230; Demander le MDP. Pour les parents Retrouvez des aides et les documents de vos enfants. Pour les curieux En technologie, il faut toujours \u00eatre curieux. Doukatech c&rsquo;est aussi : Tous lecteurs Un site sp\u00e9cialis\u00e9 dans la remise en lecture d&rsquo;\u00e9l\u00e8ves\u2026","_links":{"self":[{"href":"https:\/\/doukatech.fr\/index.php?rest_route=\/wp\/v2\/pages\/9","targetHints":{"allow":["GET"]}}],"collection":[{"href":"https:\/\/doukatech.fr\/index.php?rest_route=\/wp\/v2\/pages"}],"about":[{"href":"https:\/\/doukatech.fr\/index.php?rest_route=\/wp\/v2\/types\/page"}],"author":[{"embeddable":true,"href":"https:\/\/doukatech.fr\/index.php?rest_route=\/wp\/v2\/users\/1"}],"replies":[{"embeddable":true,"href":"https:\/\/doukatech.fr\/index.php?rest_route=%2Fwp%2Fv2%2Fcomments&post=9"}],"version-history":[{"count":36,"href":"https:\/\/doukatech.fr\/index.php?rest_route=\/wp\/v2\/pages\/9\/revisions"}],"predecessor-version":[{"id":906,"href":"https:\/\/doukatech.fr\/index.php?rest_route=\/wp\/v2\/pages\/9\/revisions\/906"}],"wp:attachment":[{"href":"https:\/\/doukatech.fr\/index.php?rest_route=%2Fwp%2Fv2%2Fmedia&parent=9"}],"curies":[{"name":"wp","href":"https:\/\/api.w.org\/{rel}","templated":true}]}}