{"id":939,"date":"2025-05-13T15:35:05","date_gmt":"2025-05-13T13:35:05","guid":{"rendered":"https:\/\/doukatech.fr\/?page_id=939"},"modified":"2025-06-22T17:47:33","modified_gmt":"2025-06-22T15:47:33","slug":"pb4-reparer-un-ost","status":"publish","type":"page","link":"https:\/\/doukatech.fr\/?page_id=939","title":{"rendered":"Pb4 &#8211; R\u00e9parer un OST"},"content":{"rendered":"\n<div class=\"wp-block-uagb-container uagb-block-07dd24c9 alignfull uagb-is-root-container\"><div class=\"uagb-container-inner-blocks-wrap\">\n<div class=\"wp-block-uagb-container uagb-block-91ac3ae8\">\n<h2 class=\"wp-block-heading has-ast-global-color-7-color has-text-color has-link-color wp-elements-401a8f81a276c676a75a4aad8bec86c7\">Pb4 &#8211; R\u00e9parer un OST<\/h2>\n\n\n\n<h2 class=\"wp-block-heading has-ast-global-color-4-color has-text-color has-link-color has-large-font-size wp-elements-71bc8b2ec77a9363e29a3e111f509bab\" style=\"padding-right:0;padding-left:0\">S\u00e9ance 1 : R\u00e9parer c&rsquo;est utile<\/h2>\n\n\n\n<h2 class=\"wp-block-heading has-ast-global-color-3-color has-text-color has-link-color has-medium-font-size wp-elements-b3a757e107212f809ea76c0078895237\" style=\"margin-top:0px;margin-bottom:0px;padding-top:0px;padding-right:0rem;padding-bottom:0px;padding-left:0rem;font-style:italic;font-weight:200\">Les \u00e9l\u00e8ves  d\u00e9couvrent tous les avantages \u00e0 r\u00e9parer les objets au lieu de les jeter<\/h2>\n\n\n\n<div class=\"wp-block-group is-nowrap is-layout-flex wp-container-core-group-is-layout-6c531013 wp-block-group-is-layout-flex\">\n<div class=\"wp-block-uagb-container uagb-block-29011c34\">\n<h2 class=\"wp-block-heading has-text-align-center has-white-color has-text-color has-link-color has-medium-font-size wp-elements-5a079119af1a1de42574e27f3b114b57\">Feuille d&rsquo;activit\u00e9<\/h2>\n\n\n\n<div class=\"wp-block-columns is-layout-flex wp-container-core-columns-is-layout-28f84493 wp-block-columns-is-layout-flex\">\n<div class=\"wp-block-column is-layout-flow wp-block-column-is-layout-flow\" style=\"flex-basis:100%\">\n<div data-wp-interactive=\"core\/file\" class=\"wp-block-file\"><object data-wp-bind--hidden=\"!state.hasPdfPreview\" hidden class=\"wp-block-file__embed\" data=\"https:\/\/doukatech.fr\/wp-content\/uploads\/2025\/05\/4Pb4-S1-Activite-Reparer-cest-utile-1.pdf\" type=\"application\/pdf\" style=\"width:100%;height:200px\" aria-label=\"Contenu embarqu\u00e9 4Pb4-S1- Activit\u00e9 - R\u00e9parer c&apos;est utile.\"><\/object><a id=\"wp-block-file--media-5d81eff2-b5bb-4b4b-aa5e-d80d1d817b98\" href=\"https:\/\/doukatech.fr\/wp-content\/uploads\/2025\/05\/4Pb4-S1-Activite-Reparer-cest-utile-1.pdf\">4Pb4-S1- Activit\u00e9 &#8211; R\u00e9parer c&rsquo;est utile<\/a><\/div>\n<\/div>\n<\/div>\n<\/div>\n\n\n\n<div class=\"wp-block-uagb-container uagb-block-70e71176\">\n<h2 class=\"wp-block-heading has-text-align-center has-luminous-vivid-amber-color has-text-color has-link-color has-medium-font-size wp-elements-7589119b9f08bc5ac23d64185320f66b\">Le monde de la r\u00e9paration<\/h2>\n\n\n\n<figure class=\"wp-block-image size-full\"><a href=\"https:\/\/doukatech.fr\/internet\/reparer\/reparer.html\" target=\"_blank\" rel=\"noreferrer noopener\"><img loading=\"lazy\" decoding=\"async\" width=\"640\" height=\"360\" src=\"https:\/\/doukatech.fr\/wp-content\/uploads\/2025\/05\/Reparer.jpg\" alt=\"\" class=\"wp-image-951\" srcset=\"https:\/\/doukatech.fr\/wp-content\/uploads\/2025\/05\/Reparer.jpg 640w, https:\/\/doukatech.fr\/wp-content\/uploads\/2025\/05\/Reparer-300x169.jpg 300w\" sizes=\"auto, (max-width: 640px) 100vw, 640px\" \/><\/a><\/figure>\n<\/div>\n\n\n\n<div class=\"wp-block-uagb-container uagb-block-68706499\">\n<h2 class=\"wp-block-heading has-text-align-center has-luminous-vivid-amber-color has-text-color has-link-color has-medium-font-size wp-elements-b42f67f8bc99281048e06027d40f0a94\"><\/h2>\n<\/div>\n<\/div>\n\n\n\n<h2 class=\"wp-block-heading has-ast-global-color-4-color has-text-color has-link-color has-large-font-size wp-elements-5cf4ad54be9d6ba91affb82d5dc396aa\" style=\"padding-right:0;padding-left:0\">S\u00e9ance 2 : R\u00e9parer une pi\u00e8ce \u00e9lectrique<\/h2>\n\n\n\n<h2 class=\"wp-block-heading has-ast-global-color-3-color has-text-color has-link-color has-medium-font-size wp-elements-ce268b99b4eedf14dfa64ebd49e26a9d\" style=\"margin-top:0px;margin-bottom:0px;padding-top:0px;padding-right:0rem;padding-bottom:0px;padding-left:0rem;font-style:italic;font-weight:200\">Les \u00e9l\u00e8ves <\/h2>\n\n\n\n<div class=\"wp-block-uagb-container uagb-block-dc897cf2 alignfull uagb-is-root-container\"><div class=\"uagb-container-inner-blocks-wrap\">\n<div class=\"wp-block-uagb-container uagb-block-05e6e846\">\n<h2 class=\"wp-block-heading has-text-align-center has-white-color has-text-color has-link-color has-medium-font-size wp-elements-e43c8b873de43ca77ef6ea6d1db49408\">Feuille d&rsquo;activit\u00e9 A<\/h2>\n\n\n\n<div class=\"wp-block-columns is-layout-flex wp-container-core-columns-is-layout-28f84493 wp-block-columns-is-layout-flex\">\n<div class=\"wp-block-column is-layout-flow wp-block-column-is-layout-flow\" style=\"flex-basis:100%\">\n<div data-wp-interactive=\"core\/file\" class=\"wp-block-file\"><object data-wp-bind--hidden=\"!state.hasPdfPreview\" hidden class=\"wp-block-file__embed\" data=\"https:\/\/doukatech.fr\/wp-content\/uploads\/2025\/06\/4Pb4-S2a-Activite-Comprendre-le-fonctionnement.pdf\" type=\"application\/pdf\" style=\"width:100%;height:200px\" aria-label=\"Contenu embarqu\u00e9 4Pb4-S2a- Activite - Comprendre le fonctionnement.\"><\/object><a id=\"wp-block-file--media-9646e164-e0fb-44a6-96bf-e1f225870c8e\" href=\"https:\/\/doukatech.fr\/wp-content\/uploads\/2025\/06\/4Pb4-S2a-Activite-Comprendre-le-fonctionnement.pdf\">4Pb4-S2a- Activite &#8211; Comprendre le fonctionnement<\/a><\/div>\n<\/div>\n<\/div>\n<\/div>\n\n\n\n<div class=\"wp-block-uagb-container uagb-block-9466eaca\">\n<h2 class=\"wp-block-heading has-text-align-center has-white-color has-text-color has-link-color has-medium-font-size wp-elements-206413f856c264badfd865ef31ef93ac\">Feuille d&rsquo;activit\u00e9 B<\/h2>\n\n\n\n<div class=\"wp-block-columns is-layout-flex wp-container-core-columns-is-layout-28f84493 wp-block-columns-is-layout-flex\">\n<div class=\"wp-block-column is-layout-flow wp-block-column-is-layout-flow\" style=\"flex-basis:100%\">\n<div data-wp-interactive=\"core\/file\" class=\"wp-block-file\"><object data-wp-bind--hidden=\"!state.hasPdfPreview\" hidden class=\"wp-block-file__embed\" data=\"https:\/\/doukatech.fr\/wp-content\/uploads\/2025\/06\/4Pb4-S2b-Activite-Reparer-ma-trotinnet-elec.pdf\" type=\"application\/pdf\" style=\"width:100%;height:200px\" aria-label=\"Contenu embarqu\u00e9 4Pb4-S2b- Activite - Reparer ma trotinnet elec.\"><\/object><a id=\"wp-block-file--media-2dd516fb-3b2d-4500-89ed-d1de0f6f1768\" href=\"https:\/\/doukatech.fr\/wp-content\/uploads\/2025\/06\/4Pb4-S2b-Activite-Reparer-ma-trotinnet-elec.pdf\">4Pb4-S2b- Activite &#8211; Reparer ma trotinnet elec<\/a><\/div>\n<\/div>\n<\/div>\n<\/div>\n\n\n\n<div class=\"wp-block-uagb-container uagb-block-8df3c6af\">\n<h2 class=\"wp-block-heading has-text-align-center has-luminous-vivid-amber-color has-text-color has-link-color has-medium-font-size wp-elements-59f55a23eee17bbfaeeec4e25538048f\">Manuel du  E-scooter<\/h2>\n\n\n\n<figure class=\"wp-block-image size-full\"><a href=\"https:\/\/doukatech.fr\/internet\/e-scooter\/e-scooter.html\" target=\"_blank\" rel=\" noreferrer noopener\"><img loading=\"lazy\" decoding=\"async\" width=\"640\" height=\"360\" src=\"https:\/\/doukatech.fr\/wp-content\/uploads\/2025\/06\/e-scooter.jpg\" alt=\"\" class=\"wp-image-986\" srcset=\"https:\/\/doukatech.fr\/wp-content\/uploads\/2025\/06\/e-scooter.jpg 640w, https:\/\/doukatech.fr\/wp-content\/uploads\/2025\/06\/e-scooter-300x169.jpg 300w\" sizes=\"auto, (max-width: 640px) 100vw, 640px\" \/><\/a><\/figure>\n<\/div>\n<\/div><\/div>\n\n\n\n<div class=\"wp-block-uagb-container uagb-block-d97aa16f alignfull uagb-is-root-container\"><div class=\"uagb-container-inner-blocks-wrap\">\n<div class=\"wp-block-uagb-container uagb-block-e306ece5\">\n<h2 class=\"wp-block-heading has-text-align-center has-luminous-vivid-amber-color has-text-color has-link-color has-medium-font-size wp-elements-77f72a31a87058653a6fd56acf203e6b\">Outils de mesures<\/h2>\n\n\n\n<figure class=\"wp-block-image size-full\"><a href=\"https:\/\/doukatech.fr\/internet\/outils_mesures\/outils_mesures.html\" target=\"_blank\" rel=\" noreferrer noopener\"><img loading=\"lazy\" decoding=\"async\" width=\"640\" height=\"360\" src=\"https:\/\/doukatech.fr\/wp-content\/uploads\/2025\/06\/outils_mesures.jpg\" alt=\"\" class=\"wp-image-988\" srcset=\"https:\/\/doukatech.fr\/wp-content\/uploads\/2025\/06\/outils_mesures.jpg 640w, https:\/\/doukatech.fr\/wp-content\/uploads\/2025\/06\/outils_mesures-300x169.jpg 300w\" sizes=\"auto, (max-width: 640px) 100vw, 640px\" \/><\/a><\/figure>\n<\/div>\n\n\n\n<div class=\"wp-block-uagb-container uagb-block-b418e350\">\n<h2 class=\"wp-block-heading has-text-align-center has-luminous-vivid-amber-color has-text-color has-link-color has-medium-font-size wp-elements-b42f67f8bc99281048e06027d40f0a94\"><\/h2>\n<\/div>\n\n\n\n<div class=\"wp-block-uagb-container uagb-block-406d2119\">\n<h2 class=\"wp-block-heading has-text-align-center has-luminous-vivid-amber-color has-text-color has-link-color has-medium-font-size wp-elements-b42f67f8bc99281048e06027d40f0a94\"><\/h2>\n<\/div>\n<\/div><\/div>\n\n\n\n<h2 class=\"wp-block-heading has-ast-global-color-4-color has-text-color has-link-color has-large-font-size wp-elements-6d931416a86a457bceceeec69f7079db\" style=\"padding-right:0;padding-left:0\">S\u00e9ance 3 : R\u00e9parer une pi\u00e8ce m\u00e9canique<\/h2>\n\n\n\n<h2 class=\"wp-block-heading has-ast-global-color-3-color has-text-color has-link-color has-medium-font-size wp-elements-775747133e3a48ad88c197995050dee9\" style=\"margin-top:0px;margin-bottom:0px;padding-top:0px;padding-right:0rem;padding-bottom:0px;padding-left:0rem;font-style:italic;font-weight:200\">Les \u00e9l\u00e8ves sont amen\u00e9s \u00e0 trouver et r\u00e9aliser une solution pour r\u00e9parer une pi\u00e8ce de la trottinette \u00e9lectrique.<\/h2>\n\n\n\n<div class=\"wp-block-uagb-container uagb-block-c60d0ef2 alignfull uagb-is-root-container\"><div class=\"uagb-container-inner-blocks-wrap\">\n<div class=\"wp-block-uagb-container uagb-block-d51fe93b\">\n<h2 class=\"wp-block-heading has-text-align-center has-white-color has-text-color has-link-color has-medium-font-size wp-elements-5a079119af1a1de42574e27f3b114b57\">Feuille d&rsquo;activit\u00e9<\/h2>\n\n\n\n<div class=\"wp-block-columns is-layout-flex wp-container-core-columns-is-layout-28f84493 wp-block-columns-is-layout-flex\">\n<div class=\"wp-block-column is-layout-flow wp-block-column-is-layout-flow\" style=\"flex-basis:100%\">\n<div data-wp-interactive=\"core\/file\" class=\"wp-block-file\"><object data-wp-bind--hidden=\"!state.hasPdfPreview\" hidden class=\"wp-block-file__embed\" data=\"https:\/\/doukatech.fr\/wp-content\/uploads\/2025\/05\/4Pb4-S3-Activite-Reparer-ma-trottinette-elec-panne-2.pdf\" type=\"application\/pdf\" style=\"width:100%;height:200px\" aria-label=\"Contenu embarqu\u00e9 4Pb4-S3- Activit\u00e9 - R\u00e9parer ma trottinette \u00e9lec panne 2.\"><\/object><a id=\"wp-block-file--media-f86fe0a9-af9d-4158-8d23-9a8a00b8477d\" href=\"https:\/\/doukatech.fr\/wp-content\/uploads\/2025\/05\/4Pb4-S3-Activite-Reparer-ma-trottinette-elec-panne-2.pdf\">4Pb4-S3- Activit\u00e9 &#8211; R\u00e9parer ma trottinette \u00e9lec panne 2<\/a><\/div>\n<\/div>\n<\/div>\n<\/div>\n\n\n\n<div class=\"wp-block-uagb-container uagb-block-07c86ac0\">\n<h2 class=\"wp-block-heading has-text-align-center has-luminous-vivid-amber-color has-text-color has-link-color has-medium-font-size wp-elements-24c07d3b3f7cbcb41ec669e9da15b021\">Identifier un mat\u00e9riaux<\/h2>\n\n\n\n<figure class=\"wp-block-image size-full\"><a href=\"https:\/\/doukatech.fr\/internet\/identifier_materiaux\/identifier_materiaux.html\" target=\"_blank\" rel=\" noreferrer noopener\"><img loading=\"lazy\" decoding=\"async\" width=\"640\" height=\"360\" src=\"https:\/\/doukatech.fr\/wp-content\/uploads\/2024\/03\/identifier_materiaux.jpg\" alt=\"\" class=\"wp-image-483\" srcset=\"https:\/\/doukatech.fr\/wp-content\/uploads\/2024\/03\/identifier_materiaux.jpg 640w, https:\/\/doukatech.fr\/wp-content\/uploads\/2024\/03\/identifier_materiaux-300x169.jpg 300w\" sizes=\"auto, (max-width: 640px) 100vw, 640px\" \/><\/a><\/figure>\n<\/div>\n\n\n\n<div class=\"wp-block-uagb-container uagb-block-51d2efef\">\n<h2 class=\"wp-block-heading has-text-align-center has-luminous-vivid-amber-color has-text-color has-link-color has-medium-font-size wp-elements-6ba9ba882b86140e7766fbc51f4362eb\">Les machines du labo de techno<\/h2>\n\n\n\n<figure class=\"wp-block-image size-full\"><a href=\"https:\/\/doukatech.fr\/internet\/les_machines\/les_machines.html\" target=\"_blank\" rel=\" noreferrer noopener\"><img loading=\"lazy\" decoding=\"async\" width=\"640\" height=\"360\" src=\"https:\/\/doukatech.fr\/wp-content\/uploads\/2024\/03\/les_machines.jpg\" alt=\"\" class=\"wp-image-484\" srcset=\"https:\/\/doukatech.fr\/wp-content\/uploads\/2024\/03\/les_machines.jpg 640w, https:\/\/doukatech.fr\/wp-content\/uploads\/2024\/03\/les_machines-300x169.jpg 300w\" sizes=\"auto, (max-width: 640px) 100vw, 640px\" \/><\/a><\/figure>\n<\/div>\n<\/div><\/div>\n\n\n\n<div class=\"wp-block-uagb-container uagb-block-8b2af753 alignfull uagb-is-root-container\"><div class=\"uagb-container-inner-blocks-wrap\">\n<div class=\"wp-block-uagb-container uagb-block-dfcb94c4\">\n<h2 class=\"wp-block-heading has-text-align-center has-luminous-vivid-amber-color has-text-color has-link-color has-medium-font-size wp-elements-3dbf3dc540c53c6acef145ab28b57874\">Faire un croquis<\/h2>\n\n\n\n<figure class=\"wp-block-image size-full\"><a href=\"https:\/\/doukatech.fr\/internet\/croquis\/croquis.html\" target=\"_blank\" rel=\" noreferrer noopener\"><img loading=\"lazy\" decoding=\"async\" width=\"640\" height=\"360\" src=\"https:\/\/doukatech.fr\/wp-content\/uploads\/2025\/05\/Croquis.jpg\" alt=\"\" class=\"wp-image-961\" srcset=\"https:\/\/doukatech.fr\/wp-content\/uploads\/2025\/05\/Croquis.jpg 640w, https:\/\/doukatech.fr\/wp-content\/uploads\/2025\/05\/Croquis-300x169.jpg 300w\" sizes=\"auto, (max-width: 640px) 100vw, 640px\" \/><\/a><\/figure>\n<\/div>\n\n\n\n<div class=\"wp-block-uagb-container uagb-block-41ecbccd\">\n<h2 class=\"wp-block-heading has-text-align-center has-luminous-vivid-amber-color has-text-color has-link-color has-medium-font-size wp-elements-10be334e55cd594892c2bcb981e16884\">Utiliser SketchUp 2017<\/h2>\n\n\n\n<figure class=\"wp-block-image size-full\"><a href=\"https:\/\/doukatech.fr\/internet\/sketchup\/sketchup.html\" target=\"_blank\" rel=\" noreferrer noopener\"><img loading=\"lazy\" decoding=\"async\" width=\"640\" height=\"360\" src=\"https:\/\/doukatech.fr\/wp-content\/uploads\/2024\/06\/Sketchup2.jpg\" alt=\"\" class=\"wp-image-715\" srcset=\"https:\/\/doukatech.fr\/wp-content\/uploads\/2024\/06\/Sketchup2.jpg 640w, https:\/\/doukatech.fr\/wp-content\/uploads\/2024\/06\/Sketchup2-300x169.jpg 300w\" sizes=\"auto, (max-width: 640px) 100vw, 640px\" \/><\/a><\/figure>\n<\/div>\n\n\n\n<div class=\"wp-block-uagb-container uagb-block-3700d182\">\n<h2 class=\"wp-block-heading has-text-align-center has-luminous-vivid-amber-color has-text-color has-link-color has-medium-font-size wp-elements-77f72a31a87058653a6fd56acf203e6b\">Outils de mesures<\/h2>\n\n\n\n<figure class=\"wp-block-image size-full\"><a href=\"https:\/\/doukatech.fr\/internet\/outils_mesures\/outils_mesures.html\" target=\"_blank\" rel=\" noreferrer noopener\"><img loading=\"lazy\" decoding=\"async\" width=\"640\" height=\"360\" src=\"https:\/\/doukatech.fr\/wp-content\/uploads\/2025\/06\/outils_mesures.jpg\" alt=\"\" class=\"wp-image-988\" srcset=\"https:\/\/doukatech.fr\/wp-content\/uploads\/2025\/06\/outils_mesures.jpg 640w, https:\/\/doukatech.fr\/wp-content\/uploads\/2025\/06\/outils_mesures-300x169.jpg 300w\" sizes=\"auto, (max-width: 640px) 100vw, 640px\" \/><\/a><\/figure>\n<\/div>\n<\/div><\/div>\n\n\n\n<h2 class=\"wp-block-heading has-pale-cyan-blue-color has-text-color has-link-color has-large-font-size wp-elements-f3fdb41ac712fefd789eb499e92aeee5\" style=\"padding-right:0;padding-left:0\">Synth\u00e8se de la probl\u00e9matique 4<\/h2>\n\n\n\n<div class=\"wp-block-group is-nowrap is-layout-flex wp-container-core-group-is-layout-6c531013 wp-block-group-is-layout-flex\">\n<div class=\"wp-block-uagb-container uagb-block-160f09d2\">\n<h2 class=\"wp-block-heading has-text-align-center has-white-color has-text-color has-link-color has-medium-font-size wp-elements-e8bddbd1397174e4d0fbd495e66d4323\">Feuille de synth\u00e8se<\/h2>\n\n\n\n<div class=\"wp-block-columns is-layout-flex wp-container-core-columns-is-layout-28f84493 wp-block-columns-is-layout-flex\">\n<div class=\"wp-block-column is-layout-flow wp-block-column-is-layout-flow\" style=\"flex-basis:100%\">\n<div data-wp-interactive=\"core\/file\" class=\"wp-block-file\"><object data-wp-bind--hidden=\"!state.hasPdfPreview\" hidden class=\"wp-block-file__embed\" data=\"https:\/\/doukatech.fr\/wp-content\/uploads\/2025\/05\/Bientot.pdf\" type=\"application\/pdf\" style=\"width:100%;height:200px\" aria-label=\"Contenu embarqu\u00e9 Bientot.\"><\/object><a id=\"wp-block-file--media-fbde8139-aebb-4101-9da2-f1c87295e728\" href=\"https:\/\/doukatech.fr\/wp-content\/uploads\/2025\/05\/Bientot.pdf\">Bientot<\/a><\/div>\n<\/div>\n<\/div>\n<\/div>\n\n\n\n<div class=\"wp-block-uagb-container uagb-block-69cfe1ef\"><\/div>\n\n\n\n<div class=\"wp-block-uagb-container uagb-block-a8f5ab87\"><\/div>\n<\/div>\n<\/div>\n<\/div><\/div>\n","protected":false},"excerpt":{"rendered":"<p>Pb4 &#8211; R\u00e9parer un OST S\u00e9ance 1 : R\u00e9parer c&rsquo;est utile Les \u00e9l\u00e8ves d\u00e9couvrent tous les avantages \u00e0 r\u00e9parer les objets au lieu de les jeter Feuille d&rsquo;activit\u00e9 Le monde de la r\u00e9paration S\u00e9ance 2 : R\u00e9parer une pi\u00e8ce \u00e9lectrique Les \u00e9l\u00e8ves Feuille d&rsquo;activit\u00e9 A Feuille d&rsquo;activit\u00e9 B Manuel du E-scooter Outils de mesures S\u00e9ance [&hellip;]<\/p>\n","protected":false},"author":1,"featured_media":0,"parent":759,"menu_order":3,"comment_status":"closed","ping_status":"closed","template":"","meta":{"_uag_custom_page_level_css":"","site-sidebar-layout":"default","site-content-layout":"","ast-site-content-layout":"","site-content-style":"default","site-sidebar-style":"default","ast-global-header-display":"","ast-banner-title-visibility":"","ast-main-header-display":"","ast-hfb-above-header-display":"","ast-hfb-below-header-display":"","ast-hfb-mobile-header-display":"","site-post-title":"","ast-breadcrumbs-content":"","ast-featured-img":"","footer-sml-layout":"","theme-transparent-header-meta":"","adv-header-id-meta":"","stick-header-meta":"","header-above-stick-meta":"","header-main-stick-meta":"","header-below-stick-meta":"","astra-migrate-meta-layouts":"default","ast-page-background-enabled":"default","ast-page-background-meta":{"desktop":{"background-color":"var(--ast-global-color-4)","background-image":"","background-repeat":"repeat","background-position":"center center","background-size":"auto","background-attachment":"scroll","background-type":"","background-media":"","overlay-type":"","overlay-color":"","overlay-opacity":"","overlay-gradient":""},"tablet":{"background-color":"","background-image":"","background-repeat":"repeat","background-position":"center center","background-size":"auto","background-attachment":"scroll","background-type":"","background-media":"","overlay-type":"","overlay-color":"","overlay-opacity":"","overlay-gradient":""},"mobile":{"background-color":"","background-image":"","background-repeat":"repeat","background-position":"center center","background-size":"auto","background-attachment":"scroll","background-type":"","background-media":"","overlay-type":"","overlay-color":"","overlay-opacity":"","overlay-gradient":""}},"ast-content-background-meta":{"desktop":{"background-color":"var(--ast-global-color-5)","background-image":"","background-repeat":"repeat","background-position":"center center","background-size":"auto","background-attachment":"scroll","background-type":"","background-media":"","overlay-type":"","overlay-color":"","overlay-opacity":"","overlay-gradient":""},"tablet":{"background-color":"var(--ast-global-color-5)","background-image":"","background-repeat":"repeat","background-position":"center center","background-size":"auto","background-attachment":"scroll","background-type":"","background-media":"","overlay-type":"","overlay-color":"","overlay-opacity":"","overlay-gradient":""},"mobile":{"background-color":"var(--ast-global-color-5)","background-image":"","background-repeat":"repeat","background-position":"center center","background-size":"auto","background-attachment":"scroll","background-type":"","background-media":"","overlay-type":"","overlay-color":"","overlay-opacity":"","overlay-gradient":""}},"footnotes":""},"class_list":["post-939","page","type-page","status-publish","hentry"],"uagb_featured_image_src":{"full":false,"thumbnail":false,"medium":false,"medium_large":false,"large":false,"1536x1536":false,"2048x2048":false},"uagb_author_info":{"display_name":"Drapeau","author_link":"https:\/\/doukatech.fr\/?author=1"},"uagb_comment_info":0,"uagb_excerpt":"Pb4 &#8211; R\u00e9parer un OST S\u00e9ance 1 : R\u00e9parer c&rsquo;est utile Les \u00e9l\u00e8ves d\u00e9couvrent tous les avantages \u00e0 r\u00e9parer les objets au lieu de les jeter Feuille d&rsquo;activit\u00e9 Le monde de la r\u00e9paration S\u00e9ance 2 : R\u00e9parer une pi\u00e8ce \u00e9lectrique Les \u00e9l\u00e8ves Feuille d&rsquo;activit\u00e9 A Feuille d&rsquo;activit\u00e9 B Manuel du E-scooter Outils de mesures S\u00e9ance\u2026","_links":{"self":[{"href":"https:\/\/doukatech.fr\/index.php?rest_route=\/wp\/v2\/pages\/939","targetHints":{"allow":["GET"]}}],"collection":[{"href":"https:\/\/doukatech.fr\/index.php?rest_route=\/wp\/v2\/pages"}],"about":[{"href":"https:\/\/doukatech.fr\/index.php?rest_route=\/wp\/v2\/types\/page"}],"author":[{"embeddable":true,"href":"https:\/\/doukatech.fr\/index.php?rest_route=\/wp\/v2\/users\/1"}],"replies":[{"embeddable":true,"href":"https:\/\/doukatech.fr\/index.php?rest_route=%2Fwp%2Fv2%2Fcomments&post=939"}],"version-history":[{"count":17,"href":"https:\/\/doukatech.fr\/index.php?rest_route=\/wp\/v2\/pages\/939\/revisions"}],"predecessor-version":[{"id":994,"href":"https:\/\/doukatech.fr\/index.php?rest_route=\/wp\/v2\/pages\/939\/revisions\/994"}],"up":[{"embeddable":true,"href":"https:\/\/doukatech.fr\/index.php?rest_route=\/wp\/v2\/pages\/759"}],"wp:attachment":[{"href":"https:\/\/doukatech.fr\/index.php?rest_route=%2Fwp%2Fv2%2Fmedia&parent=939"}],"curies":[{"name":"wp","href":"https:\/\/api.w.org\/{rel}","templated":true}]}}